{"id":9094,"date":"2025-05-20T18:16:34","date_gmt":"2025-05-20T16:16:34","guid":{"rendered":"https:\/\/damicoline.com\/product\/kit-frizione-3-pezzi-piaggio-porter-euro-6\/"},"modified":"2026-04-22T14:32:05","modified_gmt":"2026-04-22T12:32:05","slug":"kupplungssatz-3-teilig-piaggio-porter-euro-6-komplett-top","status":"publish","type":"product","link":"https:\/\/damicoline.com\/de\/produkt\/kupplungssatz-3-teilig-piaggio-porter-euro-6-komplett-top\/","title":{"rendered":"Kupplungssatz 3-teilig Piaggio Porter Euro 6 komplett top"},"content":{"rendered":"<p><strong>Kupplungssatz 3-teilig f\u00fcr Piaggio Porter Euro 6<\/strong><\/p>\n<p>Ersatzteil komplett f\u00fcr <strong>Piaggio Porter Euro 6<\/strong>, bestehend aus Kupplungsscheibe, Kupplungsdeckel und Ausr\u00fccklager. Entwickelt, um Langlebigkeit, Effizienz und perfekte Kompatibilit\u00e4t mit den Euro 6-Versionen zu gew\u00e4hrleisten.<\/p>\n<div class=\"text-sm text-gray-800 font-medium mb-2\"><div class=\"text-sm text-gray-800 font-medium mb-2\"><strong>Referenzcodes:<\/strong> 1A005148 \u2013 1A005149 \u2013 1A005162<\/div><\/div>\n<div class=\"oem-box mb-4\"><div class=\"oem-box mb-4\"><p class=\"text-sm text-gray-800 font-medium mb-2\">Typ: <strong>OEM (Foton)<\/strong><\/p><p class=\"text-sm text-gray-700 mb-1\">OEM-Niveau-Komponente von Foton, nach Originalspezifikation f\u00fcr korrekte Passform und Funktion.<\/p><p class=\"text-xs text-gray-500 mt-2\">Nicht von Piaggio gebrandet. Marken geh\u00f6ren den jeweiligen Inhabern.<\/p><\/div><\/div>\n<section class=\"compatibility-block mb-4\"><section class=\"compatibility-block mb-4\"><div class=\"product-extra-details hide-below-992\"><table class=\"woocommerce-product-attributes\"><tbody><tr><th colspan=\"2\"><span class=\"text-sm font-medium mb-2\">Kompatibel mit:<\/span><\/th><\/tr><tr><th>Fahrzeugmodell \u2013 Rahmenpr\u00e4fix:<\/th><td><a href=\"https:\/\/damicoline.com\/de\/shop\/?vx_brand=PIAGGIO&#038;vx_model=PORTER%20Maxxi%201.3%20LPG%20(2015-2020)&#038;vx_engine=DAM13R&#038;vx_years=2015-2020\">\ud83d\ude9a PIAGGIO PORTER Maxxi 1.3 LPG (2015-2020) DAM13R (2015-2020) - ZAPS90AG, ZAPS90DG, ZAPS90RG<\/a><\/td><\/tr><tr><th>Fahrzeugmodell \u2013 Rahmenpr\u00e4fix:<\/th><td><a href=\"https:\/\/damicoline.com\/de\/shop\/?vx_brand=PIAGGIO&#038;vx_model=PORTER%20Pianale%20piatto\/Telaio%201.3%20LPG%20(2015-2020)&#038;vx_engine=DAM13R&#038;vx_years=2015-2020\">\ud83d\ude9a PIAGGIO PORTER Pianale piatto\/Telaio 1.3 LPG (2015-2020) DAM13R (2015-2020) - ZAPS89CGW, ZAPS89PGW, ZAPS90VGW, ZAPS90TGW, ZAPS90PGW, ZAPS90CGW<\/a><\/td><\/tr><\/tbody><\/table><\/div><\/section><\/section>\n","protected":false},"excerpt":{"rendered":"<p>Kupplungssatz 3-teilig f\u00fcr Piaggio Porter Euro 6 Ersatzteil komplett f\u00fcr Piaggio Porter Euro 6, bestehend aus Kupplungsscheibe, Kupplungsdeckel und Ausr\u00fccklager. Entwickelt, um Langlebigkeit, Effizienz und perfekte Kompatibilit\u00e4t mit den Euro 6-Versionen zu gew\u00e4hrleisten.<\/p>\n","protected":false},"featured_media":8990,"template":"","meta":{"_sitemap_exclude":false,"_sitemap_priority":"","_sitemap_frequency":""},"product_brand":[2671],"product_cat":[563,418],"product_tag":[1090,1091,701],"class_list":{"0":"post-9094","1":"product","2":"type-product","3":"status-publish","4":"has-post-thumbnail","6":"product_brand-foton","7":"product_cat-kupplung","8":"product_cat-motorteile","9":"product_tag-1a005148","10":"product_tag-1a005149","11":"product_tag-1a005162","13":"first","14":"instock","15":"sale","16":"taxable","17":"shipping-taxable","18":"purchasable","19":"product-type-simple"},"_links":{"self":[{"href":"https:\/\/damicoline.com\/de\/wp-json\/wp\/v2\/product\/9094","targetHints":{"allow":["GET"]}}],"collection":[{"href":"https:\/\/damicoline.com\/de\/wp-json\/wp\/v2\/product"}],"about":[{"href":"https:\/\/damicoline.com\/de\/wp-json\/wp\/v2\/types\/product"}],"wp:featuredmedia":[{"embeddable":true,"href":"https:\/\/damicoline.com\/de\/wp-json\/wp\/v2\/media\/8990"}],"wp:attachment":[{"href":"https:\/\/damicoline.com\/de\/wp-json\/wp\/v2\/media?parent=9094"}],"wp:term":[{"taxonomy":"product_brand","embeddable":true,"href":"https:\/\/damicoline.com\/de\/wp-json\/wp\/v2\/product_brand?post=9094"},{"taxonomy":"product_cat","embeddable":true,"href":"https:\/\/damicoline.com\/de\/wp-json\/wp\/v2\/product_cat?post=9094"},{"taxonomy":"product_tag","embeddable":true,"href":"https:\/\/damicoline.com\/de\/wp-json\/wp\/v2\/product_tag?post=9094"}],"curies":[{"name":"wp","href":"https:\/\/api.w.org\/{rel}","templated":true}]}}