{"id":9229,"date":"2025-05-21T07:50:21","date_gmt":"2025-05-21T05:50:21","guid":{"rendered":"https:\/\/damicoline.com\/product\/depressore-freni-piaggio-quargo-porter-ldw\/"},"modified":"2025-05-23T17:24:24","modified_gmt":"2025-05-23T15:24:24","slug":"bremskraftverstarker-piaggio-quargo-und-porter-ldw-kompatibel","status":"publish","type":"product","link":"https:\/\/damicoline.com\/de\/produkt\/bremskraftverstarker-piaggio-quargo-und-porter-ldw-kompatibel\/","title":{"rendered":"Bremskraftverst\u00e4rker Piaggio Quargo und Porter LDW kompatibel"},"content":{"rendered":"<p><strong>Bremskraftverst\u00e4rker f\u00fcr Piaggio Quargo LDW-702\/P und Porter LDW-1404\/P<\/strong><\/p>\n<p>Ersatzteil perfekt kompatibel f\u00fcr Motoren <strong>Lombardini LDW-702\/P und LDW-1404\/P<\/strong>, installiert in <strong>Piaggio Quargo<\/strong> und <strong>Piaggio Porter Diesel<\/strong>. Diese <strong>Vakuumpumpe (Bremskraftverst\u00e4rker)<\/strong> wird komplett mit Basisdichtung geliefert und ist bereit f\u00fcr die Installation.<\/p>\n<p>Vor dem Austausch wird empfohlen, die <strong>Mitnahmeschraube an der Nockenwelle<\/strong> zu \u00fcberpr\u00fcfen, da diese bei einer Blockierung des alten Verst\u00e4rkers brechen kann.<\/p>\n<div class=\"text-sm text-gray-800 font-medium mb-2\"><div class=\"text-sm text-gray-800 font-medium mb-2\"><strong>Referenzcodes:<\/strong> 566510<\/div><\/div>\n<div class=\"oem-box mb-4\">\t\t\t\t<div class=\"oem-box mb-4\">\n\t\t\t\t\t<p class=\"text-sm text-gray-800 font-medium mb-2\">Typ: <strong>Aftermarket<\/strong><\/p>\n\t\t\t\t\t<p class=\"text-sm text-gray-700 mb-1\">Aftermarket-Komponente in Profiqualit\u00e4t, kompatibel mit den auf dieser Seite aufgef\u00fchrten Fahrzeugen.<\/p>\n\t\t\t\t\t<p class=\"text-xs text-gray-500 mt-2\">*Nicht von Piaggio hergestellt oder gebrandet. Marken geh\u00f6ren den jeweiligen Inhabern.<\/p>\n\t\t\t\t<\/div>\n\t\t\t<\/div>\n<section class=\"compatibility-block mb-4\"><section class=\"compatibility-block mb-4\"><div class=\"product-extra-details hide-below-992\"><table class=\"woocommerce-product-attributes\"><tbody><tr><th colspan=\"2\"><span class=\"text-sm font-medium mb-2\">Kompatibel mit:<\/span><\/th><\/tr><tr><th>Fahrzeugmodell \u2013 Rahmenpr\u00e4fix:<\/th><td><a href=\"https:\/\/damicoline.com\/de\/shop\/?vx_brand=PIAGGIO&#038;vx_model=PORTER%20Pianale%20piatto%201.4%20D%20(1998-2005)&#038;vx_engine=LDW1404\/P&#038;vx_years=1998-2005\">\ud83d\ude9a PIAGGIO PORTER Pianale piatto 1.4 D (1998-2005) LDW1404\/P (1998-2005) - ZAPS&#56;&#53;&#48;&#48;&#48;&#48;&#48;&#52;, ZAPS&#56;&#53;&#48;&#48;&#48;&#48;&#48;&#55;, ZAPS85V00004, ZAPS85V00007<\/a><\/td><\/tr><tr><th>Fahrzeugmodell \u2013 Rahmenpr\u00e4fix:<\/th><td><a href=\"https:\/\/damicoline.com\/de\/shop\/?vx_brand=PIAGGIO&#038;vx_model=QUARGO%20702%20Diesel%20(2004-2006)&#038;vx_engine=LDW702\/P&#038;vx_years=2004-2006\">\ud83d\ude9a PIAGGIO QUARGO 702 Diesel (2004-2006) LDW702\/P (2004-2006) - ZAPP10000<\/a><\/td><\/tr><tr><th>Fahrzeugmodell \u2013 Rahmenpr\u00e4fix:<\/th><td><a href=\"https:\/\/damicoline.com\/de\/shop\/?vx_brand=PIAGGIO&#038;vx_model=QUARGO%20702%20Diesel%20(2007-2017)&#038;vx_engine=LDW702\/P&#038;vx_years=2007-2017\">\ud83d\ude9a PIAGGIO QUARGO 702 Diesel (2007-2017) LDW702\/P (2007-2017) - ZAP4P10000<\/a><\/td><\/tr><\/tbody><\/table><\/div><\/section><\/section>\n","protected":false},"excerpt":{"rendered":"<p>Bremskraftverst\u00e4rker f\u00fcr Piaggio Quargo LDW-702\/P und Porter LDW-1404\/P Ersatzteil perfekt kompatibel f\u00fcr Motoren Lombardini LDW-702\/P und LDW-1404\/P, installiert in Piaggio Quargo und Piaggio Porter Diesel. Diese Vakuumpumpe (Bremskraftverst\u00e4rker) wird komplett mit Basisdichtung geliefert und ist bereit f\u00fcr die Installation. Vor dem Austausch wird empfohlen, die Mitnahmeschraube an der Nockenwelle zu \u00fcberpr\u00fcfen, da diese bei einer<\/p>\n<div class=\"klb-readmore button\"><a class=\"btn link\" href=\"https:\/\/damicoline.com\/de\/produkt\/bremskraftverstarker-piaggio-quargo-und-porter-ldw-kompatibel\/\">Read More <i class=\"klbth-icon-right-arrow\"><\/i><\/a><\/div>\n","protected":false},"featured_media":9023,"template":"","meta":{"_sitemap_exclude":false,"_sitemap_priority":"","_sitemap_frequency":""},"product_brand":[2670],"product_cat":[418,1110],"product_tag":[1111],"class_list":{"0":"post-9229","1":"product","2":"type-product","3":"status-publish","4":"has-post-thumbnail","6":"product_brand-aftermarket","7":"product_cat-motorteile","8":"product_cat-zylinderkopf","9":"product_tag-1111","11":"first","12":"instock","13":"sale","14":"taxable","15":"shipping-taxable","16":"purchasable","17":"product-type-simple"},"_links":{"self":[{"href":"https:\/\/damicoline.com\/de\/wp-json\/wp\/v2\/product\/9229","targetHints":{"allow":["GET"]}}],"collection":[{"href":"https:\/\/damicoline.com\/de\/wp-json\/wp\/v2\/product"}],"about":[{"href":"https:\/\/damicoline.com\/de\/wp-json\/wp\/v2\/types\/product"}],"wp:featuredmedia":[{"embeddable":true,"href":"https:\/\/damicoline.com\/de\/wp-json\/wp\/v2\/media\/9023"}],"wp:attachment":[{"href":"https:\/\/damicoline.com\/de\/wp-json\/wp\/v2\/media?parent=9229"}],"wp:term":[{"taxonomy":"product_brand","embeddable":true,"href":"https:\/\/damicoline.com\/de\/wp-json\/wp\/v2\/product_brand?post=9229"},{"taxonomy":"product_cat","embeddable":true,"href":"https:\/\/damicoline.com\/de\/wp-json\/wp\/v2\/product_cat?post=9229"},{"taxonomy":"product_tag","embeddable":true,"href":"https:\/\/damicoline.com\/de\/wp-json\/wp\/v2\/product_tag?post=9229"}],"curies":[{"name":"wp","href":"https:\/\/api.w.org\/{rel}","templated":true}]}}