{"id":9234,"date":"2025-05-21T09:42:00","date_gmt":"2025-05-21T07:42:00","guid":{"rendered":"https:\/\/damicoline.com\/product\/guarnizione-testata-piaggio-porter-euro-6-dam13r\/"},"modified":"2026-03-11T10:42:22","modified_gmt":"2026-03-11T09:42:22","slug":"zylinderkopfdichtung-piaggio-porter-euro-6-dam13r-prazise","status":"publish","type":"product","link":"https:\/\/damicoline.com\/de\/produkt\/zylinderkopfdichtung-piaggio-porter-euro-6-dam13r-prazise\/","title":{"rendered":"Zylinderkopfdichtung Piaggio Porter Euro 6 DAM13R pr\u00e4zise"},"content":{"rendered":"<p><strong>Zylinderkopfdichtung f\u00fcr Piaggio Porter Euro 6 DAM13R<\/strong><\/p>\n<p>Ersatzteil entwickelt f\u00fcr die Modelle <strong>Piaggio Porter Multitech Euro 6<\/strong> mit Motorkennzeichnung <strong>DAM13R<\/strong>. Gew\u00e4hrleistet eine hervorragende Abdichtung zwischen Motorblock und Zylinderkopf und sichert Langlebigkeit sowie perfekte Kompatibilit\u00e4t mit den OEM-Spezifikationen.<\/p>\n<div class=\"text-sm text-gray-800 font-medium mb-2\"><div class=\"text-sm text-gray-800 font-medium mb-2\"><strong>Referenzcodes:<\/strong> 1A005488<\/div><\/div>\n<div class=\"oem-box mb-4\">\t\t\t\t<div class=\"oem-box mb-4\">\n\t\t\t\t\t<p class=\"text-sm text-gray-800 font-medium mb-2\">Typ: <strong>Aftermarket<\/strong><\/p>\n\t\t\t\t\t<p class=\"text-sm text-gray-700 mb-1\">Aftermarket-Komponente in Profiqualit\u00e4t, kompatibel mit den auf dieser Seite aufgef\u00fchrten Fahrzeugen.<\/p>\n\t\t\t\t\t<p class=\"text-xs text-gray-500 mt-2\">*Nicht von Piaggio hergestellt oder gebrandet. Marken geh\u00f6ren den jeweiligen Inhabern.<\/p>\n\t\t\t\t<\/div>\n\t\t\t<\/div>\n<section class=\"compatibility-block mb-4\"><section class=\"compatibility-block mb-4\"><div class=\"product-extra-details hide-below-992\"><table class=\"woocommerce-product-attributes\"><tbody><tr><th colspan=\"2\"><span class=\"text-sm font-medium mb-2\">Kompatibel mit:<\/span><\/th><\/tr><tr><th>Fahrzeugmodell \u2013 Rahmenpr\u00e4fix:<\/th><td><a href=\"https:\/\/damicoline.com\/de\/shop\/?vx_brand=PIAGGIO&#038;vx_model=PORTER%20Pianale%20piatto\/Telaio%201.3%20LPG%20(2015-2020)&#038;vx_engine=DAM13R&#038;vx_years=2015-2020\">\ud83d\ude9a PIAGGIO PORTER Pianale piatto\/Telaio 1.3 LPG (2015-2020) DAM13R (2015-2020) - ZAPS89CGW, ZAPS89PGW, ZAPS90VGW, ZAPS90TGW, ZAPS90PGW, ZAPS90CGW<\/a><\/td><\/tr><\/tbody><\/table><\/div><\/section><\/section>\n","protected":false},"excerpt":{"rendered":"<p>Zylinderkopfdichtung f\u00fcr Piaggio Porter Euro 6 DAM13R Ersatzteil entwickelt f\u00fcr die Modelle Piaggio Porter Multitech Euro 6 mit Motorkennzeichnung DAM13R. Gew\u00e4hrleistet eine hervorragende Abdichtung zwischen Motorblock und Zylinderkopf und sichert Langlebigkeit sowie perfekte Kompatibilit\u00e4t mit den OEM-Spezifikationen.<\/p>\n","protected":false},"featured_media":9043,"template":"","meta":{"_sitemap_exclude":false,"_sitemap_priority":"","_sitemap_frequency":""},"product_brand":[2670],"product_cat":[1125,418],"product_tag":[1126],"class_list":{"0":"post-9234","1":"product","2":"type-product","3":"status-publish","4":"has-post-thumbnail","6":"product_brand-aftermarket","7":"product_cat-motordichtungen","8":"product_cat-motorteile","9":"product_tag-1a005488","11":"first","12":"instock","13":"sale","14":"taxable","15":"shipping-taxable","16":"purchasable","17":"product-type-simple"},"_links":{"self":[{"href":"https:\/\/damicoline.com\/de\/wp-json\/wp\/v2\/product\/9234","targetHints":{"allow":["GET"]}}],"collection":[{"href":"https:\/\/damicoline.com\/de\/wp-json\/wp\/v2\/product"}],"about":[{"href":"https:\/\/damicoline.com\/de\/wp-json\/wp\/v2\/types\/product"}],"wp:featuredmedia":[{"embeddable":true,"href":"https:\/\/damicoline.com\/de\/wp-json\/wp\/v2\/media\/9043"}],"wp:attachment":[{"href":"https:\/\/damicoline.com\/de\/wp-json\/wp\/v2\/media?parent=9234"}],"wp:term":[{"taxonomy":"product_brand","embeddable":true,"href":"https:\/\/damicoline.com\/de\/wp-json\/wp\/v2\/product_brand?post=9234"},{"taxonomy":"product_cat","embeddable":true,"href":"https:\/\/damicoline.com\/de\/wp-json\/wp\/v2\/product_cat?post=9234"},{"taxonomy":"product_tag","embeddable":true,"href":"https:\/\/damicoline.com\/de\/wp-json\/wp\/v2\/product_tag?post=9234"}],"curies":[{"name":"wp","href":"https:\/\/api.w.org\/{rel}","templated":true}]}}