{"id":9239,"date":"2025-05-21T13:53:42","date_gmt":"2025-05-21T11:53:42","guid":{"rendered":"https:\/\/damicoline.com\/product\/guarnizione-testata-piaggio-porter-euro-4-5\/"},"modified":"2026-01-08T17:10:48","modified_gmt":"2026-01-08T16:10:48","slug":"zylinderkopfdichtung-fur-piaggio-porter-multitech-euro-4-und-5","status":"publish","type":"product","link":"https:\/\/damicoline.com\/de\/produkt\/zylinderkopfdichtung-fur-piaggio-porter-multitech-euro-4-und-5\/","title":{"rendered":"Zylinderkopfdichtung f\u00fcr Piaggio Porter Multitech Euro 4 und 5"},"content":{"rendered":"<p><strong>Zylinderkopfdichtung f\u00fcr Piaggio Porter Multitech Euro 4 und 5<\/strong><\/p>\n<p>Zylinderkopf<strong>dichtung<\/strong> kompatibel mit <strong>Piaggio Porter Multitech Euro 4 und Euro 5<\/strong>. Gew\u00e4hrleistet die korrekte Abdichtung zwischen Zylinderkopf und Motorblock, um Kompressions-, \u00d6l- und K\u00fchlmittelverluste zu vermeiden. Qualit\u00e4tsersatzteil, das f\u00fcr Zuverl\u00e4ssigkeit und Langlebigkeit entwickelt wurde.<\/p>\n<div class=\"text-sm text-gray-800 font-medium mb-2\"><div class=\"text-sm text-gray-800 font-medium mb-2\"><strong>Referenzcodes:<\/strong> B010599<\/div><\/div>\n<div class=\"oem-box mb-4\">\t\t\t\t<div class=\"oem-box mb-4\">\n\t\t\t\t\t<p class=\"text-sm text-gray-800 font-medium mb-2\">Typ: <strong>Aftermarket<\/strong><\/p>\n\t\t\t\t\t<p class=\"text-sm text-gray-700 mb-1\">Aftermarket-Komponente in Profiqualit\u00e4t, kompatibel mit den auf dieser Seite aufgef\u00fchrten Fahrzeugen.<\/p>\n\t\t\t\t\t<p class=\"text-xs text-gray-500 mt-2\">*Nicht von Piaggio hergestellt oder gebrandet. Marken geh\u00f6ren den jeweiligen Inhabern.<\/p>\n\t\t\t\t<\/div>\n\t\t\t<\/div>\n<section class=\"compatibility-block mb-4\"><section class=\"compatibility-block mb-4\"><div class=\"product-extra-details hide-below-992\"><table class=\"woocommerce-product-attributes\"><tbody><tr><th colspan=\"2\"><span class=\"text-sm font-medium mb-2\">Kompatibel mit:<\/span><\/th><\/tr><tr><th>Fahrzeugmodell \u2013 Rahmenpr\u00e4fix:<\/th><td><a href=\"https:\/\/damicoline.com\/de\/shop\/?vx_brand=PIAGGIO&#038;vx_model=PORTER%20Maxxi%201.3%20(2010-2015)&#038;vx_engine=DA471QLR&#038;vx_years=2010-2015\">\ud83d\ude9a PIAGGIO PORTER Maxxi 1.3 (2010-2015) DA471QLR (2010-2015) - ZAPS90DJ, ZAPS90AJ, ZAPS90RJ<\/a><\/td><\/tr><tr><th>Fahrzeugmodell \u2013 Rahmenpr\u00e4fix:<\/th><td><a href=\"https:\/\/damicoline.com\/de\/shop\/?vx_brand=PIAGGIO&#038;vx_model=PORTER%20Pianale%20piatto\/Telaio%201.3%20(2010-2015)&#038;vx_engine=DA471QLR&#038;vx_years=2010-2015\">\ud83d\ude9a PIAGGIO PORTER Pianale piatto\/Telaio 1.3 (2010-2015) DA471QLR (2010-2015) - ZAPS90CJ, ZAPS90PJ, ZAPS90TJ, ZAPS90VJ<\/a><\/td><\/tr><\/tbody><\/table><\/div><\/section><\/section>\n","protected":false},"excerpt":{"rendered":"<p>Zylinderkopfdichtung f\u00fcr Piaggio Porter Multitech Euro 4 und 5 Zylinderkopfdichtung kompatibel mit Piaggio Porter Multitech Euro 4 und Euro 5. Gew\u00e4hrleistet die korrekte Abdichtung zwischen Zylinderkopf und Motorblock, um Kompressions-, \u00d6l- und K\u00fchlmittelverluste zu vermeiden. Qualit\u00e4tsersatzteil, das f\u00fcr Zuverl\u00e4ssigkeit und Langlebigkeit entwickelt wurde.<\/p>\n","protected":false},"featured_media":9051,"template":"","meta":{"_sitemap_exclude":false,"_sitemap_priority":"","_sitemap_frequency":""},"product_brand":[2670],"product_cat":[1125,418],"product_tag":[1138],"class_list":{"0":"post-9239","1":"product","2":"type-product","3":"status-publish","4":"has-post-thumbnail","6":"product_brand-aftermarket","7":"product_cat-motordichtungen","8":"product_cat-motorteile","9":"product_tag-b010599","11":"first","12":"instock","13":"sale","14":"taxable","15":"shipping-taxable","16":"purchasable","17":"product-type-simple"},"_links":{"self":[{"href":"https:\/\/damicoline.com\/de\/wp-json\/wp\/v2\/product\/9239","targetHints":{"allow":["GET"]}}],"collection":[{"href":"https:\/\/damicoline.com\/de\/wp-json\/wp\/v2\/product"}],"about":[{"href":"https:\/\/damicoline.com\/de\/wp-json\/wp\/v2\/types\/product"}],"wp:featuredmedia":[{"embeddable":true,"href":"https:\/\/damicoline.com\/de\/wp-json\/wp\/v2\/media\/9051"}],"wp:attachment":[{"href":"https:\/\/damicoline.com\/de\/wp-json\/wp\/v2\/media?parent=9239"}],"wp:term":[{"taxonomy":"product_brand","embeddable":true,"href":"https:\/\/damicoline.com\/de\/wp-json\/wp\/v2\/product_brand?post=9239"},{"taxonomy":"product_cat","embeddable":true,"href":"https:\/\/damicoline.com\/de\/wp-json\/wp\/v2\/product_cat?post=9239"},{"taxonomy":"product_tag","embeddable":true,"href":"https:\/\/damicoline.com\/de\/wp-json\/wp\/v2\/product_tag?post=9239"}],"curies":[{"name":"wp","href":"https:\/\/api.w.org\/{rel}","templated":true}]}}