{"id":9249,"date":"2025-05-21T14:22:14","date_gmt":"2025-05-21T12:22:14","guid":{"rendered":"https:\/\/damicoline.com\/product\/ammortizzatore-anteriore-sinistro-piaggio-porter-np6\/"},"modified":"2026-04-22T14:32:48","modified_gmt":"2026-04-22T12:32:48","slug":"linker-stosdampfer-piaggio-porter-np6-vorne-oben","status":"publish","type":"product","link":"https:\/\/damicoline.com\/de\/produkt\/linker-stosdampfer-piaggio-porter-np6-vorne-oben\/","title":{"rendered":"Linker Sto\u00dfd\u00e4mpfer Piaggio Porter NP6 vorne oben"},"content":{"rendered":"<p><strong>Vorderer linker Sto\u00dfd\u00e4mpfer f\u00fcr Piaggio Porter NP6<\/strong><\/p>\n<p>Ersatzteil f\u00fcr die <strong>linke Vorderseite<\/strong> des Piaggio Porter NP6, aus der Sicht des Fahrersitzes. Dieser Sto\u00dfd\u00e4mpfer sorgt f\u00fcr hervorragende Stra\u00dfenlage, absorbiert Unebenheiten effektiv und h\u00e4lt die richtige Fahrzeugausrichtung.<\/p>\n<div class=\"text-sm text-gray-800 font-medium mb-2\"><div class=\"text-sm text-gray-800 font-medium mb-2\"><strong>Referenzcodes:<\/strong> WET&#50;&#57;&#50;&#48;&#54;&#50;&#49;&#48;&#48;A0<\/div><\/div>\n<div class=\"oem-box mb-4\"><div class=\"oem-box mb-4\"><p class=\"text-sm text-gray-800 font-medium mb-2\">Typ: <strong>OEM (Foton)<\/strong><\/p><p class=\"text-sm text-gray-700 mb-1\">OEM-Niveau-Komponente von Foton, nach Originalspezifikation f\u00fcr korrekte Passform und Funktion.<\/p><p class=\"text-xs text-gray-500 mt-2\">Nicht von Piaggio gebrandet. Marken geh\u00f6ren den jeweiligen Inhabern.<\/p><\/div><\/div>\n<section class=\"compatibility-block mb-4\"><section class=\"compatibility-block mb-4\"><div class=\"product-extra-details hide-below-992\"><table class=\"woocommerce-product-attributes\"><tbody><tr><th colspan=\"2\"><span class=\"text-sm font-medium mb-2\">Kompatibel mit:<\/span><\/th><\/tr><tr><th>Fahrzeugmodell \u2013 Rahmenpr\u00e4fix:<\/th><td><a href=\"https:\/\/damicoline.com\/de\/shop\/?vx_brand=PIAGGIO&#038;vx_model=PORTER%20NP6%20MAXXI%20TW3000%201.5%20CNG%20(2021-)&#038;vx_engine=M15KRP&#038;vx_years=2021-\">\ud83d\ude9a PIAGGIO PORTER NP6 MAXXI TW3000 1.5 CNG (2021-) M15KRP (2021-) - ZAPNP6C1C0P, ZAPNP6B1C0P<\/a><\/td><\/tr><tr><th>Fahrzeugmodell \u2013 Rahmenpr\u00e4fix:<\/th><td><a href=\"https:\/\/damicoline.com\/de\/shop\/?vx_brand=PIAGGIO&#038;vx_model=PORTER%20NP6%20MAXXI%20TW3250%201.5%20CNG%20(2021-)&#038;vx_engine=M15KRP&#038;vx_years=2021-\">\ud83d\ude9a PIAGGIO PORTER NP6 MAXXI TW3250 1.5 CNG (2021-) M15KRP (2021-) - ZAPNP6C1D0P, ZAPNP6B1D0P<\/a><\/td><\/tr><tr><th>Fahrzeugmodell \u2013 Rahmenpr\u00e4fix:<\/th><td><a href=\"https:\/\/damicoline.com\/de\/shop\/?vx_brand=PIAGGIO&#038;vx_model=PORTER%20NP6%20STANDARD%20SW2650%201.5%20CNG%20(2021-)&#038;vx_engine=M15KRP&#038;vx_years=2021-\">\ud83d\ude9a PIAGGIO PORTER NP6 STANDARD SW2650 1.5 CNG (2021-) M15KRP (2021-) - ZAPNP6C1A0P, ZAPNP6B1A0P<\/a><\/td><\/tr><tr><th>Fahrzeugmodell \u2013 Rahmenpr\u00e4fix:<\/th><td><a href=\"https:\/\/damicoline.com\/de\/shop\/?vx_brand=PIAGGIO&#038;vx_model=PORTER%20NP6%20STANDARD%20SW3070%201.5%20CNG%20(2021-)&#038;vx_engine=M15KRP&#038;vx_years=2021-\">\ud83d\ude9a PIAGGIO PORTER NP6 STANDARD SW3070 1.5 CNG (2021-) M15KRP (2021-) - ZAPNP6C1B0P, ZAPNP6B1B0P<\/a><\/td><\/tr><\/tbody><\/table><\/div><\/section><\/section>\n","protected":false},"excerpt":{"rendered":"<p>Vorderer linker Sto\u00dfd\u00e4mpfer f\u00fcr Piaggio Porter NP6 Ersatzteil f\u00fcr die linke Vorderseite des Piaggio Porter NP6, aus der Sicht des Fahrersitzes. Dieser Sto\u00dfd\u00e4mpfer sorgt f\u00fcr hervorragende Stra\u00dfenlage, absorbiert Unebenheiten effektiv und h\u00e4lt die richtige Fahrzeugausrichtung.<\/p>\n","protected":false},"featured_media":9073,"template":"","meta":{"_sitemap_exclude":false,"_sitemap_priority":"","_sitemap_frequency":""},"product_brand":[2671],"product_cat":[433,443],"product_tag":[1148],"class_list":{"0":"post-9249","1":"product","2":"type-product","3":"status-publish","4":"has-post-thumbnail","6":"product_brand-foton","7":"product_cat-lenkungsteile","8":"product_cat-vordere-stosdampfer","9":"product_tag-wet292062100a0","11":"first","12":"instock","13":"sale","14":"taxable","15":"shipping-taxable","16":"purchasable","17":"product-type-simple"},"_links":{"self":[{"href":"https:\/\/damicoline.com\/de\/wp-json\/wp\/v2\/product\/9249","targetHints":{"allow":["GET"]}}],"collection":[{"href":"https:\/\/damicoline.com\/de\/wp-json\/wp\/v2\/product"}],"about":[{"href":"https:\/\/damicoline.com\/de\/wp-json\/wp\/v2\/types\/product"}],"wp:featuredmedia":[{"embeddable":true,"href":"https:\/\/damicoline.com\/de\/wp-json\/wp\/v2\/media\/9073"}],"wp:attachment":[{"href":"https:\/\/damicoline.com\/de\/wp-json\/wp\/v2\/media?parent=9249"}],"wp:term":[{"taxonomy":"product_brand","embeddable":true,"href":"https:\/\/damicoline.com\/de\/wp-json\/wp\/v2\/product_brand?post=9249"},{"taxonomy":"product_cat","embeddable":true,"href":"https:\/\/damicoline.com\/de\/wp-json\/wp\/v2\/product_cat?post=9249"},{"taxonomy":"product_tag","embeddable":true,"href":"https:\/\/damicoline.com\/de\/wp-json\/wp\/v2\/product_tag?post=9249"}],"curies":[{"name":"wp","href":"https:\/\/api.w.org\/{rel}","templated":true}]}}