{"id":9299,"date":"2025-05-22T16:03:06","date_gmt":"2025-05-22T14:03:06","guid":{"rendered":"https:\/\/damicoline.com\/product\/ammortizzatore-anteriore-sinistro-piaggio-quargo\/"},"modified":"2026-04-22T14:33:34","modified_gmt":"2026-04-22T12:33:34","slug":"linker-vorderer-stosdampfer-piaggio-quargo-widerstandsfahig","status":"publish","type":"product","link":"https:\/\/damicoline.com\/de\/produkt\/linker-vorderer-stosdampfer-piaggio-quargo-widerstandsfahig\/","title":{"rendered":"Linker vorderer Sto\u00dfd\u00e4mpfer Piaggio Quargo widerstandsf\u00e4hig"},"content":{"rendered":"<p><strong>Linker vorderer Sto\u00dfd\u00e4mpfer f\u00fcr Piaggio Quargo<\/strong><\/p>\n<p>Ersatzteil f\u00fcr die <strong>linke vordere Aufh\u00e4ngung<\/strong> des Piaggio Quargo. Ideal, um die korrekte D\u00e4mpfung und Stabilit\u00e4t des Fahrzeugs wiederherzustellen. Die linke Seite entspricht immer der Fahrerseite, wenn man am Steuer sitzt.<\/p>\n<div class=\"text-sm text-gray-800 font-medium mb-2\"><div class=\"text-sm text-gray-800 font-medium mb-2\"><strong>Referenzcodes:<\/strong> 56573R<\/div><\/div>\n<div class=\"oem-box mb-4\"><div class=\"oem-box mb-4\"><p class=\"text-sm text-gray-800 font-medium mb-2\">Typ: <strong>Aftermarket<\/strong><\/p><p class=\"text-sm text-gray-700 mb-1\">Aftermarket-Komponente in Profiqualit\u00e4t, kompatibel mit den auf dieser Seite aufgef\u00fchrten Fahrzeugen.<\/p><p class=\"text-xs text-gray-500 mt-2\">Nicht von Piaggio hergestellt oder gebrandet. Marken geh\u00f6ren den jeweiligen Inhabern.<\/p><\/div><\/div>\n<section class=\"compatibility-block mb-4\"><section class=\"compatibility-block mb-4\"><div class=\"product-extra-details hide-below-992\"><table class=\"woocommerce-product-attributes\"><tbody><tr><th colspan=\"2\"><span class=\"text-sm font-medium mb-2\">Kompatibel mit:<\/span><\/th><\/tr><tr><th>Fahrzeugmodell \u2013 Rahmenpr\u00e4fix:<\/th><td><a href=\"https:\/\/damicoline.com\/de\/shop\/?vx_brand=PIAGGIO&#038;vx_model=QUARGO%20702%20Diesel%20(2004-2006)&#038;vx_engine=LDW702\/P&#038;vx_years=2004-2006\">\ud83d\ude9a PIAGGIO QUARGO 702 Diesel (2004-2006) LDW702\/P (2004-2006) - ZAPP10000<\/a><\/td><\/tr><tr><th>Fahrzeugmodell \u2013 Rahmenpr\u00e4fix:<\/th><td><a href=\"https:\/\/damicoline.com\/de\/shop\/?vx_brand=PIAGGIO&#038;vx_model=QUARGO%20702%20Diesel%20(2007-2017)&#038;vx_engine=LDW702\/P&#038;vx_years=2007-2017\">\ud83d\ude9a PIAGGIO QUARGO 702 Diesel (2007-2017) LDW702\/P (2007-2017) - ZAP4P10000<\/a><\/td><\/tr><\/tbody><\/table><\/div><\/section><\/section>\n","protected":false},"excerpt":{"rendered":"<p>Linker vorderer Sto\u00dfd\u00e4mpfer f\u00fcr Piaggio Quargo Ersatzteil f\u00fcr die linke vordere Aufh\u00e4ngung des Piaggio Quargo. Ideal, um die korrekte D\u00e4mpfung und Stabilit\u00e4t des Fahrzeugs wiederherzustellen. Die linke Seite entspricht immer der Fahrerseite, wenn man am Steuer sitzt.<\/p>\n","protected":false},"featured_media":9155,"template":"","meta":{"_sitemap_exclude":false,"_sitemap_priority":"","_sitemap_frequency":""},"product_brand":[2670],"product_cat":[433,443],"product_tag":[1203],"class_list":{"0":"post-9299","1":"product","2":"type-product","3":"status-publish","4":"has-post-thumbnail","6":"product_brand-aftermarket","7":"product_cat-lenkungsteile","8":"product_cat-vordere-stosdampfer","9":"product_tag-56573r","11":"first","12":"outofstock","13":"sale","14":"taxable","15":"shipping-taxable","16":"purchasable","17":"product-type-simple"},"_links":{"self":[{"href":"https:\/\/damicoline.com\/de\/wp-json\/wp\/v2\/product\/9299","targetHints":{"allow":["GET"]}}],"collection":[{"href":"https:\/\/damicoline.com\/de\/wp-json\/wp\/v2\/product"}],"about":[{"href":"https:\/\/damicoline.com\/de\/wp-json\/wp\/v2\/types\/product"}],"wp:featuredmedia":[{"embeddable":true,"href":"https:\/\/damicoline.com\/de\/wp-json\/wp\/v2\/media\/9155"}],"wp:attachment":[{"href":"https:\/\/damicoline.com\/de\/wp-json\/wp\/v2\/media?parent=9299"}],"wp:term":[{"taxonomy":"product_brand","embeddable":true,"href":"https:\/\/damicoline.com\/de\/wp-json\/wp\/v2\/product_brand?post=9299"},{"taxonomy":"product_cat","embeddable":true,"href":"https:\/\/damicoline.com\/de\/wp-json\/wp\/v2\/product_cat?post=9299"},{"taxonomy":"product_tag","embeddable":true,"href":"https:\/\/damicoline.com\/de\/wp-json\/wp\/v2\/product_tag?post=9299"}],"curies":[{"name":"wp","href":"https:\/\/api.w.org\/{rel}","templated":true}]}}