{"id":9550,"date":"2025-05-28T13:54:25","date_gmt":"2025-05-28T11:54:25","guid":{"rendered":"https:\/\/damicoline.com\/product\/radiatore-raffreddamento-motore-piaggio-quargo-ldw-702p\/"},"modified":"2026-04-22T14:33:57","modified_gmt":"2026-04-22T12:33:57","slug":"motorkuhler-piaggio-quargo-ldw-702-p-kompatibel-top","status":"publish","type":"product","link":"https:\/\/damicoline.com\/de\/produkt\/motorkuhler-piaggio-quargo-ldw-702-p-kompatibel-top\/","title":{"rendered":"Motork\u00fchler Piaggio Quargo LDW-702\/P kompatibel top"},"content":{"rendered":"<p><strong>Motork\u00fchler f\u00fcr Piaggio Quargo LDW-702\/P<\/strong><\/p>\n<p>Ersatzteil entwickelt f\u00fcr das <strong>K\u00fchlsystem<\/strong> der Modelle <strong>Piaggio Quargo mit Motor LDW-702\/P<\/strong>. Gew\u00e4hrleistet eine effiziente W\u00e4rmeableitung und eine lange Lebensdauer dank robuster Bauweise und Kompatibilit\u00e4t mit dem Originalsystem.<\/p>\n<div class=\"text-sm text-gray-800 font-medium mb-2\"><div class=\"text-sm text-gray-800 font-medium mb-2\"><strong>Referenzcodes:<\/strong> 644505<\/div><\/div>\n<div class=\"oem-box mb-4\"><div class=\"oem-box mb-4\"><p class=\"text-sm text-gray-800 font-medium mb-2\">Typ: <strong>Aftermarket<\/strong><\/p><p class=\"text-sm text-gray-700 mb-1\">Aftermarket-Komponente in Profiqualit\u00e4t, kompatibel mit den auf dieser Seite aufgef\u00fchrten Fahrzeugen.<\/p><p class=\"text-xs text-gray-500 mt-2\">Nicht von Piaggio hergestellt oder gebrandet. Marken geh\u00f6ren den jeweiligen Inhabern.<\/p><\/div><\/div>\n<section class=\"compatibility-block mb-4\"><section class=\"compatibility-block mb-4\"><div class=\"product-extra-details hide-below-992\"><table class=\"woocommerce-product-attributes\"><tbody><tr><th colspan=\"2\"><span class=\"text-sm font-medium mb-2\">Kompatibel mit:<\/span><\/th><\/tr><tr><th>Fahrzeugmodell \u2013 Rahmenpr\u00e4fix:<\/th><td><a href=\"https:\/\/damicoline.com\/de\/shop\/?vx_brand=PIAGGIO&#038;vx_model=QUARGO%20702%20Diesel%20(2004-2006)&#038;vx_engine=LDW702\/P&#038;vx_years=2004-2006\">\ud83d\ude9a PIAGGIO QUARGO 702 Diesel (2004-2006) LDW702\/P (2004-2006) - ZAPP10000<\/a><\/td><\/tr><tr><th>Fahrzeugmodell \u2013 Rahmenpr\u00e4fix:<\/th><td><a href=\"https:\/\/damicoline.com\/de\/shop\/?vx_brand=PIAGGIO&#038;vx_model=QUARGO%20702%20Diesel%20(2007-2017)&#038;vx_engine=LDW702\/P&#038;vx_years=2007-2017\">\ud83d\ude9a PIAGGIO QUARGO 702 Diesel (2007-2017) LDW702\/P (2007-2017) - ZAP4P10000<\/a><\/td><\/tr><\/tbody><\/table><\/div><\/section><\/section>\n","protected":false},"excerpt":{"rendered":"<p>Motork\u00fchler f\u00fcr Piaggio Quargo LDW-702\/P Ersatzteil entwickelt f\u00fcr das K\u00fchlsystem der Modelle Piaggio Quargo mit Motor LDW-702\/P. Gew\u00e4hrleistet eine effiziente W\u00e4rmeableitung und eine lange Lebensdauer dank robuster Bauweise und Kompatibilit\u00e4t mit dem Originalsystem.<\/p>\n","protected":false},"featured_media":9424,"template":"","meta":{"_sitemap_exclude":false,"_sitemap_priority":"","_sitemap_frequency":""},"product_brand":[2670],"product_cat":[1260,403],"product_tag":[1271],"class_list":{"0":"post-9550","1":"product","2":"type-product","3":"status-publish","4":"has-post-thumbnail","6":"product_brand-aftermarket","7":"product_cat-kuehler","8":"product_cat-kuhlsystem","9":"product_tag-1271","11":"first","12":"instock","13":"sale","14":"taxable","15":"shipping-taxable","16":"purchasable","17":"product-type-simple"},"_links":{"self":[{"href":"https:\/\/damicoline.com\/de\/wp-json\/wp\/v2\/product\/9550","targetHints":{"allow":["GET"]}}],"collection":[{"href":"https:\/\/damicoline.com\/de\/wp-json\/wp\/v2\/product"}],"about":[{"href":"https:\/\/damicoline.com\/de\/wp-json\/wp\/v2\/types\/product"}],"wp:featuredmedia":[{"embeddable":true,"href":"https:\/\/damicoline.com\/de\/wp-json\/wp\/v2\/media\/9424"}],"wp:attachment":[{"href":"https:\/\/damicoline.com\/de\/wp-json\/wp\/v2\/media?parent=9550"}],"wp:term":[{"taxonomy":"product_brand","embeddable":true,"href":"https:\/\/damicoline.com\/de\/wp-json\/wp\/v2\/product_brand?post=9550"},{"taxonomy":"product_cat","embeddable":true,"href":"https:\/\/damicoline.com\/de\/wp-json\/wp\/v2\/product_cat?post=9550"},{"taxonomy":"product_tag","embeddable":true,"href":"https:\/\/damicoline.com\/de\/wp-json\/wp\/v2\/product_tag?post=9550"}],"curies":[{"name":"wp","href":"https:\/\/api.w.org\/{rel}","templated":true}]}}