{"id":9560,"date":"2025-05-28T13:58:50","date_gmt":"2025-05-28T11:58:50","guid":{"rendered":"https:\/\/damicoline.com\/product\/kit-distribuzione-completo-quargo-porter-ldw702-ldw1404\/"},"modified":"2026-05-13T12:22:18","modified_gmt":"2026-05-13T10:22:18","slug":"kompletter-zahnriemensatz-fur-piaggio-quargo-und-porter-diesel-ldw","status":"publish","type":"product","link":"https:\/\/damicoline.com\/de\/produkt\/kompletter-zahnriemensatz-fur-piaggio-quargo-und-porter-diesel-ldw\/","title":{"rendered":"Kompletter Zahnriemensatz f\u00fcr Piaggio Quargo und Porter Diesel LDW"},"content":{"rendered":"<p><strong>Kompletter Zahnriemensatz f\u00fcr Piaggio Quargo LDW702\/P und Porter Diesel LDW-1404\/P<\/strong><\/p>\n<p>Ersatzteil kompatibel mit <strong>Piaggio Quargo LDW702\/P<\/strong> und <strong>Porter Diesel LDW-1404\/P<\/strong>. Dieser <strong>komplette Zahnriemensatz<\/strong> enth\u00e4lt alles Notwendige f\u00fcr den Austausch des gesamten Zahnriemensystems:<\/p>\n<ul>\n<li>\u2705 Wasserpumpe mit Dichtungen<\/li>\n<li>\u2705 Zahnriemen<\/li>\n<li>\u2705 Spannrollenlager<\/li>\n<\/ul>\n<p>Zuverl\u00e4ssiges und langlebiges Ersatzteil, ideal um den einwandfreien Betrieb des Motors \u00fcber die Zeit zu gew\u00e4hrleisten.<\/p>\n<div class=\"text-sm text-gray-800 font-medium mb-2\"><div class=\"text-sm text-gray-800 font-medium mb-2\"><strong>Referenzcodes:<\/strong> 493070 \u2013 493105 \u2013 493169<\/div><\/div>\n<div class=\"oem-box mb-4\"><div class=\"oem-box mb-4\"><p class=\"text-sm text-gray-800 font-medium mb-2\">Typ: <strong>Aftermarket<\/strong><\/p><p class=\"text-sm text-gray-700 mb-1\">Aftermarket-Komponente in Profiqualit\u00e4t, kompatibel mit den auf dieser Seite aufgef\u00fchrten Fahrzeugen.<\/p><p class=\"text-xs text-gray-500 mt-2\">Nicht von Piaggio hergestellt oder gebrandet. Marken geh\u00f6ren den jeweiligen Inhabern.<\/p><\/div><\/div>\n<section class=\"compatibility-block mb-4\"><section class=\"compatibility-block mb-4\"><div class=\"product-extra-details\"><table class=\"woocommerce-product-attributes\"><tbody><tr><th colspan=\"2\"><span class=\"text-sm font-medium mb-2\">Kompatibel mit:<\/span><\/th><\/tr><tr><th>Fahrzeugmodell \u2013 Rahmenpr\u00e4fix:<\/th><td>\ud83d\ude9a PIAGGIO PORTER Pianale piatto 1.4 D (1998-2005) LDW1404\/P (1998-2005) - ZAPS&#56;&#53;&#48;&#48;&#48;&#48;&#48;&#52;, ZAPS&#56;&#53;&#48;&#48;&#48;&#48;&#48;&#55;, ZAPS85V00004, ZAPS85V00007<\/td><\/tr><tr><th>Fahrzeugmodell \u2013 Rahmenpr\u00e4fix:<\/th><td>\ud83d\ude9a PIAGGIO QUARGO 702 Diesel (2004-2006) LDW702\/P (2004-2006) - ZAPP10000<\/td><\/tr><tr><th>Fahrzeugmodell \u2013 Rahmenpr\u00e4fix:<\/th><td>\ud83d\ude9a PIAGGIO QUARGO 702 Diesel (2007-2017) LDW702\/P (2007-2017) - ZAP4P10000<\/td><\/tr><\/tbody><\/table><\/div><\/section><\/section>\n","protected":false},"excerpt":{"rendered":"<p>Kompletter Zahnriemensatz f\u00fcr Piaggio Quargo LDW702\/P und Porter Diesel LDW-1404\/P Ersatzteil kompatibel mit Piaggio Quargo LDW702\/P und Porter Diesel LDW-1404\/P. Dieser komplette Zahnriemensatz enth\u00e4lt alles Notwendige f\u00fcr den Austausch des gesamten Zahnriemensystems: \u2705 Wasserpumpe mit Dichtungen \u2705 Zahnriemen \u2705 Spannrollenlager Zuverl\u00e4ssiges und langlebiges Ersatzteil, ideal um den einwandfreien Betrieb des Motors \u00fcber die Zeit zu<\/p>\n<div class=\"klb-readmore button\"><a class=\"btn link\" href=\"https:\/\/damicoline.com\/de\/produkt\/kompletter-zahnriemensatz-fur-piaggio-quargo-und-porter-diesel-ldw\/\">Read More <i class=\"klbth-icon-right-arrow\"><\/i><\/a><\/div>\n","protected":false},"featured_media":9438,"template":"","meta":[],"product_brand":[3901],"product_cat":[418,423],"product_tag":[1290,1291,943],"class_list":{"0":"post-9560","1":"product","2":"type-product","3":"status-publish","4":"has-post-thumbnail","6":"product_brand-aftermarket","7":"product_cat-motorteile","8":"product_cat-verteilungskomponenten","9":"product_tag-1290","10":"product_tag-1291","11":"product_tag-943","13":"first","14":"instock","15":"sale","16":"taxable","17":"shipping-taxable","18":"purchasable","19":"product-type-simple"},"_links":{"self":[{"href":"https:\/\/damicoline.com\/de\/wp-json\/wp\/v2\/product\/9560","targetHints":{"allow":["GET"]}}],"collection":[{"href":"https:\/\/damicoline.com\/de\/wp-json\/wp\/v2\/product"}],"about":[{"href":"https:\/\/damicoline.com\/de\/wp-json\/wp\/v2\/types\/product"}],"wp:featuredmedia":[{"embeddable":true,"href":"https:\/\/damicoline.com\/de\/wp-json\/wp\/v2\/media\/9438"}],"wp:attachment":[{"href":"https:\/\/damicoline.com\/de\/wp-json\/wp\/v2\/media?parent=9560"}],"wp:term":[{"taxonomy":"product_brand","embeddable":true,"href":"https:\/\/damicoline.com\/de\/wp-json\/wp\/v2\/product_brand?post=9560"},{"taxonomy":"product_cat","embeddable":true,"href":"https:\/\/damicoline.com\/de\/wp-json\/wp\/v2\/product_cat?post=9560"},{"taxonomy":"product_tag","embeddable":true,"href":"https:\/\/damicoline.com\/de\/wp-json\/wp\/v2\/product_tag?post=9560"}],"curies":[{"name":"wp","href":"https:\/\/api.w.org\/{rel}","templated":true}]}}