{"id":9565,"date":"2025-05-29T16:06:40","date_gmt":"2025-05-29T14:06:40","guid":{"rendered":"https:\/\/damicoline.com\/product\/kit-mozzo-completo-abs-piaggio-porter\/"},"modified":"2025-05-31T18:57:58","modified_gmt":"2025-05-31T16:57:58","slug":"komplettes-nabenkit-abs-piaggio-porter-kein-maxxi-prazise","status":"publish","type":"product","link":"https:\/\/damicoline.com\/de\/produkt\/komplettes-nabenkit-abs-piaggio-porter-kein-maxxi-prazise\/","title":{"rendered":"Komplettes Nabenkit ABS Piaggio Porter (kein Maxxi) pr\u00e4zise"},"content":{"rendered":"<p><strong>Komplettes Nabenkit mit ABS f\u00fcr Piaggio Porter (kein Maxxi)<\/strong><\/p>\n<p>Ersatzteil kompatibel mit <strong>Piaggio Porter Modellen mit ABS-System<\/strong>, mit Ausnahme der Maxxi-Version. Das Kit erm\u00f6glicht einen vollst\u00e4ndigen und sicheren Austausch der vorderen Radgruppe.<\/p>\n<p><strong>Inhalt des Kits:<\/strong><\/p>\n<ul>\n<li>1 Radnabe<\/li>\n<li>1 Achsschenkel Radnabe mit ABS-Zahnrad<\/li>\n<li>2 hochwertige Lager<\/li>\n<li>1 \u00e4u\u00dferer Dichtring<\/li>\n<li>1 innerer Dichtring<\/li>\n<\/ul>\n<p>Ideale L\u00f6sung f\u00fcr die Wiederherstellung der Radgruppe mit integriertem ABS-Sensor, entwickelt f\u00fcr Langlebigkeit, Pr\u00e4zision und perfekte Kompatibilit\u00e4t.<\/p>\n<div class=\"text-sm text-gray-800 font-medium mb-2\"><div class=\"text-sm text-gray-800 font-medium mb-2\"><strong>Referenzcodes:<\/strong> 4350287Z01000 \u2013 56593R6 \u2013&#32;&#57;&#48;&#48;&#52;&#51;&#54;&#51;&#50;&#52;&#50;&#48;&#48;0<\/div><\/div>\n<div class=\"oem-box mb-4\">\t\t\t\t<div class=\"oem-box mb-4\">\n\t\t\t\t\t<p class=\"text-sm text-gray-800 font-medium mb-2\">Typ: <strong>Aftermarket<\/strong><\/p>\n\t\t\t\t\t<p class=\"text-sm text-gray-700 mb-1\">Aftermarket-Komponente in Profiqualit\u00e4t, kompatibel mit den auf dieser Seite aufgef\u00fchrten Fahrzeugen.<\/p>\n\t\t\t\t\t<p class=\"text-xs text-gray-500 mt-2\">*Nicht von Piaggio hergestellt oder gebrandet. Marken geh\u00f6ren den jeweiligen Inhabern.<\/p>\n\t\t\t\t<\/div>\n\t\t\t<\/div>\n<section class=\"compatibility-block mb-4\"><section class=\"compatibility-block mb-4\"><div class=\"product-extra-details hide-below-992\"><table class=\"woocommerce-product-attributes\"><tbody><tr><th colspan=\"2\"><span class=\"text-sm font-medium mb-2\">Kompatibel mit:<\/span><\/th><\/tr><tr><th>Fahrzeugmodell \u2013 Rahmenpr\u00e4fix:<\/th><td><a href=\"https:\/\/damicoline.com\/de\/shop\/?vx_brand=PIAGGIO&#038;vx_model=PORTER%20Pianale%20piatto\/Telaio%201.2%20D%20(2010-2015)&#038;vx_engine=P120&#038;vx_years=2010-2015\">\ud83d\ude9a PIAGGIO PORTER Pianale piatto\/Telaio 1.2 D (2010-2015) P120 (2010-2015) - ZAPS90CKW, ZAPS90PKW, ZAPS90TKW, ZAPS90VKW<\/a><\/td><\/tr><tr><th>Fahrzeugmodell \u2013 Rahmenpr\u00e4fix:<\/th><td><a href=\"https:\/\/damicoline.com\/de\/shop\/?vx_brand=PIAGGIO&#038;vx_model=PORTER%20Pianale%20piatto\/Telaio%201.3%20(2010-2015)&#038;vx_engine=DA471QLR&#038;vx_years=2010-2015\">\ud83d\ude9a PIAGGIO PORTER Pianale piatto\/Telaio 1.3 (2010-2015) DA471QLR (2010-2015) - ZAPS90CJ, ZAPS90PJ, ZAPS90TJ, ZAPS90VJ<\/a><\/td><\/tr><tr><th>Fahrzeugmodell \u2013 Rahmenpr\u00e4fix:<\/th><td><a href=\"https:\/\/damicoline.com\/de\/shop\/?vx_brand=PIAGGIO&#038;vx_model=PORTER%20Pianale%20piatto\/Telaio%201.3%20LPG%20(2015-2020)&#038;vx_engine=DAM13R&#038;vx_years=2015-2020\">\ud83d\ude9a PIAGGIO PORTER Pianale piatto\/Telaio 1.3 LPG (2015-2020) DAM13R (2015-2020) - ZAPS89CGW, ZAPS89PGW, ZAPS90VGW, ZAPS90TGW, ZAPS90PGW, ZAPS90CGW<\/a><\/td><\/tr><\/tbody><\/table><\/div><\/section><\/section>\n","protected":false},"excerpt":{"rendered":"<p>Komplettes Nabenkit mit ABS f\u00fcr Piaggio Porter (kein Maxxi) Ersatzteil kompatibel mit Piaggio Porter Modellen mit ABS-System, mit Ausnahme der Maxxi-Version. Das Kit erm\u00f6glicht einen vollst\u00e4ndigen und sicheren Austausch der vorderen Radgruppe. Inhalt des Kits: 1 Radnabe 1 Achsschenkel Radnabe mit ABS-Zahnrad 2 hochwertige Lager 1 \u00e4u\u00dferer Dichtring 1 innerer Dichtring Ideale L\u00f6sung f\u00fcr die<\/p>\n<div class=\"klb-readmore button\"><a class=\"btn link\" href=\"https:\/\/damicoline.com\/de\/produkt\/komplettes-nabenkit-abs-piaggio-porter-kein-maxxi-prazise\/\">Read More <i class=\"klbth-icon-right-arrow\"><\/i><\/a><\/div>\n","protected":false},"featured_media":9446,"template":"","meta":{"_sitemap_exclude":false,"_sitemap_priority":"","_sitemap_frequency":""},"product_brand":[2670],"product_cat":[433,438],"product_tag":[579,656,581],"class_list":{"0":"post-9565","1":"product","2":"type-product","3":"status-publish","4":"has-post-thumbnail","6":"product_brand-aftermarket","7":"product_cat-lenkungsteile","8":"product_cat-vorderachse","9":"product_tag-4350287z01000","10":"product_tag-56593r6","11":"product_tag-581","13":"first","14":"instock","15":"sale","16":"taxable","17":"shipping-taxable","18":"purchasable","19":"product-type-simple"},"_links":{"self":[{"href":"https:\/\/damicoline.com\/de\/wp-json\/wp\/v2\/product\/9565","targetHints":{"allow":["GET"]}}],"collection":[{"href":"https:\/\/damicoline.com\/de\/wp-json\/wp\/v2\/product"}],"about":[{"href":"https:\/\/damicoline.com\/de\/wp-json\/wp\/v2\/types\/product"}],"wp:featuredmedia":[{"embeddable":true,"href":"https:\/\/damicoline.com\/de\/wp-json\/wp\/v2\/media\/9446"}],"wp:attachment":[{"href":"https:\/\/damicoline.com\/de\/wp-json\/wp\/v2\/media?parent=9565"}],"wp:term":[{"taxonomy":"product_brand","embeddable":true,"href":"https:\/\/damicoline.com\/de\/wp-json\/wp\/v2\/product_brand?post=9565"},{"taxonomy":"product_cat","embeddable":true,"href":"https:\/\/damicoline.com\/de\/wp-json\/wp\/v2\/product_cat?post=9565"},{"taxonomy":"product_tag","embeddable":true,"href":"https:\/\/damicoline.com\/de\/wp-json\/wp\/v2\/product_tag?post=9565"}],"curies":[{"name":"wp","href":"https:\/\/api.w.org\/{rel}","templated":true}]}}