{"id":9606,"date":"2025-05-30T18:40:12","date_gmt":"2025-05-30T16:40:12","guid":{"rendered":"https:\/\/damicoline.com\/product\/albero-motore-piaggio-porter-euro-6-dam13r\/"},"modified":"2026-02-13T14:47:46","modified_gmt":"2026-02-13T13:47:46","slug":"kurbelwelle-piaggio-porter-euro-6-dam13r-widerstandsfahig","status":"publish","type":"product","link":"https:\/\/damicoline.com\/de\/produkt\/kurbelwelle-piaggio-porter-euro-6-dam13r-widerstandsfahig\/","title":{"rendered":"Kurbelwelle Piaggio Porter Euro 6 DAM13R widerstandsf\u00e4hig"},"content":{"rendered":"<p><strong>Kurbelwelle f\u00fcr Piaggio Porter Euro 6 Motor DAM13R<\/strong><\/p>\n<p>Ersatzteil entwickelt f\u00fcr <strong>Piaggio Porter Euro 6<\/strong> mit <strong>Motor DAM13R<\/strong>. Diese Kurbelwelle gew\u00e4hrleistet Langlebigkeit und Zuverl\u00e4ssigkeit, indem sie die originalen Fahrzeugspezifikationen einh\u00e4lt. Perfekt f\u00fcr Reparatur- oder \u00dcberholungsarbeiten am Motor.<\/p>\n<div class=\"text-sm text-gray-800 font-medium mb-2\"><div class=\"text-sm text-gray-800 font-medium mb-2\"><strong>Referenzcodes:<\/strong> 1A005556<\/div><\/div>\n<div class=\"oem-box mb-4\">\t\t\t\t<div class=\"oem-box mb-4\">\n\t\t\t\t\t<p class=\"text-sm text-gray-800 font-medium mb-2\">Typ: <strong>OEM (Foton)<\/strong><\/p>\n\t\t\t\t\t<p class=\"text-sm text-gray-700 mb-1\">OEM-Niveau-Komponente von <strong>Foton<\/strong>, nach Originalspezifikation f\u00fcr korrekte Passform und Funktion.<\/p>\n\t\t\t\t\t<p class=\"text-xs text-gray-500 mt-2\">*Nicht von Piaggio gebrandet. Marken geh\u00f6ren den jeweiligen Inhabern.<\/p>\n\t\t\t\t<\/div>\n\t\t\t<\/div>\n<section class=\"compatibility-block mb-4\"><section class=\"compatibility-block mb-4\"><div class=\"product-extra-details hide-below-992\"><table class=\"woocommerce-product-attributes\"><tbody><tr><th colspan=\"2\"><span class=\"text-sm font-medium mb-2\">Kompatibel mit:<\/span><\/th><\/tr><tr><th>Fahrzeugmodell \u2013 Rahmenpr\u00e4fix:<\/th><td><a href=\"https:\/\/damicoline.com\/de\/shop\/?vx_brand=PIAGGIO&#038;vx_model=PORTER%20Maxxi%201.3%20LPG%20(2015-2020)&#038;vx_engine=DAM13R&#038;vx_years=2015-2020\">\ud83d\ude9a PIAGGIO PORTER Maxxi 1.3 LPG (2015-2020) DAM13R (2015-2020) - ZAPS90AG, ZAPS90DG, ZAPS90RG<\/a><\/td><\/tr><tr><th>Fahrzeugmodell \u2013 Rahmenpr\u00e4fix:<\/th><td><a href=\"https:\/\/damicoline.com\/de\/shop\/?vx_brand=PIAGGIO&#038;vx_model=PORTER%20Pianale%20piatto\/Telaio%201.3%20LPG%20(2015-2020)&#038;vx_engine=DAM13R&#038;vx_years=2015-2020\">\ud83d\ude9a PIAGGIO PORTER Pianale piatto\/Telaio 1.3 LPG (2015-2020) DAM13R (2015-2020) - ZAPS89CGW, ZAPS89PGW, ZAPS90VGW, ZAPS90TGW, ZAPS90PGW, ZAPS90CGW<\/a><\/td><\/tr><\/tbody><\/table><\/div><\/section><\/section>\n","protected":false},"excerpt":{"rendered":"<p>Kurbelwelle f\u00fcr Piaggio Porter Euro 6 Motor DAM13R Ersatzteil entwickelt f\u00fcr Piaggio Porter Euro 6 mit Motor DAM13R. Diese Kurbelwelle gew\u00e4hrleistet Langlebigkeit und Zuverl\u00e4ssigkeit, indem sie die originalen Fahrzeugspezifikationen einh\u00e4lt. Perfekt f\u00fcr Reparatur- oder \u00dcberholungsarbeiten am Motor.<\/p>\n","protected":false},"featured_media":9527,"template":"","meta":{"_sitemap_exclude":false,"_sitemap_priority":"","_sitemap_frequency":""},"product_brand":[2671],"product_cat":[1359,418],"product_tag":[1360],"class_list":{"0":"post-9606","1":"product","2":"type-product","3":"status-publish","4":"has-post-thumbnail","6":"product_brand-foton","7":"product_cat-kurbelwelle","8":"product_cat-motorteile","9":"product_tag-1a005556","11":"first","12":"outofstock","13":"sale","14":"taxable","15":"shipping-taxable","16":"purchasable","17":"product-type-simple"},"_links":{"self":[{"href":"https:\/\/damicoline.com\/de\/wp-json\/wp\/v2\/product\/9606","targetHints":{"allow":["GET"]}}],"collection":[{"href":"https:\/\/damicoline.com\/de\/wp-json\/wp\/v2\/product"}],"about":[{"href":"https:\/\/damicoline.com\/de\/wp-json\/wp\/v2\/types\/product"}],"wp:featuredmedia":[{"embeddable":true,"href":"https:\/\/damicoline.com\/de\/wp-json\/wp\/v2\/media\/9527"}],"wp:attachment":[{"href":"https:\/\/damicoline.com\/de\/wp-json\/wp\/v2\/media?parent=9606"}],"wp:term":[{"taxonomy":"product_brand","embeddable":true,"href":"https:\/\/damicoline.com\/de\/wp-json\/wp\/v2\/product_brand?post=9606"},{"taxonomy":"product_cat","embeddable":true,"href":"https:\/\/damicoline.com\/de\/wp-json\/wp\/v2\/product_cat?post=9606"},{"taxonomy":"product_tag","embeddable":true,"href":"https:\/\/damicoline.com\/de\/wp-json\/wp\/v2\/product_tag?post=9606"}],"curies":[{"name":"wp","href":"https:\/\/api.w.org\/{rel}","templated":true}]}}