{"id":9686,"date":"2025-05-30T19:01:39","date_gmt":"2025-05-30T17:01:39","guid":{"rendered":"https:\/\/damicoline.com\/product\/bronzina-testa-biella-piaggio-porter-1-3-e6\/"},"modified":"2026-04-22T14:35:35","modified_gmt":"2026-04-22T12:35:35","slug":"pleuellagerkopf-piaggio-porter-1-3-e6-prazise-und-top","status":"publish","type":"product","link":"https:\/\/damicoline.com\/de\/produkt\/pleuellagerkopf-piaggio-porter-1-3-e6-prazise-und-top\/","title":{"rendered":"Pleuellagerkopf Piaggio Porter 1.3 E6 pr\u00e4zise und top"},"content":{"rendered":"<p><strong>Pleuellagerkopf f\u00fcr Piaggio Porter Multitech 1.3 E6<\/strong><\/p>\n<p>Ersatzteil spezifisch f\u00fcr <strong>Piaggio Porter Multitech 1.3 Euro 6<\/strong>. Der <strong>Pleuellagerkopf<\/strong> gew\u00e4hrleistet Schmierung und Leichtg\u00e4ngigkeit. F\u00fcr jedes Pleuel werden 2 St\u00fcck ben\u00f6tigt, um das Paar zu bilden. F\u00fcr den kompletten Motor (4 Pleuel) werden insgesamt 8 St\u00fcck ben\u00f6tigt.<\/p>\n<div class=\"text-sm text-gray-800 font-medium mb-2\"><div class=\"text-sm text-gray-800 font-medium mb-2\"><strong>Referenzcodes:<\/strong> 1A005160<\/div><\/div>\n<div class=\"oem-box mb-4\"><div class=\"oem-box mb-4\"><p class=\"text-sm text-gray-800 font-medium mb-2\">Typ: <strong>OEM (Foton)<\/strong><\/p><p class=\"text-sm text-gray-700 mb-1\">OEM-Niveau-Komponente von Foton, nach Originalspezifikation f\u00fcr korrekte Passform und Funktion.<\/p><p class=\"text-xs text-gray-500 mt-2\">Nicht von Piaggio gebrandet. Marken geh\u00f6ren den jeweiligen Inhabern.<\/p><\/div><\/div>\n<section class=\"compatibility-block mb-4\"><section class=\"compatibility-block mb-4\"><div class=\"product-extra-details hide-below-992\"><table class=\"woocommerce-product-attributes\"><tbody><tr><th colspan=\"2\"><span class=\"text-sm font-medium mb-2\">Kompatibel mit:<\/span><\/th><\/tr><tr><th>Fahrzeugmodell \u2013 Rahmenpr\u00e4fix:<\/th><td><a href=\"https:\/\/damicoline.com\/de\/shop\/?vx_brand=PIAGGIO&#038;vx_model=PORTER%20Pianale%20piatto\/Telaio%201.3%20LPG%20(2015-2020)&#038;vx_engine=DAM13R&#038;vx_years=2015-2020\">\ud83d\ude9a PIAGGIO PORTER Pianale piatto\/Telaio 1.3 LPG (2015-2020) DAM13R (2015-2020) - ZAPS89CGW, ZAPS89PGW, ZAPS90VGW, ZAPS90TGW, ZAPS90PGW, ZAPS90CGW<\/a><\/td><\/tr><\/tbody><\/table><\/div><\/section><\/section>\n","protected":false},"excerpt":{"rendered":"<p>Pleuellagerkopf f\u00fcr Piaggio Porter Multitech 1.3 E6 Ersatzteil spezifisch f\u00fcr Piaggio Porter Multitech 1.3 Euro 6. Der Pleuellagerkopf gew\u00e4hrleistet Schmierung und Leichtg\u00e4ngigkeit. F\u00fcr jedes Pleuel werden 2 St\u00fcck ben\u00f6tigt, um das Paar zu bilden. F\u00fcr den kompletten Motor (4 Pleuel) werden insgesamt 8 St\u00fcck ben\u00f6tigt.<\/p>\n","protected":false},"featured_media":9681,"template":"","meta":{"_sitemap_exclude":false,"_sitemap_priority":"","_sitemap_frequency":""},"product_brand":[2671],"product_cat":[1359,418],"product_tag":[1382],"class_list":{"0":"post-9686","1":"product","2":"type-product","3":"status-publish","4":"has-post-thumbnail","6":"product_brand-foton","7":"product_cat-kurbelwelle","8":"product_cat-motorteile","9":"product_tag-1a005160","11":"first","12":"instock","13":"sale","14":"taxable","15":"shipping-taxable","16":"purchasable","17":"product-type-simple"},"_links":{"self":[{"href":"https:\/\/damicoline.com\/de\/wp-json\/wp\/v2\/product\/9686","targetHints":{"allow":["GET"]}}],"collection":[{"href":"https:\/\/damicoline.com\/de\/wp-json\/wp\/v2\/product"}],"about":[{"href":"https:\/\/damicoline.com\/de\/wp-json\/wp\/v2\/types\/product"}],"wp:featuredmedia":[{"embeddable":true,"href":"https:\/\/damicoline.com\/de\/wp-json\/wp\/v2\/media\/9681"}],"wp:attachment":[{"href":"https:\/\/damicoline.com\/de\/wp-json\/wp\/v2\/media?parent=9686"}],"wp:term":[{"taxonomy":"product_brand","embeddable":true,"href":"https:\/\/damicoline.com\/de\/wp-json\/wp\/v2\/product_brand?post=9686"},{"taxonomy":"product_cat","embeddable":true,"href":"https:\/\/damicoline.com\/de\/wp-json\/wp\/v2\/product_cat?post=9686"},{"taxonomy":"product_tag","embeddable":true,"href":"https:\/\/damicoline.com\/de\/wp-json\/wp\/v2\/product_tag?post=9686"}],"curies":[{"name":"wp","href":"https:\/\/api.w.org\/{rel}","templated":true}]}}