{"id":9801,"date":"2025-06-17T18:06:28","date_gmt":"2025-06-17T16:06:28","guid":{"rendered":"https:\/\/damicoline.com\/product\/serie-guarnizioni-testa-piaggio-porter-1-3-16v-2-bobine\/"},"modified":"2025-12-24T07:56:08","modified_gmt":"2025-12-24T06:56:08","slug":"zylinderkopfdichtungssatz-piaggio-porter-1-3-16v-2-spulen","status":"publish","type":"product","link":"https:\/\/damicoline.com\/de\/produkt\/zylinderkopfdichtungssatz-piaggio-porter-1-3-16v-2-spulen\/","title":{"rendered":"Zylinderkopfdichtungssatz Piaggio Porter 1.3 16V 2 Spulen"},"content":{"rendered":"<p><strong>Zylinderkopfdichtungssatz f\u00fcr Piaggio Porter 1.3 16V 48 kW (Motor mit 2 Spulen)<\/strong><\/p>\n<p>Komplettset f\u00fcr die \u00dcberholung des Zylinderkopfs des <strong>Piaggio Porter 1.3 16V 48 kW<\/strong> mit <strong>Motor mit 2 Spulen<\/strong>. Das Set beinhaltet:<\/p>\n<ul>\n<li>16 Ventilschaftdichtungen<\/li>\n<li>Zylinderkopfdichtung<\/li>\n<li>Abgaskr\u00fcmmerdichtung<\/li>\n<li>Nockenwellendichtring<\/li>\n<li>Dichtungsringe f\u00fcr Z\u00fcndkerzensch\u00e4chte<\/li>\n<li>Ventildeckeldichtung (Version mit 2 Spulen)<\/li>\n<\/ul>\n<p>Qualit\u00e4tsersatzteil f\u00fcr Schleifarbeiten, \u00dcberholung oder komplette Motorwartung.<\/p>\n<div class=\"text-sm text-gray-800 font-medium mb-2\"><div class=\"text-sm text-gray-800 font-medium mb-2\"><strong>Referenzcodes:<\/strong>&#32;&#48;&#52;&#49;&#49;&#50;&#56;&#55;&#49;&#52;&#52;&#48;&#48;0<\/div><\/div>\n<div class=\"oem-box mb-4\">\t\t\t\t<div class=\"oem-box mb-4\">\n\t\t\t\t\t<p class=\"text-sm text-gray-800 font-medium mb-2\">Typ: <strong>Aftermarket<\/strong><\/p>\n\t\t\t\t\t<p class=\"text-sm text-gray-700 mb-1\">Aftermarket-Komponente in Profiqualit\u00e4t, kompatibel mit den auf dieser Seite aufgef\u00fchrten Fahrzeugen.<\/p>\n\t\t\t\t\t<p class=\"text-xs text-gray-500 mt-2\">*Nicht von Piaggio hergestellt oder gebrandet. Marken geh\u00f6ren den jeweiligen Inhabern.<\/p>\n\t\t\t\t<\/div>\n\t\t\t<\/div>\n<section class=\"compatibility-block mb-4\"><section class=\"compatibility-block mb-4\"><div class=\"product-extra-details hide-below-992\"><table class=\"woocommerce-product-attributes\"><tbody><tr><th colspan=\"2\"><span class=\"text-sm font-medium mb-2\">Kompatibel mit:<\/span><\/th><\/tr><tr><th>Fahrzeugmodell \u2013 Rahmenpr\u00e4fix:<\/th><td><a href=\"https:\/\/damicoline.com\/de\/shop\/?vx_brand=PIAGGIO&#038;vx_model=PORTER%20Maxxi%201.3%2016V%20(2007-2009)&#038;vx_engine=HC-EL&#038;vx_years=2007-2009\">\ud83d\ude9a PIAGGIO PORTER Maxxi 1.3 16V (2007-2009) HC-EL (2007-2009) - ZAPS95000<\/a><\/td><\/tr><tr><th>Fahrzeugmodell \u2013 Rahmenpr\u00e4fix:<\/th><td><a href=\"https:\/\/damicoline.com\/de\/shop\/?vx_brand=PIAGGIO&#038;vx_model=PORTER%20Pianale%20piatto\/Telaio%201.3%2016V%20(1998-2009)&#038;vx_engine=HC-EL&#038;vx_years=1998-2009\">\ud83d\ude9a PIAGGIO PORTER Pianale piatto\/Telaio 1.3 16V (1998-2009) HC-EL (1998-2009) - ZAPS85000, ZAPS85V00<\/a><\/td><\/tr><\/tbody><\/table><\/div><\/section><\/section>\n","protected":false},"excerpt":{"rendered":"<p>Zylinderkopfdichtungssatz f\u00fcr Piaggio Porter 1.3 16V 48 kW (Motor mit 2 Spulen) Komplettset f\u00fcr die \u00dcberholung des Zylinderkopfs des Piaggio Porter 1.3 16V 48 kW mit Motor mit 2 Spulen. Das Set beinhaltet: 16 Ventilschaftdichtungen Zylinderkopfdichtung Abgaskr\u00fcmmerdichtung Nockenwellendichtring Dichtungsringe f\u00fcr Z\u00fcndkerzensch\u00e4chte Ventildeckeldichtung (Version mit 2 Spulen) Qualit\u00e4tsersatzteil f\u00fcr Schleifarbeiten, \u00dcberholung oder komplette Motorwartung.<\/p>\n","protected":false},"featured_media":9796,"template":"","meta":{"_sitemap_exclude":false,"_sitemap_priority":"","_sitemap_frequency":""},"product_brand":[2670],"product_cat":[1125,418],"product_tag":[1417],"class_list":{"0":"post-9801","1":"product","2":"type-product","3":"status-publish","4":"has-post-thumbnail","6":"product_brand-aftermarket","7":"product_cat-motordichtungen","8":"product_cat-motorteile","9":"product_tag-1417","11":"first","12":"instock","13":"sale","14":"taxable","15":"shipping-taxable","16":"purchasable","17":"product-type-simple"},"_links":{"self":[{"href":"https:\/\/damicoline.com\/de\/wp-json\/wp\/v2\/product\/9801","targetHints":{"allow":["GET"]}}],"collection":[{"href":"https:\/\/damicoline.com\/de\/wp-json\/wp\/v2\/product"}],"about":[{"href":"https:\/\/damicoline.com\/de\/wp-json\/wp\/v2\/types\/product"}],"wp:featuredmedia":[{"embeddable":true,"href":"https:\/\/damicoline.com\/de\/wp-json\/wp\/v2\/media\/9796"}],"wp:attachment":[{"href":"https:\/\/damicoline.com\/de\/wp-json\/wp\/v2\/media?parent=9801"}],"wp:term":[{"taxonomy":"product_brand","embeddable":true,"href":"https:\/\/damicoline.com\/de\/wp-json\/wp\/v2\/product_brand?post=9801"},{"taxonomy":"product_cat","embeddable":true,"href":"https:\/\/damicoline.com\/de\/wp-json\/wp\/v2\/product_cat?post=9801"},{"taxonomy":"product_tag","embeddable":true,"href":"https:\/\/damicoline.com\/de\/wp-json\/wp\/v2\/product_tag?post=9801"}],"curies":[{"name":"wp","href":"https:\/\/api.w.org\/{rel}","templated":true}]}}