{"id":9888,"date":"2025-06-20T13:20:08","date_gmt":"2025-06-20T11:20:08","guid":{"rendered":"https:\/\/damicoline.com\/product\/kit-ganasce-freno-anteriori-piaggio-quargo-2\/"},"modified":"2026-04-22T14:36:31","modified_gmt":"2026-04-22T12:36:31","slug":"vorderes-bremsbacken-kit-piaggio-quargo-4-stuck-top","status":"publish","type":"product","link":"https:\/\/damicoline.com\/de\/produkt\/vorderes-bremsbacken-kit-piaggio-quargo-4-stuck-top\/","title":{"rendered":"Vorderes Bremsbacken-Kit Piaggio Quargo 4 St\u00fcck top"},"content":{"rendered":"<p><strong>Vorderes Bremsbacken-Kit (4 St\u00fcck) f\u00fcr Piaggio Quargo<\/strong><\/p>\n<p>Das <strong>vordere Bremsbacken-Kit<\/strong> umfasst 4 St\u00fcck f\u00fcr das vordere Bremssystem des <strong>Piaggio Quargo<\/strong>. Ideal f\u00fcr den vollst\u00e4ndigen Austausch an beiden Vorderr\u00e4dern. Qualit\u00e4tsersatzteil f\u00fcr Effizienz und Sicherheit beim Bremsen.<\/p>\n<div class=\"text-sm text-gray-800 font-medium mb-2\"><div class=\"text-sm text-gray-800 font-medium mb-2\"><strong>Referenzcodes:<\/strong> 493947 \u2013 4939476<\/div><\/div>\n<div class=\"oem-box mb-4\"><div class=\"oem-box mb-4\"><p class=\"text-sm text-gray-800 font-medium mb-2\">Typ: <strong>Aftermarket<\/strong><\/p><p class=\"text-sm text-gray-700 mb-1\">Aftermarket-Komponente in Profiqualit\u00e4t, kompatibel mit den auf dieser Seite aufgef\u00fchrten Fahrzeugen.<\/p><p class=\"text-xs text-gray-500 mt-2\">Nicht von Piaggio hergestellt oder gebrandet. Marken geh\u00f6ren den jeweiligen Inhabern.<\/p><\/div><\/div>\n<section class=\"compatibility-block mb-4\"><section class=\"compatibility-block mb-4\"><div class=\"product-extra-details hide-below-992\"><table class=\"woocommerce-product-attributes\"><tbody><tr><th colspan=\"2\"><span class=\"text-sm font-medium mb-2\">Kompatibel mit:<\/span><\/th><\/tr><tr><th>Fahrzeugmodell \u2013 Rahmenpr\u00e4fix:<\/th><td><a href=\"https:\/\/damicoline.com\/de\/shop\/?vx_brand=PIAGGIO&#038;vx_model=QUARGO%20702%20Diesel%20(2004-2006)&#038;vx_engine=LDW702\/P&#038;vx_years=2004-2006\">\ud83d\ude9a PIAGGIO QUARGO 702 Diesel (2004-2006) LDW702\/P (2004-2006) - ZAPP10000<\/a><\/td><\/tr><tr><th>Fahrzeugmodell \u2013 Rahmenpr\u00e4fix:<\/th><td><a href=\"https:\/\/damicoline.com\/de\/shop\/?vx_brand=PIAGGIO&#038;vx_model=QUARGO%20702%20Diesel%20(2007-2017)&#038;vx_engine=LDW702\/P&#038;vx_years=2007-2017\">\ud83d\ude9a PIAGGIO QUARGO 702 Diesel (2007-2017) LDW702\/P (2007-2017) - ZAP4P10000<\/a><\/td><\/tr><\/tbody><\/table><\/div><\/section><\/section>\n","protected":false},"excerpt":{"rendered":"<p>Vorderes Bremsbacken-Kit (4 St\u00fcck) f\u00fcr Piaggio Quargo Das vordere Bremsbacken-Kit umfasst 4 St\u00fcck f\u00fcr das vordere Bremssystem des Piaggio Quargo. Ideal f\u00fcr den vollst\u00e4ndigen Austausch an beiden Vorderr\u00e4dern. Qualit\u00e4tsersatzteil f\u00fcr Effizienz und Sicherheit beim Bremsen.<\/p>\n","protected":false},"featured_media":9878,"template":"","meta":{"_sitemap_exclude":false,"_sitemap_priority":"","_sitemap_frequency":""},"product_brand":[2670],"product_cat":[408,413],"product_tag":[1469,1470],"class_list":{"0":"post-9888","1":"product","2":"type-product","3":"status-publish","4":"has-post-thumbnail","6":"product_brand-aftermarket","7":"product_cat-bremssystem","8":"product_cat-trommelbremse","9":"product_tag-1469","10":"product_tag-1470","12":"first","13":"instock","14":"sale","15":"taxable","16":"shipping-taxable","17":"purchasable","18":"product-type-simple"},"_links":{"self":[{"href":"https:\/\/damicoline.com\/de\/wp-json\/wp\/v2\/product\/9888","targetHints":{"allow":["GET"]}}],"collection":[{"href":"https:\/\/damicoline.com\/de\/wp-json\/wp\/v2\/product"}],"about":[{"href":"https:\/\/damicoline.com\/de\/wp-json\/wp\/v2\/types\/product"}],"wp:featuredmedia":[{"embeddable":true,"href":"https:\/\/damicoline.com\/de\/wp-json\/wp\/v2\/media\/9878"}],"wp:attachment":[{"href":"https:\/\/damicoline.com\/de\/wp-json\/wp\/v2\/media?parent=9888"}],"wp:term":[{"taxonomy":"product_brand","embeddable":true,"href":"https:\/\/damicoline.com\/de\/wp-json\/wp\/v2\/product_brand?post=9888"},{"taxonomy":"product_cat","embeddable":true,"href":"https:\/\/damicoline.com\/de\/wp-json\/wp\/v2\/product_cat?post=9888"},{"taxonomy":"product_tag","embeddable":true,"href":"https:\/\/damicoline.com\/de\/wp-json\/wp\/v2\/product_tag?post=9888"}],"curies":[{"name":"wp","href":"https:\/\/api.w.org\/{rel}","templated":true}]}}