{"id":9928,"date":"2025-06-20T16:10:15","date_gmt":"2025-06-20T14:10:15","guid":{"rendered":"https:\/\/damicoline.com\/product\/giunto-elastico-ruota-semiasse-piaggio-quargo\/"},"modified":"2026-02-20T20:36:54","modified_gmt":"2026-02-20T19:36:54","slug":"elastische-gelenkwelle-piaggio-quargo-locher-12-mm-oben","status":"publish","type":"product","link":"https:\/\/damicoline.com\/de\/produkt\/elastische-gelenkwelle-piaggio-quargo-locher-12-mm-oben\/","title":{"rendered":"Elastische Gelenkwelle Piaggio Quargo L\u00f6cher 12 mm oben"},"content":{"rendered":"<p><strong>Elastische Gelenkwelle f\u00fcr Piaggio Quargo (L\u00f6cher 12 mm)<\/strong><\/p>\n<p>Ersatzteil f\u00fcr <strong>Piaggio Quargo<\/strong>, dieses <strong>elastische Gelenk<\/strong> verbindet die Antriebswelle mit dem Hinterrad. Ausgestattet mit 12 mm L\u00f6chern, gew\u00e4hrleistet es Vibrationsd\u00e4mpfung und perfekte Kraft\u00fcbertragung. Entwickelt, um langlebig zu sein und eine pr\u00e4zise Kompatibilit\u00e4t mit dem Originalsystem sicherzustellen.<\/p>\n<div class=\"text-sm text-gray-800 font-medium mb-2\"><div class=\"text-sm text-gray-800 font-medium mb-2\"><strong>Referenzcodes:<\/strong> B073421<\/div><\/div>\n<div class=\"oem-box mb-4\">\t\t\t\t<div class=\"oem-box mb-4\">\n\t\t\t\t\t<p class=\"text-sm text-gray-800 font-medium mb-2\">Typ: <strong>Aftermarket<\/strong><\/p>\n\t\t\t\t\t<p class=\"text-sm text-gray-700 mb-1\">Aftermarket-Komponente in Profiqualit\u00e4t, kompatibel mit den auf dieser Seite aufgef\u00fchrten Fahrzeugen.<\/p>\n\t\t\t\t\t<p class=\"text-xs text-gray-500 mt-2\">*Nicht von Piaggio hergestellt oder gebrandet. Marken geh\u00f6ren den jeweiligen Inhabern.<\/p>\n\t\t\t\t<\/div>\n\t\t\t<\/div>\n<section class=\"compatibility-block mb-4\"><section class=\"compatibility-block mb-4\"><div class=\"product-extra-details hide-below-992\"><table class=\"woocommerce-product-attributes\"><tbody><tr><th colspan=\"2\"><span class=\"text-sm font-medium mb-2\">Kompatibel mit:<\/span><\/th><\/tr><tr><th>Fahrzeugmodell \u2013 Rahmenpr\u00e4fix:<\/th><td><a href=\"https:\/\/damicoline.com\/de\/shop\/?vx_brand=PIAGGIO&#038;vx_model=QUARGO%20702%20Diesel%20(2004-2006)&#038;vx_engine=LDW702\/P&#038;vx_years=2004-2006\">\ud83d\ude9a PIAGGIO QUARGO 702 Diesel (2004-2006) LDW702\/P (2004-2006) - ZAPP10000<\/a><\/td><\/tr><tr><th>Fahrzeugmodell \u2013 Rahmenpr\u00e4fix:<\/th><td><a href=\"https:\/\/damicoline.com\/de\/shop\/?vx_brand=PIAGGIO&#038;vx_model=QUARGO%20702%20Diesel%20(2007-2017)&#038;vx_engine=LDW702\/P&#038;vx_years=2007-2017\">\ud83d\ude9a PIAGGIO QUARGO 702 Diesel (2007-2017) LDW702\/P (2007-2017) - ZAP4P10000<\/a><\/td><\/tr><\/tbody><\/table><\/div><\/section><\/section>\n","protected":false},"excerpt":{"rendered":"<p>Elastische Gelenkwelle f\u00fcr Piaggio Quargo (L\u00f6cher 12 mm) Ersatzteil f\u00fcr Piaggio Quargo, dieses elastische Gelenk verbindet die Antriebswelle mit dem Hinterrad. Ausgestattet mit 12 mm L\u00f6chern, gew\u00e4hrleistet es Vibrationsd\u00e4mpfung und perfekte Kraft\u00fcbertragung. Entwickelt, um langlebig zu sein und eine pr\u00e4zise Kompatibilit\u00e4t mit dem Originalsystem sicherzustellen.<\/p>\n","protected":false},"featured_media":9912,"template":"","meta":{"_sitemap_exclude":false,"_sitemap_priority":"","_sitemap_frequency":""},"product_brand":[2670],"product_cat":[1430,1425],"product_tag":[1490],"class_list":{"0":"post-9928","1":"product","2":"type-product","3":"status-publish","4":"has-post-thumbnail","6":"product_brand-aftermarket","7":"product_cat-antriebswelle","8":"product_cat-hintere-kraftubertragung","9":"product_tag-b073421","11":"first","12":"instock","13":"sale","14":"taxable","15":"shipping-taxable","16":"purchasable","17":"product-type-simple"},"_links":{"self":[{"href":"https:\/\/damicoline.com\/de\/wp-json\/wp\/v2\/product\/9928","targetHints":{"allow":["GET"]}}],"collection":[{"href":"https:\/\/damicoline.com\/de\/wp-json\/wp\/v2\/product"}],"about":[{"href":"https:\/\/damicoline.com\/de\/wp-json\/wp\/v2\/types\/product"}],"wp:featuredmedia":[{"embeddable":true,"href":"https:\/\/damicoline.com\/de\/wp-json\/wp\/v2\/media\/9912"}],"wp:attachment":[{"href":"https:\/\/damicoline.com\/de\/wp-json\/wp\/v2\/media?parent=9928"}],"wp:term":[{"taxonomy":"product_brand","embeddable":true,"href":"https:\/\/damicoline.com\/de\/wp-json\/wp\/v2\/product_brand?post=9928"},{"taxonomy":"product_cat","embeddable":true,"href":"https:\/\/damicoline.com\/de\/wp-json\/wp\/v2\/product_cat?post=9928"},{"taxonomy":"product_tag","embeddable":true,"href":"https:\/\/damicoline.com\/de\/wp-json\/wp\/v2\/product_tag?post=9928"}],"curies":[{"name":"wp","href":"https:\/\/api.w.org\/{rel}","templated":true}]}}