{"id":6350,"date":"2026-02-20T07:56:01","date_gmt":"2026-02-20T06:56:01","guid":{"rendered":"https:\/\/damicoline.com\/quieres-conocernos\/"},"modified":"2026-02-20T08:40:47","modified_gmt":"2026-02-20T07:40:47","slug":"quieres-conocernos","status":"publish","type":"page","link":"https:\/\/damicoline.com\/es\/quieres-conocernos\/","title":{"rendered":"quienes-somos"},"content":{"rendered":"\t\t<div data-elementor-type=\"wp-page\" data-elementor-id=\"6350\" class=\"elementor elementor-6350 elementor-2349\">\n\t\t\t\t\t\t<section class=\"elementor-section elementor-top-section elementor-element elementor-element-be2ed4a elementor-section-full_width elementor-section-height-default elementor-section-height-default\" data-id=\"be2ed4a\" data-element_type=\"section\" data-e-type=\"section\">\n\t\t\t\t\t\t<div class=\"elementor-container elementor-column-gap-no\">\n\t\t\t\t\t<div class=\"elementor-column elementor-col-100 elementor-top-column elementor-element elementor-element-fdb95ef\" data-id=\"fdb95ef\" data-element_type=\"column\" data-e-type=\"column\">\n\t\t\t<div class=\"elementor-widget-wrap elementor-element-populated\">\n\t\t\t\t\t\t<div class=\"elementor-element elementor-element-af29231 elementor-widget elementor-widget-partdo-page-banner\" data-id=\"af29231\" data-element_type=\"widget\" data-e-type=\"widget\" data-widget_type=\"partdo-page-banner.default\">\n\t\t\t\t<div class=\"elementor-widget-container\">\n\t\t\t\t\t<div class=\"entry-page-header\"><div class=\"container\"><div class=\"page-header-content\"><h1 class=\"entry-title\">D\u2019AMICO LINE\u00ae S.R.L.<\/h1><div class=\"entry-description\"> <p>Centro t\u00e9cnico especializado en la selecci\u00f3n y distribuci\u00f3n de recambios para veh\u00edculos comerciales ligeros. M\u00e9todo, experiencia y verificaci\u00f3n t\u00e9cnica real.<\/p><\/div><\/div><\/div><div class=\"entry-image\"> <img decoding=\"async\" src=\"https:\/\/damicoline.com\/wp-content\/uploads\/2025\/10\/image-01.jpg\"><\/div><\/div>\t\t\t\t<\/div>\n\t\t\t\t<\/div>\n\t\t\t\t\t<\/div>\n\t\t<\/div>\n\t\t\t\t\t<\/div>\n\t\t<\/section>\n\t\t\t\t<section class=\"elementor-section elementor-top-section elementor-element elementor-element-7b0e655 elementor-section-boxed elementor-section-height-default elementor-section-height-default\" data-id=\"7b0e655\" data-element_type=\"section\" data-e-type=\"section\">\n\t\t\t\t\t\t<div class=\"elementor-container elementor-column-gap-extended\">\n\t\t\t\t\t<div class=\"elementor-column elementor-col-100 elementor-top-column elementor-element elementor-element-6aaf18b white-box\" data-id=\"6aaf18b\" data-element_type=\"column\" data-e-type=\"column\">\n\t\t\t<div class=\"elementor-widget-wrap elementor-element-populated\">\n\t\t\t\t\t\t<div class=\"elementor-element elementor-element-b67e798 elementor-widget elementor-widget-heading\" data-id=\"b67e798\" data-element_type=\"widget\" data-e-type=\"widget\" data-widget_type=\"heading.default\">\n\t\t\t\t\t<p class=\"elementor-heading-title elementor-size-default\"><p>\nD\u2019AMICO LINE\u00ae S.R.L. nace con el objetivo de ofrecer una referencia t\u00e9cnica fiable en el sector de recambios para veh\u00edculos comerciales.\n<\/p><\/p>\t\t\t\t<\/div>\n\t\t\t\t<div class=\"elementor-element elementor-element-ac66458 elementor-widget elementor-widget-heading\" data-id=\"ac66458\" data-element_type=\"widget\" data-e-type=\"widget\" data-widget_type=\"heading.default\">\n\t\t\t\t\t<p class=\"elementor-heading-title elementor-size-default\"><p>\nNuestra actividad se basa en competencia espec\u00edfica, actualizaci\u00f3n continua y conocimiento profundo de las plataformas Piaggio.\n<\/p><\/p>\t\t\t\t<\/div>\n\t\t\t\t\t<\/div>\n\t\t<\/div>\n\t\t\t\t\t<\/div>\n\t\t<\/section>\n\t\t\t\t<section class=\"elementor-section elementor-top-section elementor-element elementor-element-30fba08 elementor-section-boxed elementor-section-height-default elementor-section-height-default\" data-id=\"30fba08\" data-element_type=\"section\" data-e-type=\"section\">\n\t\t\t\t\t\t<div class=\"elementor-container elementor-column-gap-extended\">\n\t\t\t\t\t<div class=\"elementor-column elementor-col-50 elementor-top-column elementor-element elementor-element-ff517c6\" data-id=\"ff517c6\" data-element_type=\"column\" data-e-type=\"column\">\n\t\t\t<div class=\"elementor-widget-wrap elementor-element-populated\">\n\t\t\t\t\t\t<div class=\"elementor-element elementor-element-4efdcae elementor-widget elementor-widget-heading\" data-id=\"4efdcae\" data-element_type=\"widget\" data-e-type=\"widget\" data-widget_type=\"heading.default\">\n\t\t\t\t\t<span class=\"elementor-heading-title elementor-size-default\">01<\/span>\t\t\t\t<\/div>\n\t\t\t\t\t<\/div>\n\t\t<\/div>\n\t\t\t\t<div class=\"elementor-column elementor-col-50 elementor-top-column elementor-element elementor-element-1821dc8\" data-id=\"1821dc8\" data-element_type=\"column\" data-e-type=\"column\">\n\t\t\t<div class=\"elementor-widget-wrap elementor-element-populated\">\n\t\t\t\t\t\t<div class=\"elementor-element elementor-element-57b634f elementor-widget elementor-widget-heading\" data-id=\"57b634f\" data-element_type=\"widget\" data-e-type=\"widget\" data-widget_type=\"heading.default\">\n\t\t\t\t\t<span class=\"elementor-heading-title elementor-size-default\">Especializaci\u00f3n t\u00e9cnica<\/span>\t\t\t\t<\/div>\n\t\t\t\t<div class=\"elementor-element elementor-element-0c6ce1f elementor-widget elementor-widget-heading\" data-id=\"0c6ce1f\" data-element_type=\"widget\" data-e-type=\"widget\" data-widget_type=\"heading.default\">\n\t\t\t\t\t<h2 class=\"elementor-heading-title elementor-size-default\">Especializaci\u00f3n y competencia t\u00e9cnica<\/h2>\t\t\t\t<\/div>\n\t\t\t\t\t<\/div>\n\t\t<\/div>\n\t\t\t\t\t<\/div>\n\t\t<\/section>\n\t\t\t\t<section class=\"elementor-section elementor-top-section elementor-element elementor-element-cc529be elementor-section-boxed elementor-section-height-default elementor-section-height-default\" data-id=\"cc529be\" data-element_type=\"section\" data-e-type=\"section\">\n\t\t\t\t\t\t<div class=\"elementor-container elementor-column-gap-extended\">\n\t\t\t\t\t<div class=\"elementor-column elementor-col-100 elementor-top-column elementor-element elementor-element-c9a36db\" data-id=\"c9a36db\" data-element_type=\"column\" data-e-type=\"column\">\n\t\t\t<div class=\"elementor-widget-wrap elementor-element-populated\">\n\t\t\t\t\t\t<div class=\"elementor-element elementor-element-c84cdb4 elementor-widget elementor-widget-heading\" data-id=\"c84cdb4\" data-element_type=\"widget\" data-e-type=\"widget\" data-widget_type=\"heading.default\">\n\t\t\t\t\t<p class=\"elementor-heading-title elementor-size-default\"><p>\nEstamos especializados en recambios para <strong>Piaggio Porter<\/strong>, <strong>Piaggio Quargo<\/strong> y <strong>Piaggio Ape<\/strong>.\n<\/p>\n<p>\nEl enfoque vertical permite mayor precisi\u00f3n de aplicaci\u00f3n, reduciendo errores e incertidumbres.\n<\/p>\n<p>\nConocemos en detalle motorizaciones, prefijos de chasis, versiones de producci\u00f3n y actualizaciones t\u00e9cnicas a lo largo del tiempo.\n<\/p>\n<p>\nNo buscamos cantidad indiscriminada, sino la correcci\u00f3n t\u00e9cnica de lo que ofrecemos.\n<\/p><\/p>\t\t\t\t<\/div>\n\t\t\t\t\t<\/div>\n\t\t<\/div>\n\t\t\t\t\t<\/div>\n\t\t<\/section>\n\t\t\t\t<section class=\"elementor-section elementor-top-section elementor-element elementor-element-d6d9eb1 elementor-section-boxed elementor-section-height-default elementor-section-height-default\" data-id=\"d6d9eb1\" data-element_type=\"section\" data-e-type=\"section\">\n\t\t\t\t\t\t<div class=\"elementor-container elementor-column-gap-extended\">\n\t\t\t\t\t<div class=\"elementor-column elementor-col-100 elementor-top-column elementor-element elementor-element-a614e8a\" data-id=\"a614e8a\" data-element_type=\"column\" data-e-type=\"column\">\n\t\t\t<div class=\"elementor-widget-wrap elementor-element-populated\">\n\t\t\t\t\t\t<div class=\"elementor-element elementor-element-c8bd301 elementor-widget-divider--view-line elementor-widget elementor-widget-divider\" data-id=\"c8bd301\" data-element_type=\"widget\" data-e-type=\"widget\" data-widget_type=\"divider.default\">\n\t\t\t\t\t\t\t<div class=\"elementor-divider\">\n\t\t\t<span class=\"elementor-divider-separator\">\n\t\t\t\t\t\t<\/span>\n\t\t<\/div>\n\t\t\t\t\t\t<\/div>\n\t\t\t\t\t<\/div>\n\t\t<\/div>\n\t\t\t\t\t<\/div>\n\t\t<\/section>\n\t\t\t\t<section class=\"elementor-section elementor-top-section elementor-element elementor-element-13b5bdf elementor-section-boxed elementor-section-height-default elementor-section-height-default\" data-id=\"13b5bdf\" data-element_type=\"section\" data-e-type=\"section\">\n\t\t\t\t\t\t<div class=\"elementor-container elementor-column-gap-extended\">\n\t\t\t\t\t<div class=\"elementor-column elementor-col-50 elementor-top-column elementor-element elementor-element-23af922\" data-id=\"23af922\" data-element_type=\"column\" data-e-type=\"column\">\n\t\t\t<div class=\"elementor-widget-wrap elementor-element-populated\">\n\t\t\t\t\t\t<div class=\"elementor-element elementor-element-dd3b315 elementor-widget elementor-widget-heading\" data-id=\"dd3b315\" data-element_type=\"widget\" data-e-type=\"widget\" data-widget_type=\"heading.default\">\n\t\t\t\t\t<span class=\"elementor-heading-title elementor-size-default\">02<\/span>\t\t\t\t<\/div>\n\t\t\t\t\t<\/div>\n\t\t<\/div>\n\t\t\t\t<div class=\"elementor-column elementor-col-50 elementor-top-column elementor-element elementor-element-6d6d69f\" data-id=\"6d6d69f\" data-element_type=\"column\" data-e-type=\"column\">\n\t\t\t<div class=\"elementor-widget-wrap elementor-element-populated\">\n\t\t\t\t\t\t<div class=\"elementor-element elementor-element-cd7a98c elementor-widget elementor-widget-heading\" data-id=\"cd7a98c\" data-element_type=\"widget\" data-e-type=\"widget\" data-widget_type=\"heading.default\">\n\t\t\t\t\t<span class=\"elementor-heading-title elementor-size-default\">Selecci\u00f3n verificada<\/span>\t\t\t\t<\/div>\n\t\t\t\t<div class=\"elementor-element elementor-element-08ac546 elementor-widget elementor-widget-heading\" data-id=\"08ac546\" data-element_type=\"widget\" data-e-type=\"widget\" data-widget_type=\"heading.default\">\n\t\t\t\t\t<h2 class=\"elementor-heading-title elementor-size-default\">Proceso de selecci\u00f3n y verificaci\u00f3n\n<\/h2>\t\t\t\t<\/div>\n\t\t\t\t\t<\/div>\n\t\t<\/div>\n\t\t\t\t\t<\/div>\n\t\t<\/section>\n\t\t\t\t<section class=\"elementor-section elementor-top-section elementor-element elementor-element-439d57b elementor-section-boxed elementor-section-height-default elementor-section-height-default\" data-id=\"439d57b\" data-element_type=\"section\" data-e-type=\"section\">\n\t\t\t\t\t\t<div class=\"elementor-container elementor-column-gap-extended\">\n\t\t\t\t\t<div class=\"elementor-column elementor-col-100 elementor-top-column elementor-element elementor-element-ce1008d\" data-id=\"ce1008d\" data-element_type=\"column\" data-e-type=\"column\">\n\t\t\t<div class=\"elementor-widget-wrap elementor-element-populated\">\n\t\t\t\t\t\t<div class=\"elementor-element elementor-element-1334cfc elementor-widget elementor-widget-heading\" data-id=\"1334cfc\" data-element_type=\"widget\" data-e-type=\"widget\" data-widget_type=\"heading.default\">\n\t\t\t\t\t<p class=\"elementor-heading-title elementor-size-default\">\n\n<\/p>\t\t\t\t<\/div>\n\t\t\t\t\t<\/div>\n\t\t<\/div>\n\t\t\t\t\t<\/div>\n\t\t<\/section>\n\t\t\t\t<section class=\"elementor-section elementor-top-section elementor-element elementor-element-af87b43 elementor-section-boxed elementor-section-height-default elementor-section-height-default\" data-id=\"af87b43\" data-element_type=\"section\" data-e-type=\"section\">\n\t\t\t\t\t\t<div class=\"elementor-container elementor-column-gap-extended\">\n\t\t\t\t\t<div class=\"elementor-column elementor-col-50 elementor-top-column elementor-element elementor-element-b126c9c\" data-id=\"b126c9c\" data-element_type=\"column\" data-e-type=\"column\">\n\t\t\t<div class=\"elementor-widget-wrap elementor-element-populated\">\n\t\t\t\t\t\t<div class=\"elementor-element elementor-element-343114d elementor-widget elementor-widget-image\" data-id=\"343114d\" data-element_type=\"widget\" data-e-type=\"widget\" data-widget_type=\"image.default\">\n\t\t\t\t\t\t\t\t\t\t\t\t\t\t\t<img decoding=\"async\" src=\"https:\/\/damicoline.com\/wp-content\/uploads\/2025\/10\/image-04.jpg\" title=\"Experiencia y soporte D&#8217;Amico Line\" alt=\"Experiencia y soporte D&#039;Amico Line\" loading=\"lazy\" \/>\t\t\t\t\t\t\t\t\t\t\t\t\t\t\t<\/div>\n\t\t\t\t\t<\/div>\n\t\t<\/div>\n\t\t\t\t<div class=\"elementor-column elementor-col-50 elementor-top-column elementor-element elementor-element-8eb22a6\" data-id=\"8eb22a6\" data-element_type=\"column\" data-e-type=\"column\">\n\t\t\t<div class=\"elementor-widget-wrap elementor-element-populated\">\n\t\t\t\t\t\t<div class=\"elementor-element elementor-element-ac74e94 elementor-widget elementor-widget-heading\" data-id=\"ac74e94\" data-element_type=\"widget\" data-e-type=\"widget\" data-widget_type=\"heading.default\">\n\t\t\t\t\t<p class=\"elementor-heading-title elementor-size-default\"><p>\n<strong>Selecci\u00f3n t\u00e9cnica dirigida<\/strong><br>\nCada referencia del cat\u00e1logo se eval\u00faa antes de su comercializaci\u00f3n.\nNo seleccionamos solo por disponibilidad de mercado, sino por coherencia t\u00e9cnica y compatibilidad real con las aplicaciones indicadas.\n<\/p><\/p>\t\t\t\t<\/div>\n\t\t\t\t<div class=\"elementor-element elementor-element-9479c7e elementor-widget elementor-widget-heading\" data-id=\"9479c7e\" data-element_type=\"widget\" data-e-type=\"widget\" data-widget_type=\"heading.default\">\n\t\t\t\t\t<p class=\"elementor-heading-title elementor-size-default\"><p>\n<strong>Verificaci\u00f3n de especificaciones<\/strong><br>\nAnalizamos caracter\u00edsticas constructivas, tolerancias dimensionales y calidad de materiales, comparando el componente con la referencia t\u00e9cnica prevista para el veh\u00edculo.\n<\/p>\n<\/p>\t\t\t\t<\/div>\n\t\t\t\t<div class=\"elementor-element elementor-element-84cfbc3 elementor-widget elementor-widget-heading\" data-id=\"84cfbc3\" data-element_type=\"widget\" data-e-type=\"widget\" data-widget_type=\"heading.default\">\n\t\t\t\t\t<p class=\"elementor-heading-title elementor-size-default\"><p>\n<strong>Aprobaci\u00f3n interna<\/strong><br>\nUn producto se ofrece solo tras aprobaci\u00f3n t\u00e9cnica interna.\nSuministramos exclusivamente recambios que cumplen est\u00e1ndares de fiabilidad acordes con el uso profesional.\n<\/p><\/p>\t\t\t\t<\/div>\n\t\t\t\t\t<\/div>\n\t\t<\/div>\n\t\t\t\t\t<\/div>\n\t\t<\/section>\n\t\t\t\t<section class=\"elementor-section elementor-top-section elementor-element elementor-element-9fe7a65 elementor-section-boxed elementor-section-height-default elementor-section-height-default\" data-id=\"9fe7a65\" data-element_type=\"section\" data-e-type=\"section\">\n\t\t\t\t\t\t<div class=\"elementor-container elementor-column-gap-extended\">\n\t\t\t\t\t<div class=\"elementor-column elementor-col-100 elementor-top-column elementor-element elementor-element-d4a1973\" data-id=\"d4a1973\" data-element_type=\"column\" data-e-type=\"column\">\n\t\t\t<div class=\"elementor-widget-wrap elementor-element-populated\">\n\t\t\t\t\t\t<div class=\"elementor-element elementor-element-1c17b18 elementor-widget-divider--view-line elementor-widget elementor-widget-divider\" data-id=\"1c17b18\" data-element_type=\"widget\" data-e-type=\"widget\" data-widget_type=\"divider.default\">\n\t\t\t\t\t\t\t<div class=\"elementor-divider\">\n\t\t\t<span class=\"elementor-divider-separator\">\n\t\t\t\t\t\t<\/span>\n\t\t<\/div>\n\t\t\t\t\t\t<\/div>\n\t\t\t\t\t<\/div>\n\t\t<\/div>\n\t\t\t\t\t<\/div>\n\t\t<\/section>\n\t\t\t\t<section class=\"elementor-section elementor-top-section elementor-element elementor-element-3cce8f6 elementor-section-boxed elementor-section-height-default elementor-section-height-default\" data-id=\"3cce8f6\" data-element_type=\"section\" data-e-type=\"section\">\n\t\t\t\t\t\t<div class=\"elementor-container elementor-column-gap-extended\">\n\t\t\t\t\t<div class=\"elementor-column elementor-col-50 elementor-top-column elementor-element elementor-element-0a11a22\" data-id=\"0a11a22\" data-element_type=\"column\" data-e-type=\"column\">\n\t\t\t<div class=\"elementor-widget-wrap elementor-element-populated\">\n\t\t\t\t\t\t<div class=\"elementor-element elementor-element-96ded2e elementor-widget elementor-widget-heading\" data-id=\"96ded2e\" data-element_type=\"widget\" data-e-type=\"widget\" data-widget_type=\"heading.default\">\n\t\t\t\t\t<span class=\"elementor-heading-title elementor-size-default\">03<\/span>\t\t\t\t<\/div>\n\t\t\t\t\t<\/div>\n\t\t<\/div>\n\t\t\t\t<div class=\"elementor-column elementor-col-50 elementor-top-column elementor-element elementor-element-beecf78\" data-id=\"beecf78\" data-element_type=\"column\" data-e-type=\"column\">\n\t\t\t<div class=\"elementor-widget-wrap elementor-element-populated\">\n\t\t\t\t\t\t<div class=\"elementor-element elementor-element-9cac775 elementor-widget elementor-widget-heading\" data-id=\"9cac775\" data-element_type=\"widget\" data-e-type=\"widget\" data-widget_type=\"heading.default\">\n\t\t\t\t\t<span class=\"elementor-heading-title elementor-size-default\">Soporte profesional<\/span>\t\t\t\t<\/div>\n\t\t\t\t<div class=\"elementor-element elementor-element-8a53186 elementor-widget elementor-widget-heading\" data-id=\"8a53186\" data-element_type=\"widget\" data-e-type=\"widget\" data-widget_type=\"heading.default\">\n\t\t\t\t\t<h2 class=\"elementor-heading-title elementor-size-default\">Asistencia t\u00e9cnica y soporte profesional<\/h2>\t\t\t\t<\/div>\n\t\t\t\t\t<\/div>\n\t\t<\/div>\n\t\t\t\t\t<\/div>\n\t\t<\/section>\n\t\t\t\t<section class=\"elementor-section elementor-top-section elementor-element elementor-element-a370f94 elementor-section-boxed elementor-section-height-default elementor-section-height-default\" data-id=\"a370f94\" data-element_type=\"section\" data-e-type=\"section\">\n\t\t\t\t\t\t<div class=\"elementor-container elementor-column-gap-extended\">\n\t\t\t\t\t<div class=\"elementor-column elementor-col-100 elementor-top-column elementor-element elementor-element-0d4cd62\" data-id=\"0d4cd62\" data-element_type=\"column\" data-e-type=\"column\">\n\t\t\t<div class=\"elementor-widget-wrap elementor-element-populated\">\n\t\t\t\t\t\t<div class=\"elementor-element elementor-element-5bebaad elementor-widget elementor-widget-heading\" data-id=\"5bebaad\" data-element_type=\"widget\" data-e-type=\"widget\" data-widget_type=\"heading.default\">\n\t\t\t\t\t<p class=\"elementor-heading-title elementor-size-default\"><p>\nOfrecemos soporte antes y despu\u00e9s de la compra.\n<\/p>\n<p>\nLa verificaci\u00f3n previa mediante <strong>prefijo de chasis<\/strong>, <strong>c\u00f3digo de motor<\/strong> o <strong>referencia OEM<\/strong> ayuda a reducir errores de aplicaci\u00f3n y tiempos de inmovilizaci\u00f3n.\n<\/p>\n<p>\nColaboramos con talleres, distribuidores y profesionales que requieren continuidad de calidad y precisi\u00f3n t\u00e9cnica.\n<\/p><\/p>\t\t\t\t<\/div>\n\t\t\t\t<div class=\"elementor-element elementor-element-33d7869 elementor-widget elementor-widget-heading\" data-id=\"33d7869\" data-element_type=\"widget\" data-e-type=\"widget\" data-widget_type=\"heading.default\">\n\t\t\t\t\t<p class=\"elementor-heading-title elementor-size-default\"><p>\nD\u2019AMICO LINE\u00ae S.R.L. es una empresa especializada en la selecci\u00f3n t\u00e9cnica de recambios para veh\u00edculos comerciales Piaggio.\n<\/p>\n<p>\nCompetencia, verificaci\u00f3n aplicativa y coherencia t\u00e9cnica son los principios que gu\u00edan cada componente del cat\u00e1logo.\n<\/p><\/p>\t\t\t\t<\/div>\n\t\t\t\t\t<\/div>\n\t\t<\/div>\n\t\t\t\t\t<\/div>\n\t\t<\/section>\n\t\t\t\t<\/div>\n\t\t","protected":false},"excerpt":{"rendered":"<p>D\u2019AMICO LINE\u00ae S.R.L. Centro t\u00e9cnico especializado en la selecci\u00f3n y distribuci\u00f3n de recambios para veh\u00edculos comerciales ligeros. M\u00e9todo, experiencia y verificaci\u00f3n t\u00e9cnica real. D\u2019AMICO LINE\u00ae S.R.L. nace con el objetivo de ofrecer una referencia t\u00e9cnica fiable en el sector de recambios para veh\u00edculos comerciales. Nuestra actividad se basa en competencia espec\u00edfica, actualizaci\u00f3n continua y conocimiento<\/p>\n<div class=\"klb-readmore button\"><a class=\"btn link\" href=\"https:\/\/damicoline.com\/es\/quieres-conocernos\/\">Read More <i class=\"klbth-icon-right-arrow\"><\/i><\/a><\/div>\n","protected":false},"author":1,"featured_media":0,"parent":0,"menu_order":0,"comment_status":"closed","ping_status":"closed","template":"","meta":{"_sitemap_exclude":false,"_sitemap_priority":"","_sitemap_frequency":"","footnotes":""},"class_list":["post-6350","page","type-page","status-publish","hentry"],"_links":{"self":[{"href":"https:\/\/damicoline.com\/es\/wp-json\/wp\/v2\/pages\/6350","targetHints":{"allow":["GET"]}}],"collection":[{"href":"https:\/\/damicoline.com\/es\/wp-json\/wp\/v2\/pages"}],"about":[{"href":"https:\/\/damicoline.com\/es\/wp-json\/wp\/v2\/types\/page"}],"author":[{"embeddable":true,"href":"https:\/\/damicoline.com\/es\/wp-json\/wp\/v2\/users\/1"}],"replies":[{"embeddable":true,"href":"https:\/\/damicoline.com\/es\/wp-json\/wp\/v2\/comments?post=6350"}],"version-history":[{"count":0,"href":"https:\/\/damicoline.com\/es\/wp-json\/wp\/v2\/pages\/6350\/revisions"}],"wp:attachment":[{"href":"https:\/\/damicoline.com\/es\/wp-json\/wp\/v2\/media?parent=6350"}],"curies":[{"name":"wp","href":"https:\/\/api.w.org\/{rel}","templated":true}]}}