{"id":7593,"date":"2025-04-22T16:09:04","date_gmt":"2025-04-22T14:09:04","guid":{"rendered":"https:\/\/damicoline.com\/aviso-legal\/"},"modified":"2025-04-22T16:09:04","modified_gmt":"2025-04-22T14:09:04","slug":"aviso-legal","status":"publish","type":"page","link":"https:\/\/damicoline.com\/es\/aviso-legal\/","title":{"rendered":"Aviso legal"},"content":{"rendered":"\n<!-- Legal document generated by Complianz | GDPR\/CCPA Cookie Consent https:\/\/wordpress.org\/plugins\/complianz-gdpr -->\n<div id=\"cmplz-document\" class=\"cmplz-document impressum cmplz-document-all\"><p><i>Este aviso legal \/ imprint fue actualizado por \u00faltima vez el 27 diciembre 2025.<\/i><\/p><p class=\"cmplz-subtitle\">El propietario de esta web es:<\/p><p>D'AMICO LINE S.R.L. SRL<br>Via Esterna Real Celsi 2 - 90046 Monreale (PA)<br>Italia<br>Correo electr\u00f3nico:&nbsp;<span class=\"cmplz-obfuscate\">&#105;&#110;fo@<span class=\"cmplz-fmail-domain\">ex.c&#111;m<\/span>&#100;&#097;&#109;&#105;&#099;o&#108;ine&#046;it<\/span><br>N\u00famero de tel\u00e9fono: &#43;&#51;&#57;&#32;&#51;&#57;&#51;&#32;&#51;&#49;&#56;&#52;&#32;&#48;&#57;&#54;<br>CIF (N\u00famero de IVA):&nbsp;IT&#48;&#54;&#53;&#51;&#56;&#56;&#54;&#48;&#56;&#50;&#51;<\/p><p class=\"cmplz-subtitle\">El\/Los representante\/s legal\/es de D'AMICO LINE S.R.L. SRL:<\/p><p>Alessandro D\u2019Amico, legale rappresentante<\/p><h2>1. General<\/h2><p class=\"cmplz-subtitle\">1.1 Estamos registrados en Registro Imprese Palermo bajo el n\u00famero de licencia o registro:<\/p><p>PA \u2013 327970<\/p><p>No estamos dispuestos ni obligados a participar en procedimientos de resoluci\u00f3n de conflictos ante una junta de arbitraje de consumo.<\/p><h2>2. La siguiente informaci\u00f3n es obligatoria seg\u00fan la legislaci\u00f3n alemana.<\/h2><p class=\"cmplz-subtitle\">2.1 Die Eigentumsanteile der Gesellschaft (Aktienkapital), die von ihr ausgegeben wurden:<\/p><p>\u20ac 10.000<\/p><p class=\"cmplz-subtitle\">2.2 Unsere Berufshaftpflichtversicherung lautet:<\/p><p>Sede operativa: Via Esterna Real Celsi 2, 90046 Monreale (PA), Italia.<\/p><\/div>\n","protected":false},"excerpt":{"rendered":"","protected":false},"author":1,"featured_media":0,"parent":0,"menu_order":0,"comment_status":"closed","ping_status":"closed","template":"","meta":{"_sitemap_exclude":false,"_sitemap_priority":"","_sitemap_frequency":"","footnotes":""},"class_list":["post-7593","page","type-page","status-publish","hentry"],"_links":{"self":[{"href":"https:\/\/damicoline.com\/es\/wp-json\/wp\/v2\/pages\/7593","targetHints":{"allow":["GET"]}}],"collection":[{"href":"https:\/\/damicoline.com\/es\/wp-json\/wp\/v2\/pages"}],"about":[{"href":"https:\/\/damicoline.com\/es\/wp-json\/wp\/v2\/types\/page"}],"author":[{"embeddable":true,"href":"https:\/\/damicoline.com\/es\/wp-json\/wp\/v2\/users\/1"}],"replies":[{"embeddable":true,"href":"https:\/\/damicoline.com\/es\/wp-json\/wp\/v2\/comments?post=7593"}],"version-history":[{"count":0,"href":"https:\/\/damicoline.com\/es\/wp-json\/wp\/v2\/pages\/7593\/revisions"}],"wp:attachment":[{"href":"https:\/\/damicoline.com\/es\/wp-json\/wp\/v2\/media?parent=7593"}],"curies":[{"name":"wp","href":"https:\/\/api.w.org\/{rel}","templated":true}]}}