{"id":7636,"date":"2025-04-22T08:46:40","date_gmt":"2025-04-22T06:46:40","guid":{"rendered":"https:\/\/damicoline.com\/termini-e-condizioni\/"},"modified":"2025-04-23T17:38:44","modified_gmt":"2025-04-23T15:38:44","slug":"terminos-y-condiciones","status":"publish","type":"page","link":"https:\/\/damicoline.com\/es\/terminos-y-condiciones\/","title":{"rendered":"T\u00e9rminos y Condiciones"},"content":{"rendered":"\t\t<div data-elementor-type=\"wp-page\" data-elementor-id=\"7636\" class=\"elementor elementor-7636 elementor-3558\">\n\t\t\t\t\t\t<section class=\"elementor-section elementor-top-section elementor-element elementor-element-acfe608 elementor-section-boxed elementor-section-height-default elementor-section-height-default\" data-id=\"acfe608\" data-element_type=\"section\" data-e-type=\"section\">\n\t\t\t\t\t\t<div class=\"elementor-container elementor-column-gap-extended\">\n\t\t\t\t\t<div class=\"elementor-column elementor-col-100 elementor-top-column elementor-element elementor-element-aa1b56e\" data-id=\"aa1b56e\" data-element_type=\"column\" data-e-type=\"column\">\n\t\t\t<div class=\"elementor-widget-wrap elementor-element-populated\">\n\t\t\t\t\t\t<div class=\"elementor-element elementor-element-5e87a19 elementor-widget elementor-widget-heading\" data-id=\"5e87a19\" data-element_type=\"widget\" data-e-type=\"widget\" data-widget_type=\"heading.default\">\n\t\t\t\t\t<h3 class=\"elementor-heading-title elementor-size-default\">T\u00e9rminos y Condiciones\n<\/h3>\t\t\t\t<\/div>\n\t\t\t\t<div class=\"elementor-element elementor-element-16cb3a6 elementor-widget elementor-widget-heading\" data-id=\"16cb3a6\" data-element_type=\"widget\" data-e-type=\"widget\" data-widget_type=\"heading.default\">\n\t\t\t\t\t<p class=\"elementor-heading-title elementor-size-default\"><p><strong>\u00daltima actualizaci\u00f3n:<\/strong> 22 de abril de 2025<\/p>\n\n<p>Bienvenido a <strong>marranzanoparts.com<\/strong>, la tienda online oficial de <strong>D\u2019AMICO LINE S.R.L.<\/strong>, con sede en Via Esterna Real Celsi 2, 90046 Monreale (PA), Italia.<\/p>\n<p>Al realizar un pedido en nuestro sitio, el cliente acepta plenamente los siguientes t\u00e9rminos.<\/p>\n<\/p>\t\t\t\t<\/div>\n\t\t\t\t\t<\/div>\n\t\t<\/div>\n\t\t\t\t\t<\/div>\n\t\t<\/section>\n\t\t\t\t<section class=\"elementor-section elementor-top-section elementor-element elementor-element-56d70e7 elementor-section-boxed elementor-section-height-default elementor-section-height-default\" data-id=\"56d70e7\" data-element_type=\"section\" data-e-type=\"section\">\n\t\t\t\t\t\t<div class=\"elementor-container elementor-column-gap-extended\">\n\t\t\t\t\t<div class=\"elementor-column elementor-col-100 elementor-top-column elementor-element elementor-element-2f4c3cd\" data-id=\"2f4c3cd\" data-element_type=\"column\" data-e-type=\"column\">\n\t\t\t<div class=\"elementor-widget-wrap elementor-element-populated\">\n\t\t\t\t\t\t<div class=\"elementor-element elementor-element-fc65848 elementor-widget elementor-widget-heading\" data-id=\"fc65848\" data-element_type=\"widget\" data-e-type=\"widget\" data-widget_type=\"heading.default\">\n\t\t\t\t\t<h3 class=\"elementor-heading-title elementor-size-default\">1. Contrato de Venta<\/h3>\t\t\t\t<\/div>\n\t\t\t\t<div class=\"elementor-element elementor-element-94e2fcd elementor-widget elementor-widget-text-editor\" data-id=\"94e2fcd\" data-element_type=\"widget\" data-e-type=\"widget\" data-widget_type=\"text-editor.default\">\n\t\t\t\t\t\t\t\t\t<ul><li>Los pedidos representan una propuesta de compra vinculante y suponen la aceptaci\u00f3n de las presentes condiciones.<\/li><li>Una vez completada la compra, se enviar\u00e1 una confirmaci\u00f3n del pedido por correo electr\u00f3nico.<\/li><li>En caso de falta de disponibilidad del producto, se informar\u00e1 al cliente, quien podr\u00e1 optar por esperar o recibir un reembolso.<\/li><li>El pedido solo se puede modificar antes del inicio del proceso de preparaci\u00f3n.<\/li><\/ul>\t\t\t\t\t\t\t\t<\/div>\n\t\t\t\t\t<\/div>\n\t\t<\/div>\n\t\t\t\t\t<\/div>\n\t\t<\/section>\n\t\t\t\t<section class=\"elementor-section elementor-top-section elementor-element elementor-element-13b0554 elementor-section-boxed elementor-section-height-default elementor-section-height-default\" data-id=\"13b0554\" data-element_type=\"section\" data-e-type=\"section\">\n\t\t\t\t\t\t<div class=\"elementor-container elementor-column-gap-extended\">\n\t\t\t\t\t<div class=\"elementor-column elementor-col-100 elementor-top-column elementor-element elementor-element-edb710a\" data-id=\"edb710a\" data-element_type=\"column\" data-e-type=\"column\">\n\t\t\t<div class=\"elementor-widget-wrap elementor-element-populated\">\n\t\t\t\t\t\t<div class=\"elementor-element elementor-element-747884e elementor-widget elementor-widget-heading\" data-id=\"747884e\" data-element_type=\"widget\" data-e-type=\"widget\" data-widget_type=\"heading.default\">\n\t\t\t\t\t<h3 class=\"elementor-heading-title elementor-size-default\">2. Derecho de Desistimiento<\/h3>\t\t\t\t<\/div>\n\t\t\t\t<div class=\"elementor-element elementor-element-5050261 elementor-widget elementor-widget-text-editor\" data-id=\"5050261\" data-element_type=\"widget\" data-e-type=\"widget\" data-widget_type=\"text-editor.default\">\n\t\t\t\t\t\t\t\t\t<ul><li>El cliente puede desistir del pedido en un plazo de 30 d\u00edas desde la recepci\u00f3n de los productos.<\/li><li>Enviar un correo a <a href=\"mailto:i&#110;&#102;&#111;&#64;&#109;&#97;&#114;&#114;&#97;&#110;&#122;&#97;&#110;&#111;&#112;&#97;&#114;&#116;&#115;&#46;&#99;&#111;&#109;\">&#105;&#110;&#102;&#111;&#64;&#109;&#97;&#114;&#114;&#97;&#110;&#122;&#97;&#110;&#111;&#112;&#97;&#114;&#116;&#115;&#46;&#99;&#111;&#109;<\/a> y devolver los productos por su cuenta en el embalaje original.<\/li><li>El reembolso (excluyendo los gastos de env\u00edo) se efectuar\u00e1 en un plazo de 48 horas tras la recepci\u00f3n y verificaci\u00f3n de los productos.<\/li><\/ul>\t\t\t\t\t\t\t\t<\/div>\n\t\t\t\t\t<\/div>\n\t\t<\/div>\n\t\t\t\t\t<\/div>\n\t\t<\/section>\n\t\t\t\t<section class=\"elementor-section elementor-top-section elementor-element elementor-element-c11e058 elementor-section-boxed elementor-section-height-default elementor-section-height-default\" data-id=\"c11e058\" data-element_type=\"section\" data-e-type=\"section\">\n\t\t\t\t\t\t<div class=\"elementor-container elementor-column-gap-extended\">\n\t\t\t\t\t<div class=\"elementor-column elementor-col-100 elementor-top-column elementor-element elementor-element-92bbe9b\" data-id=\"92bbe9b\" data-element_type=\"column\" data-e-type=\"column\">\n\t\t\t<div class=\"elementor-widget-wrap elementor-element-populated\">\n\t\t\t\t\t\t<div class=\"elementor-element elementor-element-013940a elementor-widget elementor-widget-heading\" data-id=\"013940a\" data-element_type=\"widget\" data-e-type=\"widget\" data-widget_type=\"heading.default\">\n\t\t\t\t\t<h3 class=\"elementor-heading-title elementor-size-default\">3. Privacidad<\/h3>\t\t\t\t<\/div>\n\t\t\t\t<div class=\"elementor-element elementor-element-5b19a19 elementor-widget elementor-widget-text-editor\" data-id=\"5b19a19\" data-element_type=\"widget\" data-e-type=\"widget\" data-widget_type=\"text-editor.default\">\n\t\t\t\t\t\t\t\t\t<ul>\n \t<li>Los datos personales se tratan conforme a la legislaci\u00f3n vigente y a nuestra <a href=\"https:\/\/damicoline.com\/es\/politica-de-privacidad\/\">Pol\u00edtica de Privacidad<\/a>.<\/li>\n \t<li>Los datos no se compartir\u00e1n con terceros sin consentimiento, salvo por obligaci\u00f3n legal.<\/li>\n \t<li>Se utilizar\u00e1n \u00fanicamente para la gesti\u00f3n de pedidos, soporte y \u2014si se autoriza\u2014 comunicaci\u00f3n comercial.<\/li>\n \t<li>Para modificar o eliminar datos, contacte a <a href=\"mailto:p&#114;&#105;&#118;&#97;&#99;&#121;&#64;&#109;&#97;&#114;&#114;&#97;&#110;&#122;&#97;&#110;&#111;&#112;&#97;&#114;&#116;&#115;&#46;&#99;&#111;&#109;\">&#112;&#114;&#105;&#118;&#97;&#99;&#121;&#64;&#109;&#97;&#114;&#114;&#97;&#110;&#122;&#97;&#110;&#111;&#112;&#97;&#114;&#116;&#115;&#46;&#99;&#111;&#109;<\/a>.<\/li>\n<\/ul>\t\t\t\t\t\t\t\t<\/div>\n\t\t\t\t\t<\/div>\n\t\t<\/div>\n\t\t\t\t\t<\/div>\n\t\t<\/section>\n\t\t\t\t<section class=\"elementor-section elementor-top-section elementor-element elementor-element-2bd9d80 elementor-section-boxed elementor-section-height-default elementor-section-height-default\" data-id=\"2bd9d80\" data-element_type=\"section\" data-e-type=\"section\">\n\t\t\t\t\t\t<div class=\"elementor-container elementor-column-gap-extended\">\n\t\t\t\t\t<div class=\"elementor-column elementor-col-100 elementor-top-column elementor-element elementor-element-229f327\" data-id=\"229f327\" data-element_type=\"column\" data-e-type=\"column\">\n\t\t\t<div class=\"elementor-widget-wrap elementor-element-populated\">\n\t\t\t\t\t\t<div class=\"elementor-element elementor-element-1186243 elementor-widget elementor-widget-heading\" data-id=\"1186243\" data-element_type=\"widget\" data-e-type=\"widget\" data-widget_type=\"heading.default\">\n\t\t\t\t\t<h3 class=\"elementor-heading-title elementor-size-default\">4. Resoluci\u00f3n de Disputas<\/h3>\t\t\t\t<\/div>\n\t\t\t\t<div class=\"elementor-element elementor-element-77bfac6 elementor-widget elementor-widget-text-editor\" data-id=\"77bfac6\" data-element_type=\"widget\" data-e-type=\"widget\" data-widget_type=\"text-editor.default\">\n\t\t\t\t\t\t\t\t\t<ul><li>Las disputas se rigen por la ley italiana.<\/li><li>Jurisdicci\u00f3n competente: <strong>Tribunal de Palermo<\/strong>.<\/li><li>Tambi\u00e9n se puede utilizar la <a href=\"https:\/\/ec.europa.eu\/consumers\/odr\" target=\"_blank\" rel=\"noopener\">plataforma ODR de la UE<\/a> para la resoluci\u00f3n extrajudicial de disputas.<\/li><\/ul>\t\t\t\t\t\t\t\t<\/div>\n\t\t\t\t\t<\/div>\n\t\t<\/div>\n\t\t\t\t\t<\/div>\n\t\t<\/section>\n\t\t\t\t<section class=\"elementor-section elementor-top-section elementor-element elementor-element-189f32c elementor-section-boxed elementor-section-height-default elementor-section-height-default\" data-id=\"189f32c\" data-element_type=\"section\" data-e-type=\"section\">\n\t\t\t\t\t\t<div class=\"elementor-container elementor-column-gap-extended\">\n\t\t\t\t\t<div class=\"elementor-column elementor-col-100 elementor-top-column elementor-element elementor-element-acfa285\" data-id=\"acfa285\" data-element_type=\"column\" data-e-type=\"column\">\n\t\t\t<div class=\"elementor-widget-wrap elementor-element-populated\">\n\t\t\t\t\t\t<div class=\"elementor-element elementor-element-8fe1427 elementor-widget elementor-widget-heading\" data-id=\"8fe1427\" data-element_type=\"widget\" data-e-type=\"widget\" data-widget_type=\"heading.default\">\n\t\t\t\t\t<h3 class=\"elementor-heading-title elementor-size-default\">5. Propiedad Intelectual<\/h3>\t\t\t\t<\/div>\n\t\t\t\t<div class=\"elementor-element elementor-element-ebdbe99 elementor-widget elementor-widget-text-editor\" data-id=\"ebdbe99\" data-element_type=\"widget\" data-e-type=\"widget\" data-widget_type=\"text-editor.default\">\n\t\t\t\t\t\t\t\t\t<p>Todos los contenidos del sitio son propiedad de <strong>D\u2019AMICO LINE S.R.L.<\/strong>. Se proh\u00edbe su reproducci\u00f3n sin autorizaci\u00f3n escrita previa.<\/p>\t\t\t\t\t\t\t\t<\/div>\n\t\t\t\t\t<\/div>\n\t\t<\/div>\n\t\t\t\t\t<\/div>\n\t\t<\/section>\n\t\t\t\t<\/div>\n\t\t","protected":false},"excerpt":{"rendered":"<p>T\u00e9rminos y Condiciones \u00daltima actualizaci\u00f3n: 22 de abril de 2025 Bienvenido a marranzanoparts.com, la tienda online oficial de D\u2019AMICO LINE S.R.L., con sede en Via Esterna Real Celsi 2, 90046 Monreale (PA), Italia. Al realizar un pedido en nuestro sitio, el cliente acepta plenamente los siguientes t\u00e9rminos. 1. Contrato de Venta Los pedidos representan una<\/p>\n<div class=\"klb-readmore button\"><a class=\"btn link\" href=\"https:\/\/damicoline.com\/es\/terminos-y-condiciones\/\">Read More <i class=\"klbth-icon-right-arrow\"><\/i><\/a><\/div>\n","protected":false},"author":1,"featured_media":0,"parent":0,"menu_order":0,"comment_status":"closed","ping_status":"closed","template":"","meta":{"_sitemap_exclude":false,"_sitemap_priority":"","_sitemap_frequency":"","footnotes":""},"class_list":["post-7636","page","type-page","status-publish","hentry"],"_links":{"self":[{"href":"https:\/\/damicoline.com\/es\/wp-json\/wp\/v2\/pages\/7636","targetHints":{"allow":["GET"]}}],"collection":[{"href":"https:\/\/damicoline.com\/es\/wp-json\/wp\/v2\/pages"}],"about":[{"href":"https:\/\/damicoline.com\/es\/wp-json\/wp\/v2\/types\/page"}],"author":[{"embeddable":true,"href":"https:\/\/damicoline.com\/es\/wp-json\/wp\/v2\/users\/1"}],"replies":[{"embeddable":true,"href":"https:\/\/damicoline.com\/es\/wp-json\/wp\/v2\/comments?post=7636"}],"version-history":[{"count":0,"href":"https:\/\/damicoline.com\/es\/wp-json\/wp\/v2\/pages\/7636\/revisions"}],"wp:attachment":[{"href":"https:\/\/damicoline.com\/es\/wp-json\/wp\/v2\/media?parent=7636"}],"curies":[{"name":"wp","href":"https:\/\/api.w.org\/{rel}","templated":true}]}}