{"id":10006,"date":"2025-06-24T17:12:38","date_gmt":"2025-06-24T15:12:38","guid":{"rendered":"https:\/\/damicoline.com\/product\/pompa-carburante-ape-classic-400-euro-4\/"},"modified":"2025-06-24T18:10:55","modified_gmt":"2025-06-24T16:10:55","slug":"bomba-de-combustible-ape-classic-400-euro-4-compatible-top","status":"publish","type":"product","link":"https:\/\/damicoline.com\/es\/producto\/bomba-de-combustible-ape-classic-400-euro-4-compatible-top\/","title":{"rendered":"Bomba de combustible Ape Classic 400 Euro 4 compatible top"},"content":{"rendered":"<p><strong>Bomba de combustible (alimentaci\u00f3n) para Ape Classic 400 Euro 4<\/strong><\/p>\n<p>Bomba de combustible compatible con <strong>Ape Classic 400 Euro 4<\/strong>, tambi\u00e9n conocida como <strong>bomba de alimentaci\u00f3n<\/strong> o <strong>bombita C<\/strong>. Dise\u00f1ada para asegurar un flujo constante de combustible hacia el motor, garantiza eficiencia y fiabilidad en cualquier condici\u00f3n de uso. Esta versi\u00f3n est\u00e1 equipada con <strong>sellado mediante goma o-ring<\/strong>, incluido en el kit.<\/p>\n<div class=\"text-sm text-gray-800 font-medium mb-2\"><div class=\"text-sm text-gray-800 font-medium mb-2\"><strong>C\u00f3digos de referencia:<\/strong> E10G120009<\/div><\/div>\n<div class=\"oem-box mb-4\">\t\t\t\t<div class=\"oem-box mb-4\">\n\t\t\t\t\t<p class=\"text-sm text-gray-800 font-medium mb-2\">Tipo: <strong>Aftermarket<\/strong><\/p>\n\t\t\t\t\t<p class=\"text-sm text-gray-700 mb-1\">Componente aftermarket de calidad profesional, compatible con los veh\u00edculos indicados en esta p\u00e1gina.<\/p>\n\t\t\t\t\t<p class=\"text-xs text-gray-500 mt-2\">*No fabricado ni marcado por Piaggio. Marcas de sus respectivos propietarios.<\/p>\n\t\t\t\t<\/div>\n\t\t\t<\/div>\n<section class=\"compatibility-block mb-4\"><section class=\"compatibility-block mb-4\"><div class=\"product-extra-details hide-below-992\"><table class=\"woocommerce-product-attributes\"><tbody><tr><th colspan=\"2\"><span class=\"text-sm font-medium mb-2\">Compatible con:<\/span><\/th><\/tr><tr><th>Modelo del veh\u00edculo \u2013 Prefijo del chasis:<\/th><td><a href=\"https:\/\/damicoline.com\/es\/tienda\/?vx_brand=PIAGGIO&#038;vx_model=APE%20CLASSIC%20400%20IE%20E4%20(2017-2023)&#038;vx_engine=S6E8&#038;vx_years=2017-2023\">\ud83d\ude9a PIAGGIO APE CLASSIC 400 IE E4 (2017-2023) S6E8 (2017-2023) - MBX000T7BSE<\/a><\/td><\/tr><\/tbody><\/table><\/div><\/section><\/section>\n","protected":false},"excerpt":{"rendered":"<p>Bomba de combustible (alimentaci\u00f3n) para Ape Classic 400 Euro 4 Bomba de combustible compatible con Ape Classic 400 Euro 4, tambi\u00e9n conocida como bomba de alimentaci\u00f3n o bombita C. Dise\u00f1ada para asegurar un flujo constante de combustible hacia el motor, garantiza eficiencia y fiabilidad en cualquier condici\u00f3n de uso. Esta versi\u00f3n est\u00e1 equipada con sellado<\/p>\n<div class=\"klb-readmore button\"><a class=\"btn link\" href=\"https:\/\/damicoline.com\/es\/producto\/bomba-de-combustible-ape-classic-400-euro-4-compatible-top\/\">Read More <i class=\"klbth-icon-right-arrow\"><\/i><\/a><\/div>\n","protected":false},"featured_media":9993,"template":"","meta":{"_sitemap_exclude":false,"_sitemap_priority":"","_sitemap_frequency":""},"product_brand":[2670],"product_cat":[1582,1579],"product_tag":[1589],"class_list":{"0":"post-10006","1":"product","2":"type-product","3":"status-publish","4":"has-post-thumbnail","6":"product_brand-aftermarket","7":"product_cat-bomba-de-combustible","8":"product_cat-sistema-de-alimentacion","9":"product_tag-e10g120009","11":"first","12":"instock","13":"sale","14":"taxable","15":"shipping-taxable","16":"purchasable","17":"product-type-simple"},"_links":{"self":[{"href":"https:\/\/damicoline.com\/es\/wp-json\/wp\/v2\/product\/10006","targetHints":{"allow":["GET"]}}],"collection":[{"href":"https:\/\/damicoline.com\/es\/wp-json\/wp\/v2\/product"}],"about":[{"href":"https:\/\/damicoline.com\/es\/wp-json\/wp\/v2\/types\/product"}],"wp:featuredmedia":[{"embeddable":true,"href":"https:\/\/damicoline.com\/es\/wp-json\/wp\/v2\/media\/9993"}],"wp:attachment":[{"href":"https:\/\/damicoline.com\/es\/wp-json\/wp\/v2\/media?parent=10006"}],"wp:term":[{"taxonomy":"product_brand","embeddable":true,"href":"https:\/\/damicoline.com\/es\/wp-json\/wp\/v2\/product_brand?post=10006"},{"taxonomy":"product_cat","embeddable":true,"href":"https:\/\/damicoline.com\/es\/wp-json\/wp\/v2\/product_cat?post=10006"},{"taxonomy":"product_tag","embeddable":true,"href":"https:\/\/damicoline.com\/es\/wp-json\/wp\/v2\/product_tag?post=10006"}],"curies":[{"name":"wp","href":"https:\/\/api.w.org\/{rel}","templated":true}]}}