{"id":10025,"date":"2025-06-24T18:28:05","date_gmt":"2025-06-24T16:28:05","guid":{"rendered":"https:\/\/damicoline.com\/product\/pompa-carburante-ape-diesel-calessino-classic-ldw422\/"},"modified":"2026-04-22T14:37:23","modified_gmt":"2026-04-22T12:37:23","slug":"bomba-de-combustible-ape-diesel-calessino-classic-ldw-422-lcs-422","status":"publish","type":"product","link":"https:\/\/damicoline.com\/es\/producto\/bomba-de-combustible-ape-diesel-calessino-classic-ldw-422-lcs-422\/","title":{"rendered":"Bomba de combustible Ape Diesel Calessino Classic LDW-422 LCS-422"},"content":{"rendered":"<p><strong>Bomba de combustible (alimentaci\u00f3n) para Ape Diesel, Calessino, Classic \u2013 LDW-422 \/ LCS-422<\/strong><\/p>\n<p>Bomba de combustible compatible con <strong>Ape Diesel, Ape Calessino y Ape Classic<\/strong>, equipados con motor <strong>LDW-422<\/strong> o <strong>LCS-422<\/strong>. Dise\u00f1ada para garantizar un flujo estable de combustible, asegura eficiencia y fiabilidad al sistema de alimentaci\u00f3n di\u00e9sel.<\/p>\n<div class=\"text-sm text-gray-800 font-medium mb-2\"><div class=\"text-sm text-gray-800 font-medium mb-2\"><strong>C\u00f3digos de referencia:<\/strong> L6585139<\/div><\/div>\n<div class=\"oem-box mb-4\"><div class=\"oem-box mb-4\"><p class=\"text-sm text-gray-800 font-medium mb-2\">Tipo: <strong>Aftermarket<\/strong><\/p><p class=\"text-sm text-gray-700 mb-1\">Componente aftermarket de calidad profesional, compatible con los veh\u00edculos indicados en esta p\u00e1gina.<\/p><p class=\"text-xs text-gray-500 mt-2\">No fabricado ni marcado por Piaggio. Marcas de sus respectivos propietarios.<\/p><\/div><\/div>\n<section class=\"compatibility-block mb-4\"><section class=\"compatibility-block mb-4\"><div class=\"product-extra-details\"><table class=\"woocommerce-product-attributes\"><tbody><tr><th colspan=\"2\"><span class=\"text-sm font-medium mb-2\">Compatible con:<\/span><\/th><\/tr><tr><th>Modelo del veh\u00edculo \u2013 Prefijo del chasis:<\/th><td>\ud83d\ude9a PIAGGIO APE CALESSINO 422 E2 (2007-2012) LDW422 (2007-2012) - ZAPT2D4MC, ZAPT3E9AC<\/td><\/tr><tr><th>Modelo del veh\u00edculo \u2013 Prefijo del chasis:<\/th><td>\ud83d\ude9a PIAGGIO APE CLASSIC MP601 E2 (2006-2013) LDW422 (2006-2013) - MC349B0D26B<\/td><\/tr><tr><th>Modelo del veh\u00edculo \u2013 Prefijo del chasis:<\/th><td>\ud83d\ude9a PIAGGIO APE TM703 DIESEL LCS 422 E1 (2005-2012) ATD2M (2005-2012) - ZAPT10000<\/td><\/tr><\/tbody><\/table><\/div><\/section><\/section>\n","protected":false},"excerpt":{"rendered":"<p>Bomba de combustible (alimentaci\u00f3n) para Ape Diesel, Calessino, Classic \u2013 LDW-422 \/ LCS-422 Bomba de combustible compatible con Ape Diesel, Ape Calessino y Ape Classic, equipados con motor LDW-422 o LCS-422. Dise\u00f1ada para garantizar un flujo estable de combustible, asegura eficiencia y fiabilidad al sistema de alimentaci\u00f3n di\u00e9sel.<\/p>\n","protected":false},"featured_media":10020,"template":"","meta":[],"product_brand":[2670],"product_cat":[1582,1579],"product_tag":[1600],"class_list":{"0":"post-10025","1":"product","2":"type-product","3":"status-publish","4":"has-post-thumbnail","6":"product_brand-aftermarket","7":"product_cat-bomba-de-combustible","8":"product_cat-sistema-de-alimentacion","9":"product_tag-l6585139","11":"first","12":"instock","13":"sale","14":"taxable","15":"shipping-taxable","16":"purchasable","17":"product-type-simple"},"_links":{"self":[{"href":"https:\/\/damicoline.com\/es\/wp-json\/wp\/v2\/product\/10025","targetHints":{"allow":["GET"]}}],"collection":[{"href":"https:\/\/damicoline.com\/es\/wp-json\/wp\/v2\/product"}],"about":[{"href":"https:\/\/damicoline.com\/es\/wp-json\/wp\/v2\/types\/product"}],"wp:featuredmedia":[{"embeddable":true,"href":"https:\/\/damicoline.com\/es\/wp-json\/wp\/v2\/media\/10020"}],"wp:attachment":[{"href":"https:\/\/damicoline.com\/es\/wp-json\/wp\/v2\/media?parent=10025"}],"wp:term":[{"taxonomy":"product_brand","embeddable":true,"href":"https:\/\/damicoline.com\/es\/wp-json\/wp\/v2\/product_brand?post=10025"},{"taxonomy":"product_cat","embeddable":true,"href":"https:\/\/damicoline.com\/es\/wp-json\/wp\/v2\/product_cat?post=10025"},{"taxonomy":"product_tag","embeddable":true,"href":"https:\/\/damicoline.com\/es\/wp-json\/wp\/v2\/product_tag?post=10025"}],"curies":[{"name":"wp","href":"https:\/\/api.w.org\/{rel}","templated":true}]}}