{"id":10488,"date":"2025-07-04T18:16:01","date_gmt":"2025-07-04T16:16:01","guid":{"rendered":"https:\/\/damicoline.com\/product\/kit-crociera-albero-trasmissione-piaggio-porter-27x62\/"},"modified":"2026-04-22T14:39:54","modified_gmt":"2026-04-22T12:39:54","slug":"kit-cruceta-arbol-de-transmision-piaggio-porter-27x62","status":"publish","type":"product","link":"https:\/\/damicoline.com\/es\/producto\/kit-cruceta-arbol-de-transmision-piaggio-porter-27x62\/","title":{"rendered":"Kit cruceta \u00e1rbol de transmisi\u00f3n Piaggio Porter 27&#215;62"},"content":{"rendered":"<p><strong>Kit cruceta revisi\u00f3n \u00e1rbol de transmisi\u00f3n 27&#215;62 para Piaggio Porter<\/strong><\/p>\n<p>Repuesto espec\u00edfico para la <strong>revisi\u00f3n del \u00e1rbol de transmisi\u00f3n<\/strong> en <strong>Piaggio Porter<\/strong>. El kit incluye una cruceta con <strong>medida 27&#215;62<\/strong>, dise\u00f1ada para restablecer la plena eficiencia del \u00e1rbol, eliminando holguras y vibraciones.<\/p>\n<div class=\"text-sm text-gray-800 font-medium mb-2\"><div class=\"text-sm text-gray-800 font-medium mb-2\"><strong>C\u00f3digos de referencia:<\/strong>&#32;&#48;&#52;&#51;&#55;&#49;&#56;&#55;&#53;&#48;&#53;&#48;&#48;0<\/div><\/div>\n<div class=\"oem-box mb-4\"><div class=\"oem-box mb-4\"><p class=\"text-sm text-gray-800 font-medium mb-2\">Tipo: <strong>Aftermarket<\/strong><\/p><p class=\"text-sm text-gray-700 mb-1\">Componente aftermarket de calidad profesional, compatible con los veh\u00edculos indicados en esta p\u00e1gina.<\/p><p class=\"text-xs text-gray-500 mt-2\">No fabricado ni marcado por Piaggio. Marcas de sus respectivos propietarios.<\/p><\/div><\/div>\n<section class=\"compatibility-block mb-4\"><section class=\"compatibility-block mb-4\"><div class=\"product-extra-details\"><table class=\"woocommerce-product-attributes\"><tbody><tr><th colspan=\"2\"><span class=\"text-sm font-medium mb-2\">Compatible con:<\/span><\/th><\/tr><tr><th>Modelo del veh\u00edculo \u2013 Prefijo del chasis:<\/th><td>\ud83d\ude9a PIAGGIO PORTER Pianale piatto 1.4 D (1998-2005) LDW1404\/P (1998-2005) - ZAPS&#56;&#53;&#48;&#48;&#48;&#48;&#48;&#52;, ZAPS&#56;&#53;&#48;&#48;&#48;&#48;&#48;&#55;, ZAPS85V00004, ZAPS85V00007<\/td><\/tr><tr><th>Modelo del veh\u00edculo \u2013 Prefijo del chasis:<\/th><td>\ud83d\ude9a PIAGGIO PORTER Pianale piatto\/Telaio 1.3 16V (1998-2009) HC-EL (1998-2009) - ZAPS85000, ZAPS85V00<\/td><\/tr><tr><th>Modelo del veh\u00edculo \u2013 Prefijo del chasis:<\/th><td>\ud83d\ude9a PIAGGIO PORTER Pianale piatto\/Telaio 1.3 16V Up-Date E3 (2009-2010) HC-EL (2009-2010) - ZAPS90CH, ZAPS90PH, ZAPS90TH, ZAPS90VH<\/td><\/tr><\/tbody><\/table><\/div><\/section><\/section>\n","protected":false},"excerpt":{"rendered":"<p>Kit cruceta revisi\u00f3n \u00e1rbol de transmisi\u00f3n 27&#215;62 para Piaggio Porter Repuesto espec\u00edfico para la revisi\u00f3n del \u00e1rbol de transmisi\u00f3n en Piaggio Porter. El kit incluye una cruceta con medida 27&#215;62, dise\u00f1ada para restablecer la plena eficiencia del \u00e1rbol, eliminando holguras y vibraciones.<\/p>\n","protected":false},"featured_media":10475,"template":"","meta":[],"product_brand":[2670],"product_cat":[1811,1427],"product_tag":[1812],"class_list":{"0":"post-10488","1":"product","2":"type-product","3":"status-publish","4":"has-post-thumbnail","6":"product_brand-aftermarket","7":"product_cat-arbol-de-transmision","8":"product_cat-transmision-trasera","9":"product_tag-1812","11":"first","12":"instock","13":"sale","14":"taxable","15":"shipping-taxable","16":"purchasable","17":"product-type-simple"},"_links":{"self":[{"href":"https:\/\/damicoline.com\/es\/wp-json\/wp\/v2\/product\/10488","targetHints":{"allow":["GET"]}}],"collection":[{"href":"https:\/\/damicoline.com\/es\/wp-json\/wp\/v2\/product"}],"about":[{"href":"https:\/\/damicoline.com\/es\/wp-json\/wp\/v2\/types\/product"}],"wp:featuredmedia":[{"embeddable":true,"href":"https:\/\/damicoline.com\/es\/wp-json\/wp\/v2\/media\/10475"}],"wp:attachment":[{"href":"https:\/\/damicoline.com\/es\/wp-json\/wp\/v2\/media?parent=10488"}],"wp:term":[{"taxonomy":"product_brand","embeddable":true,"href":"https:\/\/damicoline.com\/es\/wp-json\/wp\/v2\/product_brand?post=10488"},{"taxonomy":"product_cat","embeddable":true,"href":"https:\/\/damicoline.com\/es\/wp-json\/wp\/v2\/product_cat?post=10488"},{"taxonomy":"product_tag","embeddable":true,"href":"https:\/\/damicoline.com\/es\/wp-json\/wp\/v2\/product_tag?post=10488"}],"curies":[{"name":"wp","href":"https:\/\/api.w.org\/{rel}","templated":true}]}}