{"id":10557,"date":"2025-07-07T17:25:32","date_gmt":"2025-07-07T15:25:32","guid":{"rendered":"https:\/\/damicoline.com\/product\/giunto-elastico-semiasse-piaggio-ape\/"},"modified":"2026-04-22T14:40:15","modified_gmt":"2026-04-22T12:40:15","slug":"acoplamiento-elastico-semieje-para-piaggio-ape-resistente","status":"publish","type":"product","link":"https:\/\/damicoline.com\/es\/producto\/acoplamiento-elastico-semieje-para-piaggio-ape-resistente\/","title":{"rendered":"Acoplamiento el\u00e1stico semieje para Piaggio Ape resistente"},"content":{"rendered":"<p><strong>Acoplamiento el\u00e1stico parachoques semieje para Piaggio Ape<\/strong><\/p>\n<p>Repuesto compatible con <strong>Piaggio Ape<\/strong>, el <strong>acoplamiento el\u00e1stico parachoques<\/strong> est\u00e1 dise\u00f1ado para reducir las vibraciones y proteger el \u00e1rbol de transmisi\u00f3n. Este componente flexible asegura continuidad de movimiento y resistencia al desgaste en la conexi\u00f3n entre semieje y transmisi\u00f3n.<\/p>\n<div class=\"text-sm text-gray-800 font-medium mb-2\"><div class=\"text-sm text-gray-800 font-medium mb-2\"><strong>C\u00f3digos de referencia:<\/strong>&#32;&#50;&#50;&#56;&#51;&#48;&#50;&#48;&#48;&#48;&#49; \u2013 604535P<\/div><\/div>\n<div class=\"oem-box mb-4\"><div class=\"oem-box mb-4\"><p class=\"text-sm text-gray-800 font-medium mb-2\">Tipo: <strong>Original Piaggio<\/strong><\/p><p class=\"text-sm text-gray-700 mb-1\">Componente original Piaggio, dise\u00f1ado para ajuste y rendimiento correctos.<\/p><p class=\"text-xs text-gray-500 mt-2\">Las marcas pertenecen a sus respectivos propietarios.<\/p><\/div><\/div>\n<section class=\"compatibility-block mb-4\"><section class=\"compatibility-block mb-4\"><div class=\"product-extra-details\"><table class=\"woocommerce-product-attributes\"><tbody><tr><th colspan=\"2\"><span class=\"text-sm font-medium mb-2\">Compatible con:<\/span><\/th><\/tr><tr><th>Modelo del veh\u00edculo \u2013 Prefijo del chasis:<\/th><td>\ud83d\ude9a PIAGGIO APE CALESSINO 200 E2 (2013-2017) TBP4M (2013-2017) - ZAPT42PMC, ZAPT42P00<\/td><\/tr><tr><th>Modelo del veh\u00edculo \u2013 Prefijo del chasis:<\/th><td>\ud83d\ude9a PIAGGIO APE CALESSINO 200 HPE E4 (2017-2023) TBPDF (2017-2023) - ZAPT64P00<\/td><\/tr><tr><th>Modelo del veh\u00edculo \u2013 Prefijo del chasis:<\/th><td>\ud83d\ude9a PIAGGIO APE CALESSINO 422 E2 (2007-2012) LDW422 (2007-2012) - ZAPT2D4MC, ZAPT3E9AC<\/td><\/tr><tr><th>Modelo del veh\u00edculo \u2013 Prefijo del chasis:<\/th><td>\ud83d\ude9a PIAGGIO APE CLASSIC 400 IE E2 (2014-2017) S4C8 (2014-2017) - MBX000T58RC<\/td><\/tr><tr><th>Modelo del veh\u00edculo \u2013 Prefijo del chasis:<\/th><td>\ud83d\ude9a PIAGGIO APE CLASSIC 400 IE E4 (2017-2023) S6E8 (2017-2023) - MBX000T7BSE<\/td><\/tr><tr><th>Modelo del veh\u00edculo \u2013 Prefijo del chasis:<\/th><td>\ud83d\ude9a PIAGGIO APE CLASSIC MP601 E2 (2006-2013) LDW422 (2006-2013) - MC349B0D26B<\/td><\/tr><tr><th>Modelo del veh\u00edculo \u2013 Prefijo del chasis:<\/th><td>\ud83d\ude9a PIAGGIO APE TM703 DIESEL LCS 422 E1 (2005-2012) ATD2M (2005-2012) - ZAPT10000<\/td><\/tr><\/tbody><\/table><\/div><\/section><\/section>\n","protected":false},"excerpt":{"rendered":"<p>Acoplamiento el\u00e1stico parachoques semieje para Piaggio Ape Repuesto compatible con Piaggio Ape, el acoplamiento el\u00e1stico parachoques est\u00e1 dise\u00f1ado para reducir las vibraciones y proteger el \u00e1rbol de transmisi\u00f3n. Este componente flexible asegura continuidad de movimiento y resistencia al desgaste en la conexi\u00f3n entre semieje y transmisi\u00f3n.<\/p>\n","protected":false},"featured_media":10525,"template":"","meta":[],"product_brand":[2672],"product_cat":[1432,1427],"product_tag":[1852,1853],"class_list":{"0":"post-10557","1":"product","2":"type-product","3":"status-publish","4":"has-post-thumbnail","6":"product_brand-piaggio","7":"product_cat-semieje","8":"product_cat-transmision-trasera","9":"product_tag-1852","10":"product_tag-604535p","12":"first","13":"instock","14":"sale","15":"taxable","16":"shipping-taxable","17":"purchasable","18":"product-type-simple"},"_links":{"self":[{"href":"https:\/\/damicoline.com\/es\/wp-json\/wp\/v2\/product\/10557","targetHints":{"allow":["GET"]}}],"collection":[{"href":"https:\/\/damicoline.com\/es\/wp-json\/wp\/v2\/product"}],"about":[{"href":"https:\/\/damicoline.com\/es\/wp-json\/wp\/v2\/types\/product"}],"wp:featuredmedia":[{"embeddable":true,"href":"https:\/\/damicoline.com\/es\/wp-json\/wp\/v2\/media\/10525"}],"wp:attachment":[{"href":"https:\/\/damicoline.com\/es\/wp-json\/wp\/v2\/media?parent=10557"}],"wp:term":[{"taxonomy":"product_brand","embeddable":true,"href":"https:\/\/damicoline.com\/es\/wp-json\/wp\/v2\/product_brand?post=10557"},{"taxonomy":"product_cat","embeddable":true,"href":"https:\/\/damicoline.com\/es\/wp-json\/wp\/v2\/product_cat?post=10557"},{"taxonomy":"product_tag","embeddable":true,"href":"https:\/\/damicoline.com\/es\/wp-json\/wp\/v2\/product_tag?post=10557"}],"curies":[{"name":"wp","href":"https:\/\/api.w.org\/{rel}","templated":true}]}}