{"id":10623,"date":"2025-07-08T15:12:50","date_gmt":"2025-07-08T13:12:50","guid":{"rendered":"https:\/\/damicoline.com\/product\/kit-cuffia-semiasse-olio-piaggio-ape-ldw422-lcs422\/"},"modified":"2026-04-22T14:40:43","modified_gmt":"2026-04-22T12:40:43","slug":"kit-fuelle-de-aceite-semieje-piaggio-ape-ldw422-y-lcs422","status":"publish","type":"product","link":"https:\/\/damicoline.com\/es\/producto\/kit-fuelle-de-aceite-semieje-piaggio-ape-ldw422-y-lcs422\/","title":{"rendered":"Kit fuelle de aceite semieje Piaggio Ape LDW422 y LCS422"},"content":{"rendered":"<p><strong>Kit fuelle de retenci\u00f3n de aceite para semieje Piaggio Ape LDW422 y LCS422<\/strong><\/p>\n<p>Compatibile con <strong>Piaggio Ape Calessino LDW422<\/strong> y <strong>Ape LCS 422<\/strong>, este <strong>kit fuelle semieje<\/strong> est\u00e1 dise\u00f1ado para garantizar la retenci\u00f3n del aceite en las juntas homocin\u00e9ticas.<\/p>\n<p>El kit incluye:<\/p>\n<ul>\n<li><strong>Fuelle interno<\/strong> c\u00f3digo L2920189<\/li>\n<li><strong>Fuelle externo<\/strong> c\u00f3digo L2920190<\/li>\n<li><strong>Abrazadera de sujeci\u00f3n<\/strong><\/li>\n<\/ul>\n<p>Estos fuelles de retenci\u00f3n de aceite aseguran protecci\u00f3n contra fugas e infiltraciones, preservando el correcto funcionamiento del semieje.<\/p>\n<div class=\"text-sm text-gray-800 font-medium mb-2\"><div class=\"text-sm text-gray-800 font-medium mb-2\"><strong>C\u00f3digos de referencia:<\/strong> L2920189 \u2013 L2920190 \u2013 L2920196<\/div><\/div>\n<div class=\"oem-box mb-4\"><div class=\"oem-box mb-4\"><p class=\"text-sm text-gray-800 font-medium mb-2\">Tipo: <strong>Aftermarket<\/strong><\/p><p class=\"text-sm text-gray-700 mb-1\">Componente aftermarket de calidad profesional, compatible con los veh\u00edculos indicados en esta p\u00e1gina.<\/p><p class=\"text-xs text-gray-500 mt-2\">No fabricado ni marcado por Piaggio. Marcas de sus respectivos propietarios.<\/p><\/div><\/div>\n<section class=\"compatibility-block mb-4\"><section class=\"compatibility-block mb-4\"><div class=\"product-extra-details hide-below-992\"><table class=\"woocommerce-product-attributes\"><tbody><tr><th colspan=\"2\"><span class=\"text-sm font-medium mb-2\">Compatible con:<\/span><\/th><\/tr><tr><th>Modelo del veh\u00edculo \u2013 Prefijo del chasis:<\/th><td><a href=\"https:\/\/damicoline.com\/es\/tienda\/?vx_brand=PIAGGIO&#038;vx_model=APE%20CALESSINO%20422%20E2%20(2007-2012)&#038;vx_engine=LDW422&#038;vx_years=2007-2012\">\ud83d\ude9a PIAGGIO APE CALESSINO 422 E2 (2007-2012) LDW422 (2007-2012) - ZAPT2D4MC, ZAPT3E9AC<\/a><\/td><\/tr><tr><th>Modelo del veh\u00edculo \u2013 Prefijo del chasis:<\/th><td><a href=\"https:\/\/damicoline.com\/es\/tienda\/?vx_brand=PIAGGIO&#038;vx_model=APE%20CLASSIC%20MP601%20E2%20(2006-2013)&#038;vx_engine=LDW422&#038;vx_years=2006-2013\">\ud83d\ude9a PIAGGIO APE CLASSIC MP601 E2 (2006-2013) LDW422 (2006-2013) - MC349B0D26B<\/a><\/td><\/tr><tr><th>Modelo del veh\u00edculo \u2013 Prefijo del chasis:<\/th><td><a href=\"https:\/\/damicoline.com\/es\/tienda\/?vx_brand=PIAGGIO&#038;vx_model=APE%20TM703%20DIESEL%20LCS%20422%20E1%20(2005-2012)&#038;vx_engine=ATD2M&#038;vx_years=2005-2012\">\ud83d\ude9a PIAGGIO APE TM703 DIESEL LCS 422 E1 (2005-2012) ATD2M (2005-2012) - ZAPT10000<\/a><\/td><\/tr><\/tbody><\/table><\/div><\/section><\/section>\n","protected":false},"excerpt":{"rendered":"<p>Kit fuelle de retenci\u00f3n de aceite para semieje Piaggio Ape LDW422 y LCS422 Compatibile con Piaggio Ape Calessino LDW422 y Ape LCS 422, este kit fuelle semieje est\u00e1 dise\u00f1ado para garantizar la retenci\u00f3n del aceite en las juntas homocin\u00e9ticas. El kit incluye: Fuelle interno c\u00f3digo L2920189 Fuelle externo c\u00f3digo L2920190 Abrazadera de sujeci\u00f3n Estos fuelles<\/p>\n<div class=\"klb-readmore button\"><a class=\"btn link\" href=\"https:\/\/damicoline.com\/es\/producto\/kit-fuelle-de-aceite-semieje-piaggio-ape-ldw422-y-lcs422\/\">Read More <i class=\"klbth-icon-right-arrow\"><\/i><\/a><\/div>\n","protected":false},"featured_media":10606,"template":"","meta":{"_sitemap_exclude":false,"_sitemap_priority":"","_sitemap_frequency":""},"product_brand":[2670],"product_cat":[1432,1427],"product_tag":[1875,1876,1877],"class_list":{"0":"post-10623","1":"product","2":"type-product","3":"status-publish","4":"has-post-thumbnail","6":"product_brand-aftermarket","7":"product_cat-semieje","8":"product_cat-transmision-trasera","9":"product_tag-l2920189","10":"product_tag-l2920190","11":"product_tag-l2920196","13":"first","14":"outofstock","15":"sale","16":"taxable","17":"shipping-taxable","18":"purchasable","19":"product-type-simple"},"_links":{"self":[{"href":"https:\/\/damicoline.com\/es\/wp-json\/wp\/v2\/product\/10623","targetHints":{"allow":["GET"]}}],"collection":[{"href":"https:\/\/damicoline.com\/es\/wp-json\/wp\/v2\/product"}],"about":[{"href":"https:\/\/damicoline.com\/es\/wp-json\/wp\/v2\/types\/product"}],"wp:featuredmedia":[{"embeddable":true,"href":"https:\/\/damicoline.com\/es\/wp-json\/wp\/v2\/media\/10606"}],"wp:attachment":[{"href":"https:\/\/damicoline.com\/es\/wp-json\/wp\/v2\/media?parent=10623"}],"wp:term":[{"taxonomy":"product_brand","embeddable":true,"href":"https:\/\/damicoline.com\/es\/wp-json\/wp\/v2\/product_brand?post=10623"},{"taxonomy":"product_cat","embeddable":true,"href":"https:\/\/damicoline.com\/es\/wp-json\/wp\/v2\/product_cat?post=10623"},{"taxonomy":"product_tag","embeddable":true,"href":"https:\/\/damicoline.com\/es\/wp-json\/wp\/v2\/product_tag?post=10623"}],"curies":[{"name":"wp","href":"https:\/\/api.w.org\/{rel}","templated":true}]}}