{"id":10674,"date":"2025-07-07T15:49:38","date_gmt":"2025-07-07T13:49:38","guid":{"rendered":"https:\/\/damicoline.com\/product\/tamburo-freno-piaggio-porter-np6-sw3070-sw2650\/"},"modified":"2026-04-22T14:40:09","modified_gmt":"2026-04-22T12:40:09","slug":"tambor-de-freno-piaggio-porter-np6-sw3070-y-sw2650-5-agujeros","status":"publish","type":"product","link":"https:\/\/damicoline.com\/es\/producto\/tambor-de-freno-piaggio-porter-np6-sw3070-y-sw2650-5-agujeros\/","title":{"rendered":"Tambor de freno Piaggio Porter NP6 SW3070 y SW2650 5 agujeros"},"content":{"rendered":"<p><strong>Tambor de freno trasero para Piaggio Porter NP6 (SW 3070 &#8211; SW 2650)<\/strong><\/p>\n<p>Este tambor de freno trasero est\u00e1 dise\u00f1ado para los modelos est\u00e1ndar del <strong>Piaggio Porter NP6<\/strong> con <strong>acople de cubo de 5 agujeros<\/strong>. No compatible con la versi\u00f3n Maxxi, que utiliza un acople de 6 agujeros.<\/p>\n<div class=\"text-sm text-gray-800 font-medium mb-2\"><div class=\"text-sm text-gray-800 font-medium mb-2\"><strong>C\u00f3digos de referencia:<\/strong> WET&#50;&#52;&#48;&#48;&#52;&#48;&#49;&#48;&#48;A0<\/div><\/div>\n<div class=\"oem-box mb-4\"><div class=\"oem-box mb-4\"><p class=\"text-sm text-gray-800 font-medium mb-2\">Tipo: <strong>OEM (Foton)<\/strong><\/p><p class=\"text-sm text-gray-700 mb-1\">Componente de nivel OEM fabricado por Foton, seg\u00fan especificaci\u00f3n original para ajuste y funcionamiento correctos.<\/p><p class=\"text-xs text-gray-500 mt-2\">No est\u00e1 marcado por Piaggio. Marcas de sus respectivos due\u00f1os.<\/p><\/div><\/div>\n<section class=\"compatibility-block mb-4\"><section class=\"compatibility-block mb-4\"><div class=\"product-extra-details hide-below-992\"><table class=\"woocommerce-product-attributes\"><tbody><tr><th colspan=\"2\"><span class=\"text-sm font-medium mb-2\">Compatible con:<\/span><\/th><\/tr><tr><th>Modelo del veh\u00edculo \u2013 Prefijo del chasis:<\/th><td><a href=\"https:\/\/damicoline.com\/es\/tienda\/?vx_brand=PIAGGIO&#038;vx_model=PORTER%20NP6%20STANDARD%20SW2650%201.5%20CNG%20(2021-)&#038;vx_engine=M15KRP&#038;vx_years=2021-\">\ud83d\ude9a PIAGGIO PORTER NP6 STANDARD SW2650 1.5 CNG (2021-) M15KRP (2021-) - ZAPNP6C1A0P, ZAPNP6B1A0P<\/a><\/td><\/tr><tr><th>Modelo del veh\u00edculo \u2013 Prefijo del chasis:<\/th><td><a href=\"https:\/\/damicoline.com\/es\/tienda\/?vx_brand=PIAGGIO&#038;vx_model=PORTER%20NP6%20STANDARD%20SW3070%201.5%20CNG%20(2021-)&#038;vx_engine=M15KRP&#038;vx_years=2021-\">\ud83d\ude9a PIAGGIO PORTER NP6 STANDARD SW3070 1.5 CNG (2021-) M15KRP (2021-) - ZAPNP6C1B0P, ZAPNP6B1B0P<\/a><\/td><\/tr><\/tbody><\/table><\/div><\/section><\/section>\n","protected":false},"excerpt":{"rendered":"<p>Tambor de freno trasero para Piaggio Porter NP6 (SW 3070 &#8211; SW 2650) Este tambor de freno trasero est\u00e1 dise\u00f1ado para los modelos est\u00e1ndar del Piaggio Porter NP6 con acople de cubo de 5 agujeros. No compatible con la versi\u00f3n Maxxi, que utiliza un acople de 6 agujeros.<\/p>\n","protected":false},"featured_media":10669,"template":"","meta":{"_sitemap_exclude":false,"_sitemap_priority":"","_sitemap_frequency":""},"product_brand":[2670],"product_cat":[415,410],"product_tag":[1900],"class_list":{"0":"post-10674","1":"product","2":"type-product","3":"status-publish","4":"has-post-thumbnail","6":"product_brand-aftermarket","7":"product_cat-freno-de-tambor","8":"product_cat-sistema-de-frenado","9":"product_tag-wet240040100a0","11":"first","12":"instock","13":"sale","14":"taxable","15":"shipping-taxable","16":"purchasable","17":"product-type-simple"},"_links":{"self":[{"href":"https:\/\/damicoline.com\/es\/wp-json\/wp\/v2\/product\/10674","targetHints":{"allow":["GET"]}}],"collection":[{"href":"https:\/\/damicoline.com\/es\/wp-json\/wp\/v2\/product"}],"about":[{"href":"https:\/\/damicoline.com\/es\/wp-json\/wp\/v2\/types\/product"}],"wp:featuredmedia":[{"embeddable":true,"href":"https:\/\/damicoline.com\/es\/wp-json\/wp\/v2\/media\/10669"}],"wp:attachment":[{"href":"https:\/\/damicoline.com\/es\/wp-json\/wp\/v2\/media?parent=10674"}],"wp:term":[{"taxonomy":"product_brand","embeddable":true,"href":"https:\/\/damicoline.com\/es\/wp-json\/wp\/v2\/product_brand?post=10674"},{"taxonomy":"product_cat","embeddable":true,"href":"https:\/\/damicoline.com\/es\/wp-json\/wp\/v2\/product_cat?post=10674"},{"taxonomy":"product_tag","embeddable":true,"href":"https:\/\/damicoline.com\/es\/wp-json\/wp\/v2\/product_tag?post=10674"}],"curies":[{"name":"wp","href":"https:\/\/api.w.org\/{rel}","templated":true}]}}