{"id":10748,"date":"2025-07-09T13:00:36","date_gmt":"2025-07-09T11:00:36","guid":{"rendered":"https:\/\/damicoline.com\/product\/cilindretto-freno-anteriore-ape-calessino-200\/"},"modified":"2026-04-22T14:41:22","modified_gmt":"2026-04-22T12:41:22","slug":"cilindro-de-freno-delantero-para-ape-calessino-200","status":"publish","type":"product","link":"https:\/\/damicoline.com\/es\/producto\/cilindro-de-freno-delantero-para-ape-calessino-200\/","title":{"rendered":"Cilindro de freno delantero para Ape Calessino 200"},"content":{"rendered":"<p><strong>Cilindro de freno delantero para Ape Calessino 200<\/strong><\/p>\n<p>Cilindro de freno delantero compatible con <strong>Ape Calessino 200<\/strong>. Dise\u00f1ado para garantizar una presi\u00f3n constante a las zapatas delanteras, asegura una respuesta de frenado eficaz en cualquier condici\u00f3n de uso. Repuesto t\u00e9cnico de alta fiabilidad para el sistema de frenos delantero.<\/p>\n<div class=\"text-sm text-gray-800 font-medium mb-2\"><div class=\"text-sm text-gray-800 font-medium mb-2\"><strong>C\u00f3digos de referencia:<\/strong> B003017<\/div><\/div>\n<div class=\"oem-box mb-4\"><div class=\"oem-box mb-4\"><p class=\"text-sm text-gray-800 font-medium mb-2\">Tipo: <strong>Aftermarket<\/strong><\/p><p class=\"text-sm text-gray-700 mb-1\">Componente aftermarket de calidad profesional, compatible con los veh\u00edculos indicados en esta p\u00e1gina.<\/p><p class=\"text-xs text-gray-500 mt-2\">No fabricado ni marcado por Piaggio. Marcas de sus respectivos propietarios.<\/p><\/div><\/div>\n<section class=\"compatibility-block mb-4\"><section class=\"compatibility-block mb-4\"><div class=\"product-extra-details\"><table class=\"woocommerce-product-attributes\"><tbody><tr><th colspan=\"2\"><span class=\"text-sm font-medium mb-2\">Compatible con:<\/span><\/th><\/tr><tr><th>Modelo del veh\u00edculo \u2013 Prefijo del chasis:<\/th><td>\ud83d\ude9a PIAGGIO APE CALESSINO 200 E2 (2013-2017) TBP4M (2013-2017) - ZAPT42PMC, ZAPT42P00<\/td><\/tr><tr><th>Modelo del veh\u00edculo \u2013 Prefijo del chasis:<\/th><td>\ud83d\ude9a PIAGGIO APE CALESSINO 200 HPE E4 (2017-2023) TBPDF (2017-2023) - ZAPT64P00<\/td><\/tr><\/tbody><\/table><\/div><\/section><\/section>\n","protected":false},"excerpt":{"rendered":"<p>Cilindro de freno delantero para Ape Calessino 200 Cilindro de freno delantero compatible con Ape Calessino 200. Dise\u00f1ado para garantizar una presi\u00f3n constante a las zapatas delanteras, asegura una respuesta de frenado eficaz en cualquier condici\u00f3n de uso. Repuesto t\u00e9cnico de alta fiabilidad para el sistema de frenos delantero.<\/p>\n","protected":false},"featured_media":10743,"template":"","meta":[],"product_brand":[2670],"product_cat":[415,410],"product_tag":[1925],"class_list":{"0":"post-10748","1":"product","2":"type-product","3":"status-publish","4":"has-post-thumbnail","6":"product_brand-aftermarket","7":"product_cat-freno-de-tambor","8":"product_cat-sistema-de-frenado","9":"product_tag-b003017","11":"first","12":"instock","13":"sale","14":"taxable","15":"shipping-taxable","16":"purchasable","17":"product-type-simple"},"_links":{"self":[{"href":"https:\/\/damicoline.com\/es\/wp-json\/wp\/v2\/product\/10748","targetHints":{"allow":["GET"]}}],"collection":[{"href":"https:\/\/damicoline.com\/es\/wp-json\/wp\/v2\/product"}],"about":[{"href":"https:\/\/damicoline.com\/es\/wp-json\/wp\/v2\/types\/product"}],"wp:featuredmedia":[{"embeddable":true,"href":"https:\/\/damicoline.com\/es\/wp-json\/wp\/v2\/media\/10743"}],"wp:attachment":[{"href":"https:\/\/damicoline.com\/es\/wp-json\/wp\/v2\/media?parent=10748"}],"wp:term":[{"taxonomy":"product_brand","embeddable":true,"href":"https:\/\/damicoline.com\/es\/wp-json\/wp\/v2\/product_brand?post=10748"},{"taxonomy":"product_cat","embeddable":true,"href":"https:\/\/damicoline.com\/es\/wp-json\/wp\/v2\/product_cat?post=10748"},{"taxonomy":"product_tag","embeddable":true,"href":"https:\/\/damicoline.com\/es\/wp-json\/wp\/v2\/product_tag?post=10748"}],"curies":[{"name":"wp","href":"https:\/\/api.w.org\/{rel}","templated":true}]}}