{"id":10808,"date":"2025-07-09T18:01:43","date_gmt":"2025-07-09T16:01:43","guid":{"rendered":"https:\/\/damicoline.com\/product\/%cf%80%ce%af%cf%83%cf%89-%ce%b1%ce%bc%ce%bf%cf%81%cf%84%ce%b9%cf%83%ce%ad%cf%81-%ce%b3%ce%b9%ce%b1-piaggio-porter-pick-up\/"},"modified":"2026-05-13T12:25:25","modified_gmt":"2026-05-13T10:25:25","slug":"amortiguadores-traseros-para-piaggio-porter-pick-up","status":"publish","type":"product","link":"https:\/\/damicoline.com\/es\/producto\/amortiguadores-traseros-para-piaggio-porter-pick-up\/","title":{"rendered":"Amortiguadores traseros para Piaggio Porter Pick-Up"},"content":{"rendered":"<p><strong>Pareja de amortiguadores traseros para Piaggio Porter Pick-Up<\/strong><\/p>\n<p>Amortiguadores traseros dise\u00f1ados para <strong>Piaggio Porter versi\u00f3n Pick-Up<\/strong>. Este par de repuestos asegura estabilidad, absorci\u00f3n de impactos y confort de marcha incluso con cargas pesadas. Ideales para restaurar la correcta respuesta del conjunto trasero en veh\u00edculos de trabajo o uso diario.<\/p>\n<div class=\"text-sm text-gray-800 font-medium mb-2\"><div class=\"text-sm text-gray-800 font-medium mb-2\"><strong>C\u00f3digos de referencia:<\/strong> 1E002834 \u2013 56594R<\/div><\/div>\n<div class=\"oem-box mb-4\"><div class=\"oem-box mb-4\"><p class=\"text-sm text-gray-800 font-medium mb-2\">Tipo: <strong>Aftermarket<\/strong><\/p><p class=\"text-sm text-gray-700 mb-1\">Componente aftermarket de calidad profesional, compatible con los veh\u00edculos indicados en esta p\u00e1gina.<\/p><p class=\"text-xs text-gray-500 mt-2\">No fabricado ni marcado por Piaggio. Marcas de sus respectivos propietarios.<\/p><\/div><\/div>\n<section class=\"compatibility-block mb-4\"><section class=\"compatibility-block mb-4\"><div class=\"product-extra-details\"><table class=\"woocommerce-product-attributes\"><tbody><tr><th colspan=\"2\"><span class=\"text-sm font-medium mb-2\">Compatible con:<\/span><\/th><\/tr><tr><th>Modelo del veh\u00edculo \u2013 Prefijo del chasis:<\/th><td>\ud83d\ude9a PIAGGIO PORTER Pianale piatto 1.4 D (1998-2005) LDW1404\/P (1998-2005) - ZAPS&#56;&#53;&#48;&#48;&#48;&#48;&#48;&#52;, ZAPS&#56;&#53;&#48;&#48;&#48;&#48;&#48;&#55;, ZAPS85V00004, ZAPS85V00007<\/td><\/tr><tr><th>Modelo del veh\u00edculo \u2013 Prefijo del chasis:<\/th><td>\ud83d\ude9a PIAGGIO PORTER Pianale piatto\/Telaio 1.2 D (2010-2015) P120 (2010-2015) - ZAPS90CKW, ZAPS90PKW, ZAPS90TKW, ZAPS90VKW<\/td><\/tr><tr><th>Modelo del veh\u00edculo \u2013 Prefijo del chasis:<\/th><td>\ud83d\ude9a PIAGGIO PORTER Pianale piatto\/Telaio 1.3 (2010-2015) DA471QLR (2010-2015) - ZAPS90CJ, ZAPS90PJ, ZAPS90TJ, ZAPS90VJ<\/td><\/tr><tr><th>Modelo del veh\u00edculo \u2013 Prefijo del chasis:<\/th><td>\ud83d\ude9a PIAGGIO PORTER Pianale piatto\/Telaio 1.3 16V (1998-2009) HC-EL (1998-2009) - ZAPS85000, ZAPS85V00<\/td><\/tr><tr><th>Modelo del veh\u00edculo \u2013 Prefijo del chasis:<\/th><td>\ud83d\ude9a PIAGGIO PORTER Pianale piatto\/Telaio 1.3 16V Up-Date E3 (2009-2010) HC-EL (2009-2010) - ZAPS90CH, ZAPS90PH, ZAPS90TH, ZAPS90VH<\/td><\/tr><tr><th>Modelo del veh\u00edculo \u2013 Prefijo del chasis:<\/th><td>\ud83d\ude9a PIAGGIO PORTER Pianale piatto\/Telaio 1.3 LPG (2015-2020) DAM13R (2015-2020) - ZAPS89CGW, ZAPS89PGW, ZAPS90VGW, ZAPS90TGW, ZAPS90PGW, ZAPS90CGW<\/td><\/tr><\/tbody><\/table><\/div><\/section><\/section>\n","protected":false},"excerpt":{"rendered":"<p>Pareja de amortiguadores traseros para Piaggio Porter Pick-Up Amortiguadores traseros dise\u00f1ados para Piaggio Porter versi\u00f3n Pick-Up. Este par de repuestos asegura estabilidad, absorci\u00f3n de impactos y confort de marcha incluso con cargas pesadas. Ideales para restaurar la correcta respuesta del conjunto trasero en veh\u00edculos de trabajo o uso diario.<\/p>\n","protected":false},"featured_media":10796,"template":"","meta":[],"product_brand":[3900],"product_cat":[1964,1965],"product_tag":[1966,3896],"class_list":{"0":"post-10808","1":"product","2":"type-product","3":"status-publish","4":"has-post-thumbnail","6":"product_brand-aftermarket","7":"product_cat-amortiguadores-traseros","8":"product_cat-eje-trasero","9":"product_tag-1966","10":"product_tag-56594r","12":"first","13":"instock","14":"sale","15":"taxable","16":"shipping-taxable","17":"purchasable","18":"product-type-simple"},"_links":{"self":[{"href":"https:\/\/damicoline.com\/es\/wp-json\/wp\/v2\/product\/10808","targetHints":{"allow":["GET"]}}],"collection":[{"href":"https:\/\/damicoline.com\/es\/wp-json\/wp\/v2\/product"}],"about":[{"href":"https:\/\/damicoline.com\/es\/wp-json\/wp\/v2\/types\/product"}],"wp:featuredmedia":[{"embeddable":true,"href":"https:\/\/damicoline.com\/es\/wp-json\/wp\/v2\/media\/10796"}],"wp:attachment":[{"href":"https:\/\/damicoline.com\/es\/wp-json\/wp\/v2\/media?parent=10808"}],"wp:term":[{"taxonomy":"product_brand","embeddable":true,"href":"https:\/\/damicoline.com\/es\/wp-json\/wp\/v2\/product_brand?post=10808"},{"taxonomy":"product_cat","embeddable":true,"href":"https:\/\/damicoline.com\/es\/wp-json\/wp\/v2\/product_cat?post=10808"},{"taxonomy":"product_tag","embeddable":true,"href":"https:\/\/damicoline.com\/es\/wp-json\/wp\/v2\/product_tag?post=10808"}],"curies":[{"name":"wp","href":"https:\/\/api.w.org\/{rel}","templated":true}]}}