{"id":10869,"date":"2025-07-10T10:58:30","date_gmt":"2025-07-10T08:58:30","guid":{"rendered":"https:\/\/damicoline.com\/product\/filtro-olio-ape-calessino-200-leader-quasar\/"},"modified":"2025-07-10T11:33:22","modified_gmt":"2025-07-10T09:33:22","slug":"filtro-de-aceite-ape-calessino-200-leader-quasar-125-300cc-piaggio","status":"publish","type":"product","link":"https:\/\/damicoline.com\/es\/producto\/filtro-de-aceite-ape-calessino-200-leader-quasar-125-300cc-piaggio\/","title":{"rendered":"Filtro de aceite Ape Calessino 200 Leader Quasar 125-300cc Piaggio"},"content":{"rendered":"<p><strong>Filtro de aceite para Ape Calessino 200 a gasolina y scooters Piaggio Leader &amp; Quasar 125-300cc<\/strong><\/p>\n<p>Filtro de aceite de motor compatible con <strong>Ape Calessino 200 a gasolina<\/strong> y scooters Piaggio equipados con motores <strong>Leader<\/strong> y <strong>Quasar<\/strong> de <strong>125cc a 300cc<\/strong>. Ideal para retener impurezas, garantiza una lubricaci\u00f3n \u00f3ptima y protege el motor, asegurando rendimiento y fiabilidad tanto para veh\u00edculos comerciales como para scooters Piaggio.<\/p>\n<div class=\"text-sm text-gray-800 font-medium mb-2\"><div class=\"text-sm text-gray-800 font-medium mb-2\"><strong>C\u00f3digos de referencia:<\/strong> 1A022356 \u2013 82635R<\/div><\/div>\n<div class=\"oem-box mb-4\">\t\t\t\t<div class=\"oem-box mb-4\">\n\t\t\t\t\t<p class=\"text-sm text-gray-800 font-medium mb-2\">Tipo: <strong>Aftermarket<\/strong><\/p>\n\t\t\t\t\t<p class=\"text-sm text-gray-700 mb-1\">Componente aftermarket de calidad profesional, compatible con los veh\u00edculos indicados en esta p\u00e1gina.<\/p>\n\t\t\t\t\t<p class=\"text-xs text-gray-500 mt-2\">*No fabricado ni marcado por Piaggio. Marcas de sus respectivos propietarios.<\/p>\n\t\t\t\t<\/div>\n\t\t\t<\/div>\n<section class=\"compatibility-block mb-4\"><section class=\"compatibility-block mb-4\"><div class=\"product-extra-details hide-below-992\"><table class=\"woocommerce-product-attributes\"><tbody><tr><th colspan=\"2\"><span class=\"text-sm font-medium mb-2\">Compatible con:<\/span><\/th><\/tr><tr><th>Modelo del veh\u00edculo \u2013 Prefijo del chasis:<\/th><td><a href=\"https:\/\/damicoline.com\/es\/tienda\/?vx_brand=PIAGGIO&#038;vx_model=APE%20CALESSINO%20200%20E2%20(2013-2017)&#038;vx_engine=TBP4M&#038;vx_years=2013-2017\">\ud83d\ude9a PIAGGIO APE CALESSINO 200 E2 (2013-2017) TBP4M (2013-2017) - ZAPT42PMC, ZAPT42P00<\/a><\/td><\/tr><tr><th>Modelo del veh\u00edculo \u2013 Prefijo del chasis:<\/th><td><a href=\"https:\/\/damicoline.com\/es\/tienda\/?vx_brand=PIAGGIO&#038;vx_model=APE%20CALESSINO%20200%20HPE%20E4%20(2017-2023)&#038;vx_engine=TBPDF&#038;vx_years=2017-2023\">\ud83d\ude9a PIAGGIO APE CALESSINO 200 HPE E4 (2017-2023) TBPDF (2017-2023) - ZAPT64P00<\/a><\/td><\/tr><\/tbody><\/table><\/div><\/section><\/section>\n","protected":false},"excerpt":{"rendered":"<p>Filtro de aceite para Ape Calessino 200 a gasolina y scooters Piaggio Leader &amp; Quasar 125-300cc Filtro de aceite de motor compatible con Ape Calessino 200 a gasolina y scooters Piaggio equipados con motores Leader y Quasar de 125cc a 300cc. Ideal para retener impurezas, garantiza una lubricaci\u00f3n \u00f3ptima y protege el motor, asegurando rendimiento<\/p>\n<div class=\"klb-readmore button\"><a class=\"btn link\" href=\"https:\/\/damicoline.com\/es\/producto\/filtro-de-aceite-ape-calessino-200-leader-quasar-125-300cc-piaggio\/\">Read More <i class=\"klbth-icon-right-arrow\"><\/i><\/a><\/div>\n","protected":false},"featured_media":10854,"template":"","meta":{"_sitemap_exclude":false,"_sitemap_priority":"","_sitemap_frequency":""},"product_brand":[2670],"product_cat":[520,1627],"product_tag":[3242,1996],"class_list":{"0":"post-10869","1":"product","2":"type-product","3":"status-publish","4":"has-post-thumbnail","6":"product_brand-aftermarket","7":"product_cat-filtros","8":"product_cat-filtros-de-aceite","9":"product_tag-1a022356","10":"product_tag-82635r","12":"first","13":"instock","14":"sale","15":"taxable","16":"shipping-taxable","17":"purchasable","18":"product-type-simple"},"_links":{"self":[{"href":"https:\/\/damicoline.com\/es\/wp-json\/wp\/v2\/product\/10869","targetHints":{"allow":["GET"]}}],"collection":[{"href":"https:\/\/damicoline.com\/es\/wp-json\/wp\/v2\/product"}],"about":[{"href":"https:\/\/damicoline.com\/es\/wp-json\/wp\/v2\/types\/product"}],"wp:featuredmedia":[{"embeddable":true,"href":"https:\/\/damicoline.com\/es\/wp-json\/wp\/v2\/media\/10854"}],"wp:attachment":[{"href":"https:\/\/damicoline.com\/es\/wp-json\/wp\/v2\/media?parent=10869"}],"wp:term":[{"taxonomy":"product_brand","embeddable":true,"href":"https:\/\/damicoline.com\/es\/wp-json\/wp\/v2\/product_brand?post=10869"},{"taxonomy":"product_cat","embeddable":true,"href":"https:\/\/damicoline.com\/es\/wp-json\/wp\/v2\/product_cat?post=10869"},{"taxonomy":"product_tag","embeddable":true,"href":"https:\/\/damicoline.com\/es\/wp-json\/wp\/v2\/product_tag?post=10869"}],"curies":[{"name":"wp","href":"https:\/\/api.w.org\/{rel}","templated":true}]}}