{"id":10915,"date":"2025-07-17T15:57:47","date_gmt":"2025-07-17T13:57:47","guid":{"rendered":"https:\/\/damicoline.com\/product\/tubazione-overflow-gasolio-ape-400-euro-4\/"},"modified":"2025-07-17T16:42:34","modified_gmt":"2025-07-17T14:42:34","slug":"tuberia-de-desbordamiento-de-diesel-piaggio-ape-400-euro-4","status":"publish","type":"product","link":"https:\/\/damicoline.com\/es\/producto\/tuberia-de-desbordamiento-de-diesel-piaggio-ape-400-euro-4\/","title":{"rendered":"Tuber\u00eda de desbordamiento de di\u00e9sel Piaggio Ape 400 Euro 4"},"content":{"rendered":"<p><strong>Tuber\u00eda de desbordamiento de di\u00e9sel para Piaggio Ape 400 Euro 4<\/strong><\/p>\n<p>Tuber\u00eda de desbordamiento dise\u00f1ada para el sistema de alimentaci\u00f3n de di\u00e9sel de <strong>Piaggio Ape 400 Euro 4<\/strong>. Esta tuber\u00eda permite la correcta descarga y recirculaci\u00f3n del di\u00e9sel en exceso, previniendo estancamientos y fugas en el circuito. Repuesto ideal para mantener eficiente y seguro el sistema de combustible.<\/p>\n<div class=\"text-sm text-gray-800 font-medium mb-2\"><div class=\"text-sm text-gray-800 font-medium mb-2\"><strong>C\u00f3digos de referencia:<\/strong> E10T120010<\/div><\/div>\n<div class=\"oem-box mb-4\">\t\t\t\t<div class=\"oem-box mb-4\">\n\t\t\t\t\t<p class=\"text-sm text-gray-800 font-medium mb-2\">Tipo: <strong>Aftermarket<\/strong><\/p>\n\t\t\t\t\t<p class=\"text-sm text-gray-700 mb-1\">Componente aftermarket de calidad profesional, compatible con los veh\u00edculos indicados en esta p\u00e1gina.<\/p>\n\t\t\t\t\t<p class=\"text-xs text-gray-500 mt-2\">*No fabricado ni marcado por Piaggio. Marcas de sus respectivos propietarios.<\/p>\n\t\t\t\t<\/div>\n\t\t\t<\/div>\n<section class=\"compatibility-block mb-4\"><section class=\"compatibility-block mb-4\"><div class=\"product-extra-details hide-below-992\"><table class=\"woocommerce-product-attributes\"><tbody><tr><th colspan=\"2\"><span class=\"text-sm font-medium mb-2\">Compatible con:<\/span><\/th><\/tr><tr><th>Modelo del veh\u00edculo \u2013 Prefijo del chasis:<\/th><td><a href=\"https:\/\/damicoline.com\/es\/tienda\/?vx_brand=PIAGGIO&#038;vx_model=APE%20CLASSIC%20400%20IE%20E4%20(2017-2023)&#038;vx_engine=S6E8&#038;vx_years=2017-2023\">\ud83d\ude9a PIAGGIO APE CLASSIC 400 IE E4 (2017-2023) S6E8 (2017-2023) - MBX000T7BSE<\/a><\/td><\/tr><\/tbody><\/table><\/div><\/section><\/section>\n","protected":false},"excerpt":{"rendered":"<p>Tuber\u00eda de desbordamiento de di\u00e9sel para Piaggio Ape 400 Euro 4 Tuber\u00eda de desbordamiento dise\u00f1ada para el sistema de alimentaci\u00f3n de di\u00e9sel de Piaggio Ape 400 Euro 4. Esta tuber\u00eda permite la correcta descarga y recirculaci\u00f3n del di\u00e9sel en exceso, previniendo estancamientos y fugas en el circuito. Repuesto ideal para mantener eficiente y seguro el<\/p>\n<div class=\"klb-readmore button\"><a class=\"btn link\" href=\"https:\/\/damicoline.com\/es\/producto\/tuberia-de-desbordamiento-de-diesel-piaggio-ape-400-euro-4\/\">Read More <i class=\"klbth-icon-right-arrow\"><\/i><\/a><\/div>\n","protected":false},"featured_media":10902,"template":"","meta":{"_sitemap_exclude":false,"_sitemap_priority":"","_sitemap_frequency":""},"product_brand":[2670],"product_cat":[1579,2003],"product_tag":[2009],"class_list":{"0":"post-10915","1":"product","2":"type-product","3":"status-publish","4":"has-post-thumbnail","6":"product_brand-aftermarket","7":"product_cat-sistema-de-alimentacion","8":"product_cat-tuberias-de-combustible","9":"product_tag-e10t120010","11":"first","12":"instock","13":"sale","14":"taxable","15":"shipping-taxable","16":"purchasable","17":"product-type-simple"},"_links":{"self":[{"href":"https:\/\/damicoline.com\/es\/wp-json\/wp\/v2\/product\/10915","targetHints":{"allow":["GET"]}}],"collection":[{"href":"https:\/\/damicoline.com\/es\/wp-json\/wp\/v2\/product"}],"about":[{"href":"https:\/\/damicoline.com\/es\/wp-json\/wp\/v2\/types\/product"}],"wp:featuredmedia":[{"embeddable":true,"href":"https:\/\/damicoline.com\/es\/wp-json\/wp\/v2\/media\/10902"}],"wp:attachment":[{"href":"https:\/\/damicoline.com\/es\/wp-json\/wp\/v2\/media?parent=10915"}],"wp:term":[{"taxonomy":"product_brand","embeddable":true,"href":"https:\/\/damicoline.com\/es\/wp-json\/wp\/v2\/product_brand?post=10915"},{"taxonomy":"product_cat","embeddable":true,"href":"https:\/\/damicoline.com\/es\/wp-json\/wp\/v2\/product_cat?post=10915"},{"taxonomy":"product_tag","embeddable":true,"href":"https:\/\/damicoline.com\/es\/wp-json\/wp\/v2\/product_tag?post=10915"}],"curies":[{"name":"wp","href":"https:\/\/api.w.org\/{rel}","templated":true}]}}