{"id":11049,"date":"2025-07-22T12:34:07","date_gmt":"2025-07-22T10:34:07","guid":{"rendered":"https:\/\/damicoline.com\/product\/pompa-carburante-porter-diesel-ldw-1404p\/"},"modified":"2025-07-23T18:18:50","modified_gmt":"2025-07-23T16:18:50","slug":"bomba-de-combustible-porter-diesel-ldw-1404-p-repuesto-preciso","status":"publish","type":"product","link":"https:\/\/damicoline.com\/es\/producto\/bomba-de-combustible-porter-diesel-ldw-1404-p-repuesto-preciso\/","title":{"rendered":"Bomba de combustible Porter Diesel LDW-1404\/P. Repuesto preciso"},"content":{"rendered":"<p><strong>Bomba de combustible (alimentaci\u00f3n) para Piaggio Porter Diesel LDW-1404\/P<\/strong><\/p>\n<p>Repuesto mec\u00e1nico compatible con <strong>Piaggio Porter Diesel LDW-1404\/P<\/strong>. Esta bomba de alimentaci\u00f3n de gas\u00f3leo garantiza un flujo constante de combustible hacia el motor, asegurando eficiencia, arranques r\u00e1pidos y m\u00e1xima fiabilidad a lo largo del tiempo.<\/p>\n<div class=\"text-sm text-gray-800 font-medium mb-2\"><div class=\"text-sm text-gray-800 font-medium mb-2\"><strong>C\u00f3digos de referencia:<\/strong> 850509<\/div><\/div>\n<div class=\"oem-box mb-4\">\t\t\t\t<div class=\"oem-box mb-4\">\n\t\t\t\t\t<p class=\"text-sm text-gray-800 font-medium mb-2\">Tipo: <strong>Aftermarket<\/strong><\/p>\n\t\t\t\t\t<p class=\"text-sm text-gray-700 mb-1\">Componente aftermarket de calidad profesional, compatible con los veh\u00edculos indicados en esta p\u00e1gina.<\/p>\n\t\t\t\t\t<p class=\"text-xs text-gray-500 mt-2\">*No fabricado ni marcado por Piaggio. Marcas de sus respectivos propietarios.<\/p>\n\t\t\t\t<\/div>\n\t\t\t<\/div>\n<section class=\"compatibility-block mb-4\"><section class=\"compatibility-block mb-4\"><div class=\"product-extra-details hide-below-992\"><table class=\"woocommerce-product-attributes\"><tbody><tr><th colspan=\"2\"><span class=\"text-sm font-medium mb-2\">Compatible con:<\/span><\/th><\/tr><tr><th>Modelo del veh\u00edculo \u2013 Prefijo del chasis:<\/th><td><a href=\"https:\/\/damicoline.com\/es\/tienda\/?vx_brand=PIAGGIO&#038;vx_model=PORTER%20Pianale%20piatto%201.4%20D%20(1998-2005)&#038;vx_engine=LDW1404\/P&#038;vx_years=1998-2005\">\ud83d\ude9a PIAGGIO PORTER Pianale piatto 1.4 D (1998-2005) LDW1404\/P (1998-2005) - ZAPS&#56;&#53;&#48;&#48;&#48;&#48;&#48;&#52;, ZAPS&#56;&#53;&#48;&#48;&#48;&#48;&#48;&#55;, ZAPS85V00004, ZAPS85V00007<\/a><\/td><\/tr><\/tbody><\/table><\/div><\/section><\/section>\n","protected":false},"excerpt":{"rendered":"<p>Bomba de combustible (alimentaci\u00f3n) para Piaggio Porter Diesel LDW-1404\/P Repuesto mec\u00e1nico compatible con Piaggio Porter Diesel LDW-1404\/P. Esta bomba de alimentaci\u00f3n de gas\u00f3leo garantiza un flujo constante de combustible hacia el motor, asegurando eficiencia, arranques r\u00e1pidos y m\u00e1xima fiabilidad a lo largo del tiempo.<\/p>\n","protected":false},"featured_media":11044,"template":"","meta":{"_sitemap_exclude":false,"_sitemap_priority":"","_sitemap_frequency":""},"product_brand":[2670],"product_cat":[1582,1579],"product_tag":[2085],"class_list":{"0":"post-11049","1":"product","2":"type-product","3":"status-publish","4":"has-post-thumbnail","6":"product_brand-aftermarket","7":"product_cat-bomba-de-combustible","8":"product_cat-sistema-de-alimentacion","9":"product_tag-2085","11":"first","12":"instock","13":"sale","14":"taxable","15":"shipping-taxable","16":"purchasable","17":"product-type-simple"},"_links":{"self":[{"href":"https:\/\/damicoline.com\/es\/wp-json\/wp\/v2\/product\/11049","targetHints":{"allow":["GET"]}}],"collection":[{"href":"https:\/\/damicoline.com\/es\/wp-json\/wp\/v2\/product"}],"about":[{"href":"https:\/\/damicoline.com\/es\/wp-json\/wp\/v2\/types\/product"}],"wp:featuredmedia":[{"embeddable":true,"href":"https:\/\/damicoline.com\/es\/wp-json\/wp\/v2\/media\/11044"}],"wp:attachment":[{"href":"https:\/\/damicoline.com\/es\/wp-json\/wp\/v2\/media?parent=11049"}],"wp:term":[{"taxonomy":"product_brand","embeddable":true,"href":"https:\/\/damicoline.com\/es\/wp-json\/wp\/v2\/product_brand?post=11049"},{"taxonomy":"product_cat","embeddable":true,"href":"https:\/\/damicoline.com\/es\/wp-json\/wp\/v2\/product_cat?post=11049"},{"taxonomy":"product_tag","embeddable":true,"href":"https:\/\/damicoline.com\/es\/wp-json\/wp\/v2\/product_tag?post=11049"}],"curies":[{"name":"wp","href":"https:\/\/api.w.org\/{rel}","templated":true}]}}