{"id":11075,"date":"2025-07-23T19:05:34","date_gmt":"2025-07-23T17:05:34","guid":{"rendered":"https:\/\/damicoline.com\/product\/semiasse-piaggio-ape-calessino-200-e2\/"},"modified":"2025-07-23T19:10:19","modified_gmt":"2025-07-23T17:10:19","slug":"semieje-para-piaggio-ape-calessino-200-e2-derecho-e-izquierdo","status":"publish","type":"product","link":"https:\/\/damicoline.com\/es\/producto\/semieje-para-piaggio-ape-calessino-200-e2-derecho-e-izquierdo\/","title":{"rendered":"Semieje para Piaggio Ape Calessino 200 E2 derecho e izquierdo"},"content":{"rendered":"<p><strong>Semieje para Piaggio Ape Calessino 200 E2<\/strong><\/p>\n<p>Repuesto compatible con <strong>Piaggio Ape Calessino 200 E2<\/strong>, adecuado para el montaje tanto en el lado derecho como en el izquierdo. El semieje transmite el par motor a las ruedas traseras, garantizando fiabilidad, durabilidad y una conducci\u00f3n suave. Dise\u00f1ado para reemplazos r\u00e1pidos y precisos.<\/p>\n<div class=\"text-sm text-gray-800 font-medium mb-2\"><div class=\"text-sm text-gray-800 font-medium mb-2\"><strong>C\u00f3digos de referencia:<\/strong> B023940<\/div><\/div>\n<div class=\"oem-box mb-4\">\t\t\t\t<div class=\"oem-box mb-4\">\n\t\t\t\t\t<p class=\"text-sm text-gray-800 font-medium mb-2\">Tipo: <strong>Original Piaggio<\/strong><\/p>\n\t\t\t\t\t<p class=\"text-sm text-gray-700 mb-1\">Componente original Piaggio, dise\u00f1ado para ajuste y rendimiento correctos.<\/p>\n\t\t\t\t\t<p class=\"text-xs text-gray-500 mt-2\">*Las marcas pertenecen a sus respectivos propietarios.<\/p>\n\t\t\t\t<\/div>\n\t\t\t<\/div>\n<section class=\"compatibility-block mb-4\"><section class=\"compatibility-block mb-4\"><div class=\"product-extra-details hide-below-992\"><table class=\"woocommerce-product-attributes\"><tbody><tr><th colspan=\"2\"><span class=\"text-sm font-medium mb-2\">Compatible con:<\/span><\/th><\/tr><tr><th>Modelo del veh\u00edculo \u2013 Prefijo del chasis:<\/th><td><a href=\"https:\/\/damicoline.com\/es\/tienda\/?vx_brand=PIAGGIO&#038;vx_model=APE%20CALESSINO%20200%20E2%20(2013-2017)&#038;vx_engine=TBP4M&#038;vx_years=2013-2017\">\ud83d\ude9a PIAGGIO APE CALESSINO 200 E2 (2013-2017) TBP4M (2013-2017) - ZAPT42PMC, ZAPT42P00<\/a><\/td><\/tr><\/tbody><\/table><\/div><\/section><\/section>\n","protected":false},"excerpt":{"rendered":"<p>Semieje para Piaggio Ape Calessino 200 E2 Repuesto compatible con Piaggio Ape Calessino 200 E2, adecuado para el montaje tanto en el lado derecho como en el izquierdo. El semieje transmite el par motor a las ruedas traseras, garantizando fiabilidad, durabilidad y una conducci\u00f3n suave. Dise\u00f1ado para reemplazos r\u00e1pidos y precisos.<\/p>\n","protected":false},"featured_media":11070,"template":"","meta":{"_sitemap_exclude":false,"_sitemap_priority":"","_sitemap_frequency":""},"product_brand":[2672],"product_cat":[1432,1427],"product_tag":[2098],"class_list":{"0":"post-11075","1":"product","2":"type-product","3":"status-publish","4":"has-post-thumbnail","6":"product_brand-piaggio","7":"product_cat-semieje","8":"product_cat-transmision-trasera","9":"product_tag-b023940","11":"first","12":"instock","13":"sale","14":"taxable","15":"shipping-taxable","16":"purchasable","17":"product-type-simple"},"_links":{"self":[{"href":"https:\/\/damicoline.com\/es\/wp-json\/wp\/v2\/product\/11075","targetHints":{"allow":["GET"]}}],"collection":[{"href":"https:\/\/damicoline.com\/es\/wp-json\/wp\/v2\/product"}],"about":[{"href":"https:\/\/damicoline.com\/es\/wp-json\/wp\/v2\/types\/product"}],"wp:featuredmedia":[{"embeddable":true,"href":"https:\/\/damicoline.com\/es\/wp-json\/wp\/v2\/media\/11070"}],"wp:attachment":[{"href":"https:\/\/damicoline.com\/es\/wp-json\/wp\/v2\/media?parent=11075"}],"wp:term":[{"taxonomy":"product_brand","embeddable":true,"href":"https:\/\/damicoline.com\/es\/wp-json\/wp\/v2\/product_brand?post=11075"},{"taxonomy":"product_cat","embeddable":true,"href":"https:\/\/damicoline.com\/es\/wp-json\/wp\/v2\/product_cat?post=11075"},{"taxonomy":"product_tag","embeddable":true,"href":"https:\/\/damicoline.com\/es\/wp-json\/wp\/v2\/product_tag?post=11075"}],"curies":[{"name":"wp","href":"https:\/\/api.w.org\/{rel}","templated":true}]}}