{"id":11092,"date":"2025-07-24T12:46:23","date_gmt":"2025-07-24T10:46:23","guid":{"rendered":"https:\/\/damicoline.com\/product\/kit-catena-distribuzione-porter-multitech-euro-4-5\/"},"modified":"2026-04-22T14:43:11","modified_gmt":"2026-04-22T12:43:11","slug":"kit-cadena-distribucion-porter-multitech-euro-4-5-completo","status":"publish","type":"product","link":"https:\/\/damicoline.com\/es\/producto\/kit-cadena-distribucion-porter-multitech-euro-4-5-completo\/","title":{"rendered":"Kit cadena distribuci\u00f3n Porter Multitech Euro 4 5 completo"},"content":{"rendered":"<p><strong>Kit cadena distribuci\u00f3n completo para Piaggio Porter Multitech Euro 4 \u2013 5<\/strong><\/p>\n<p>Kit completo para la <strong>sustituci\u00f3n de la cadena de distribuci\u00f3n<\/strong> en <strong>Piaggio Porter Multitech Euro 4 y Euro 5<\/strong>. El set incluye:<\/p>\n<ul>\n<li>1 cadena de distribuci\u00f3n<\/li>\n<li>1 pat\u00edn cadena m\u00f3vil<\/li>\n<li>1 pat\u00edn cadena fijo<\/li>\n<li>1 tensor cadena<\/li>\n<li>2 coronas dentadas \u00e1rboles de levas (admisi\u00f3n y escape)<\/li>\n<li>1 pi\u00f1\u00f3n \u00e1rbol motor<\/li>\n<li>1 tapa con gu\u00eda cadena distribuci\u00f3n<\/li>\n<\/ul>\n<p>Repuesto t\u00e9cnico ideal para la restauraci\u00f3n completa y confiable del sistema de distribuci\u00f3n, garantizando sincronizaci\u00f3n perfecta y m\u00e1xima duraci\u00f3n en el tiempo.<\/p>\n<div class=\"text-sm text-gray-800 font-medium mb-2\"><div class=\"text-sm text-gray-800 font-medium mb-2\"><strong>C\u00f3digos de referencia:<\/strong> 1R000275<\/div><\/div>\n<div class=\"oem-box mb-4\"><div class=\"oem-box mb-4\"><p class=\"text-sm text-gray-800 font-medium mb-2\">Tipo: <strong>Aftermarket<\/strong><\/p><p class=\"text-sm text-gray-700 mb-1\">Componente aftermarket de calidad profesional, compatible con los veh\u00edculos indicados en esta p\u00e1gina.<\/p><p class=\"text-xs text-gray-500 mt-2\">No fabricado ni marcado por Piaggio. Marcas de sus respectivos propietarios.<\/p><\/div><\/div>\n<section class=\"compatibility-block mb-4\"><section class=\"compatibility-block mb-4\"><div class=\"product-extra-details hide-below-992\"><table class=\"woocommerce-product-attributes\"><tbody><tr><th colspan=\"2\"><span class=\"text-sm font-medium mb-2\">Compatible con:<\/span><\/th><\/tr><tr><th>Modelo del veh\u00edculo \u2013 Prefijo del chasis:<\/th><td><a href=\"https:\/\/damicoline.com\/es\/tienda\/?vx_brand=PIAGGIO&#038;vx_model=PORTER%20Maxxi%201.3%20(2010-2015)&#038;vx_engine=DA471QLR&#038;vx_years=2010-2015\">\ud83d\ude9a PIAGGIO PORTER Maxxi 1.3 (2010-2015) DA471QLR (2010-2015) - ZAPS90DJ, ZAPS90AJ, ZAPS90RJ<\/a><\/td><\/tr><tr><th>Modelo del veh\u00edculo \u2013 Prefijo del chasis:<\/th><td><a href=\"https:\/\/damicoline.com\/es\/tienda\/?vx_brand=PIAGGIO&#038;vx_model=PORTER%20Pianale%20piatto\/Telaio%201.3%20(2010-2015)&#038;vx_engine=DA471QLR&#038;vx_years=2010-2015\">\ud83d\ude9a PIAGGIO PORTER Pianale piatto\/Telaio 1.3 (2010-2015) DA471QLR (2010-2015) - ZAPS90CJ, ZAPS90PJ, ZAPS90TJ, ZAPS90VJ<\/a><\/td><\/tr><\/tbody><\/table><\/div><\/section><\/section>\n","protected":false},"excerpt":{"rendered":"<p>Kit cadena distribuci\u00f3n completo para Piaggio Porter Multitech Euro 4 \u2013 5 Kit completo para la sustituci\u00f3n de la cadena de distribuci\u00f3n en Piaggio Porter Multitech Euro 4 y Euro 5. El set incluye: 1 cadena de distribuci\u00f3n 1 pat\u00edn cadena m\u00f3vil 1 pat\u00edn cadena fijo 1 tensor cadena 2 coronas dentadas \u00e1rboles de levas<\/p>\n<div class=\"klb-readmore button\"><a class=\"btn link\" href=\"https:\/\/damicoline.com\/es\/producto\/kit-cadena-distribucion-porter-multitech-euro-4-5-completo\/\">Read More <i class=\"klbth-icon-right-arrow\"><\/i><\/a><\/div>\n","protected":false},"featured_media":11087,"template":"","meta":{"_sitemap_exclude":false,"_sitemap_priority":"","_sitemap_frequency":""},"product_brand":[2670],"product_cat":[425,420],"product_tag":[2107],"class_list":{"0":"post-11092","1":"product","2":"type-product","3":"status-publish","4":"has-post-thumbnail","6":"product_brand-aftermarket","7":"product_cat-componentes-de-distribucion","8":"product_cat-piezas-del-motor","9":"product_tag-1r000275","11":"first","12":"instock","13":"sale","14":"taxable","15":"shipping-taxable","16":"purchasable","17":"product-type-simple"},"_links":{"self":[{"href":"https:\/\/damicoline.com\/es\/wp-json\/wp\/v2\/product\/11092","targetHints":{"allow":["GET"]}}],"collection":[{"href":"https:\/\/damicoline.com\/es\/wp-json\/wp\/v2\/product"}],"about":[{"href":"https:\/\/damicoline.com\/es\/wp-json\/wp\/v2\/types\/product"}],"wp:featuredmedia":[{"embeddable":true,"href":"https:\/\/damicoline.com\/es\/wp-json\/wp\/v2\/media\/11087"}],"wp:attachment":[{"href":"https:\/\/damicoline.com\/es\/wp-json\/wp\/v2\/media?parent=11092"}],"wp:term":[{"taxonomy":"product_brand","embeddable":true,"href":"https:\/\/damicoline.com\/es\/wp-json\/wp\/v2\/product_brand?post=11092"},{"taxonomy":"product_cat","embeddable":true,"href":"https:\/\/damicoline.com\/es\/wp-json\/wp\/v2\/product_cat?post=11092"},{"taxonomy":"product_tag","embeddable":true,"href":"https:\/\/damicoline.com\/es\/wp-json\/wp\/v2\/product_tag?post=11092"}],"curies":[{"name":"wp","href":"https:\/\/api.w.org\/{rel}","templated":true}]}}