{"id":11107,"date":"2025-07-24T16:19:14","date_gmt":"2025-07-24T14:19:14","guid":{"rendered":"https:\/\/damicoline.com\/product\/cinghia-alternatore-piaggio-quargo\/"},"modified":"2026-04-22T14:43:16","modified_gmt":"2026-04-22T12:43:16","slug":"correa-del-alternador-para-piaggio-quargo-repuesto-resistente","status":"publish","type":"product","link":"https:\/\/damicoline.com\/es\/producto\/correa-del-alternador-para-piaggio-quargo-repuesto-resistente\/","title":{"rendered":"Correa del alternador para Piaggio Quargo. Repuesto resistente"},"content":{"rendered":"<p><strong>Correa del alternador para Piaggio Quargo<\/strong><\/p>\n<p>Correa espec\u00edfica para la transmisi\u00f3n del alternador en <strong>Piaggio Quargo<\/strong>. Dise\u00f1ada para asegurar el correcto funcionamiento del sistema de carga y de los accesorios del motor, garantiza durabilidad, elasticidad y resistencia al desgaste incluso en condiciones exigentes.<\/p>\n<div class=\"text-sm text-gray-800 font-medium mb-2\"><div class=\"text-sm text-gray-800 font-medium mb-2\"><strong>C\u00f3digos de referencia:<\/strong> 850018<\/div><\/div>\n<div class=\"oem-box mb-4\"><div class=\"oem-box mb-4\"><p class=\"text-sm text-gray-800 font-medium mb-2\">Tipo: <strong>Aftermarket<\/strong><\/p><p class=\"text-sm text-gray-700 mb-1\">Componente aftermarket de calidad profesional, compatible con los veh\u00edculos indicados en esta p\u00e1gina.<\/p><p class=\"text-xs text-gray-500 mt-2\">No fabricado ni marcado por Piaggio. Marcas de sus respectivos propietarios.<\/p><\/div><\/div>\n<section class=\"compatibility-block mb-4\"><section class=\"compatibility-block mb-4\"><div class=\"product-extra-details\"><table class=\"woocommerce-product-attributes\"><tbody><tr><th colspan=\"2\"><span class=\"text-sm font-medium mb-2\">Compatible con:<\/span><\/th><\/tr><tr><th>Modelo del veh\u00edculo \u2013 Prefijo del chasis:<\/th><td>\ud83d\ude9a PIAGGIO QUARGO 702 Di\u00e9sel (2004-2006) LDW702\/P (2004-2006) - ZAPP10000<\/td><\/tr><tr><th>Modelo del veh\u00edculo \u2013 Prefijo del chasis:<\/th><td>\ud83d\ude9a PIAGGIO QUARGO 702 Di\u00e9sel (2007-2017) LDW702\/P (2007-2017) - ZAP4P10000<\/td><\/tr><\/tbody><\/table><\/div><\/section><\/section>\n","protected":false},"excerpt":{"rendered":"<p>Correa del alternador para Piaggio Quargo Correa espec\u00edfica para la transmisi\u00f3n del alternador en Piaggio Quargo. Dise\u00f1ada para asegurar el correcto funcionamiento del sistema de carga y de los accesorios del motor, garantiza durabilidad, elasticidad y resistencia al desgaste incluso en condiciones exigentes.<\/p>\n","protected":false},"featured_media":11102,"template":"","meta":[],"product_brand":[2670],"product_cat":[2123,420],"product_tag":[2124],"class_list":{"0":"post-11107","1":"product","2":"type-product","3":"status-publish","4":"has-post-thumbnail","6":"product_brand-aftermarket","7":"product_cat-alternador","8":"product_cat-piezas-del-motor","9":"product_tag-2124","11":"first","12":"instock","13":"sale","14":"taxable","15":"shipping-taxable","16":"purchasable","17":"product-type-simple"},"_links":{"self":[{"href":"https:\/\/damicoline.com\/es\/wp-json\/wp\/v2\/product\/11107","targetHints":{"allow":["GET"]}}],"collection":[{"href":"https:\/\/damicoline.com\/es\/wp-json\/wp\/v2\/product"}],"about":[{"href":"https:\/\/damicoline.com\/es\/wp-json\/wp\/v2\/types\/product"}],"wp:featuredmedia":[{"embeddable":true,"href":"https:\/\/damicoline.com\/es\/wp-json\/wp\/v2\/media\/11102"}],"wp:attachment":[{"href":"https:\/\/damicoline.com\/es\/wp-json\/wp\/v2\/media?parent=11107"}],"wp:term":[{"taxonomy":"product_brand","embeddable":true,"href":"https:\/\/damicoline.com\/es\/wp-json\/wp\/v2\/product_brand?post=11107"},{"taxonomy":"product_cat","embeddable":true,"href":"https:\/\/damicoline.com\/es\/wp-json\/wp\/v2\/product_cat?post=11107"},{"taxonomy":"product_tag","embeddable":true,"href":"https:\/\/damicoline.com\/es\/wp-json\/wp\/v2\/product_tag?post=11107"}],"curies":[{"name":"wp","href":"https:\/\/api.w.org\/{rel}","templated":true}]}}