{"id":11199,"date":"2025-07-31T12:27:43","date_gmt":"2025-07-31T10:27:43","guid":{"rendered":"https:\/\/damicoline.com\/product\/volano-motore-piaggio-porter-multitech-euro-6\/"},"modified":"2026-04-22T14:43:21","modified_gmt":"2026-04-22T12:43:21","slug":"volante-de-motor-para-piaggio-porter-multitech-euro-6-repuesto-de-alta-calidad","status":"publish","type":"product","link":"https:\/\/damicoline.com\/es\/producto\/volante-de-motor-para-piaggio-porter-multitech-euro-6-repuesto-de-alta-calidad\/","title":{"rendered":"Volante de motor para Piaggio Porter Multitech Euro 6. Repuesto de alta calidad"},"content":{"rendered":"<p><strong>Volante de motor para Piaggio Porter Multitech Euro 6<\/strong><\/p>\n<p>Volante de motor compatible con <strong>Piaggio Porter Multitech Euro 6<\/strong>. Esencial para el correcto funcionamiento del sistema de arranque y transmisi\u00f3n, este repuesto asegura un acoplamiento suave del embrague y la reducci\u00f3n de vibraciones. Dise\u00f1ado para resistir altas tensiones, garantiza fiabilidad y durabilidad a lo largo del tiempo.<\/p>\n<div class=\"text-sm text-gray-800 font-medium mb-2\"><div class=\"text-sm text-gray-800 font-medium mb-2\"><strong>C\u00f3digos de referencia:<\/strong> 1A005159<\/div><\/div>\n<div class=\"oem-box mb-4\"><div class=\"oem-box mb-4\"><p class=\"text-sm text-gray-800 font-medium mb-2\">Tipo: <strong>OEM (Foton)<\/strong><\/p><p class=\"text-sm text-gray-700 mb-1\">Componente de nivel OEM fabricado por Foton, seg\u00fan especificaci\u00f3n original para ajuste y funcionamiento correctos.<\/p><p class=\"text-xs text-gray-500 mt-2\">No est\u00e1 marcado por Piaggio. Marcas de sus respectivos due\u00f1os.<\/p><\/div><\/div>\n<section class=\"compatibility-block mb-4\"><section class=\"compatibility-block mb-4\"><div class=\"product-extra-details hide-below-992\"><table class=\"woocommerce-product-attributes\"><tbody><tr><th colspan=\"2\"><span class=\"text-sm font-medium mb-2\">Compatible con:<\/span><\/th><\/tr><tr><th>Modelo del veh\u00edculo \u2013 Prefijo del chasis:<\/th><td><a href=\"https:\/\/damicoline.com\/es\/tienda\/?vx_brand=PIAGGIO&#038;vx_model=PORTER%20Pianale%20piatto\/Telaio%201.3%20LPG%20(2015-2020)&#038;vx_engine=DAM13R&#038;vx_years=2015-2020\">\ud83d\ude9a PIAGGIO PORTER Pianale piatto\/Telaio 1.3 LPG (2015-2020) DAM13R (2015-2020) - ZAPS89CGW, ZAPS89PGW, ZAPS90VGW, ZAPS90TGW, ZAPS90PGW, ZAPS90CGW<\/a><\/td><\/tr><\/tbody><\/table><\/div><\/section><\/section>\n","protected":false},"excerpt":{"rendered":"<p>Volante de motor para Piaggio Porter Multitech Euro 6 Volante de motor compatible con Piaggio Porter Multitech Euro 6. Esencial para el correcto funcionamiento del sistema de arranque y transmisi\u00f3n, este repuesto asegura un acoplamiento suave del embrague y la reducci\u00f3n de vibraciones. Dise\u00f1ado para resistir altas tensiones, garantiza fiabilidad y durabilidad a lo largo<\/p>\n<div class=\"klb-readmore button\"><a class=\"btn link\" href=\"https:\/\/damicoline.com\/es\/producto\/volante-de-motor-para-piaggio-porter-multitech-euro-6-repuesto-de-alta-calidad\/\">Read More <i class=\"klbth-icon-right-arrow\"><\/i><\/a><\/div>\n","protected":false},"featured_media":11194,"template":"","meta":{"_sitemap_exclude":false,"_sitemap_priority":"","_sitemap_frequency":""},"product_brand":[2671],"product_cat":[1363,420],"product_tag":[2137],"class_list":{"0":"post-11199","1":"product","2":"type-product","3":"status-publish","4":"has-post-thumbnail","6":"product_brand-foton","7":"product_cat-ciguenal","8":"product_cat-piezas-del-motor","9":"product_tag-1a005159","11":"first","12":"outofstock","13":"sale","14":"taxable","15":"shipping-taxable","16":"purchasable","17":"product-type-simple"},"_links":{"self":[{"href":"https:\/\/damicoline.com\/es\/wp-json\/wp\/v2\/product\/11199","targetHints":{"allow":["GET"]}}],"collection":[{"href":"https:\/\/damicoline.com\/es\/wp-json\/wp\/v2\/product"}],"about":[{"href":"https:\/\/damicoline.com\/es\/wp-json\/wp\/v2\/types\/product"}],"wp:featuredmedia":[{"embeddable":true,"href":"https:\/\/damicoline.com\/es\/wp-json\/wp\/v2\/media\/11194"}],"wp:attachment":[{"href":"https:\/\/damicoline.com\/es\/wp-json\/wp\/v2\/media?parent=11199"}],"wp:term":[{"taxonomy":"product_brand","embeddable":true,"href":"https:\/\/damicoline.com\/es\/wp-json\/wp\/v2\/product_brand?post=11199"},{"taxonomy":"product_cat","embeddable":true,"href":"https:\/\/damicoline.com\/es\/wp-json\/wp\/v2\/product_cat?post=11199"},{"taxonomy":"product_tag","embeddable":true,"href":"https:\/\/damicoline.com\/es\/wp-json\/wp\/v2\/product_tag?post=11199"}],"curies":[{"name":"wp","href":"https:\/\/api.w.org\/{rel}","templated":true}]}}