{"id":11511,"date":"2025-08-26T12:54:15","date_gmt":"2025-08-26T10:54:15","guid":{"rendered":"https:\/\/damicoline.com\/product\/guarnizione-coperchio-punterie-piaggio-quargo-ldw-702\/"},"modified":"2026-04-22T14:44:10","modified_gmt":"2026-04-22T12:44:10","slug":"junta-tapa-de-valvulas-piaggio-quargo-ldw-702","status":"publish","type":"product","link":"https:\/\/damicoline.com\/es\/producto\/junta-tapa-de-valvulas-piaggio-quargo-ldw-702\/","title":{"rendered":"Junta tapa de v\u00e1lvulas Piaggio Quargo LDW-702"},"content":{"rendered":"<p><strong>Junta tapa de v\u00e1lvulas para Piaggio Quargo LDW-702<\/strong><\/p>\n<p>Junta espec\u00edfica para la <strong>tapa de v\u00e1lvulas<\/strong> del <strong>Piaggio Quargo con motor LDW-702<\/strong>. Asegura la correcta estanqueidad del aceite en la culata, previniendo fugas y manteniendo limpio el compartimento del motor. Ideal para reemplazo durante intervenciones en v\u00e1lvulas y distribuci\u00f3n.<\/p>\n<div class=\"text-sm text-gray-800 font-medium mb-2\"><div class=\"text-sm text-gray-800 font-medium mb-2\"><strong>C\u00f3digos de referencia:<\/strong> 493760<\/div><\/div>\n<div class=\"oem-box mb-4\"><div class=\"oem-box mb-4\"><p class=\"text-sm text-gray-800 font-medium mb-2\">Tipo: <strong>Aftermarket<\/strong><\/p><p class=\"text-sm text-gray-700 mb-1\">Componente aftermarket de calidad profesional, compatible con los veh\u00edculos indicados en esta p\u00e1gina.<\/p><p class=\"text-xs text-gray-500 mt-2\">No fabricado ni marcado por Piaggio. Marcas de sus respectivos propietarios.<\/p><\/div><\/div>\n<section class=\"compatibility-block mb-4\"><section class=\"compatibility-block mb-4\"><div class=\"product-extra-details hide-below-992\"><table class=\"woocommerce-product-attributes\"><tbody><tr><th colspan=\"2\"><span class=\"text-sm font-medium mb-2\">Compatible con:<\/span><\/th><\/tr><tr><th>Modelo del veh\u00edculo \u2013 Prefijo del chasis:<\/th><td><a href=\"https:\/\/damicoline.com\/es\/tienda\/?vx_brand=PIAGGIO&#038;vx_model=QUARGO%20702%20Diesel%20(2004-2006)&#038;vx_engine=LDW702\/P&#038;vx_years=2004-2006\">\ud83d\ude9a PIAGGIO QUARGO 702 Di\u00e9sel (2004-2006) LDW702\/P (2004-2006) - ZAPP10000<\/a><\/td><\/tr><tr><th>Modelo del veh\u00edculo \u2013 Prefijo del chasis:<\/th><td><a href=\"https:\/\/damicoline.com\/es\/tienda\/?vx_brand=PIAGGIO&#038;vx_model=QUARGO%20702%20Diesel%20(2007-2017)&#038;vx_engine=LDW702\/P&#038;vx_years=2007-2017\">\ud83d\ude9a PIAGGIO QUARGO 702 Di\u00e9sel (2007-2017) LDW702\/P (2007-2017) - ZAP4P10000<\/a><\/td><\/tr><\/tbody><\/table><\/div><\/section><\/section>\n","protected":false},"excerpt":{"rendered":"<p>Junta tapa de v\u00e1lvulas para Piaggio Quargo LDW-702 Junta espec\u00edfica para la tapa de v\u00e1lvulas del Piaggio Quargo con motor LDW-702. Asegura la correcta estanqueidad del aceite en la culata, previniendo fugas y manteniendo limpio el compartimento del motor. Ideal para reemplazo durante intervenciones en v\u00e1lvulas y distribuci\u00f3n.<\/p>\n","protected":false},"featured_media":11482,"template":"","meta":{"_sitemap_exclude":false,"_sitemap_priority":"","_sitemap_frequency":""},"product_brand":[2670],"product_cat":[1131,420],"product_tag":[2199],"class_list":{"0":"post-11511","1":"product","2":"type-product","3":"status-publish","4":"has-post-thumbnail","6":"product_brand-aftermarket","7":"product_cat-juntas-de-motor","8":"product_cat-piezas-del-motor","9":"product_tag-2199","11":"first","12":"outofstock","13":"sale","14":"taxable","15":"shipping-taxable","16":"purchasable","17":"product-type-simple"},"_links":{"self":[{"href":"https:\/\/damicoline.com\/es\/wp-json\/wp\/v2\/product\/11511","targetHints":{"allow":["GET"]}}],"collection":[{"href":"https:\/\/damicoline.com\/es\/wp-json\/wp\/v2\/product"}],"about":[{"href":"https:\/\/damicoline.com\/es\/wp-json\/wp\/v2\/types\/product"}],"wp:featuredmedia":[{"embeddable":true,"href":"https:\/\/damicoline.com\/es\/wp-json\/wp\/v2\/media\/11482"}],"wp:attachment":[{"href":"https:\/\/damicoline.com\/es\/wp-json\/wp\/v2\/media?parent=11511"}],"wp:term":[{"taxonomy":"product_brand","embeddable":true,"href":"https:\/\/damicoline.com\/es\/wp-json\/wp\/v2\/product_brand?post=11511"},{"taxonomy":"product_cat","embeddable":true,"href":"https:\/\/damicoline.com\/es\/wp-json\/wp\/v2\/product_cat?post=11511"},{"taxonomy":"product_tag","embeddable":true,"href":"https:\/\/damicoline.com\/es\/wp-json\/wp\/v2\/product_tag?post=11511"}],"curies":[{"name":"wp","href":"https:\/\/api.w.org\/{rel}","templated":true}]}}