{"id":11647,"date":"2025-08-27T09:30:33","date_gmt":"2025-08-27T07:30:33","guid":{"rendered":"https:\/\/damicoline.com\/product\/motorino-avviamento-piaggio-ape-diesel\/"},"modified":"2026-05-13T12:26:50","modified_gmt":"2026-05-13T10:26:50","slug":"motor-de-arranque-para-piaggio-ape-diesel-listo-para-arrancar","status":"publish","type":"product","link":"https:\/\/damicoline.com\/es\/producto\/motor-de-arranque-para-piaggio-ape-diesel-listo-para-arrancar\/","title":{"rendered":"Motor de arranque para Piaggio Ape Diesel, listo para arrancar"},"content":{"rendered":"<p><strong>Motor de arranque para Piaggio Ape Diesel, listo para arrancar<\/strong><\/p>\n<p>Motor de arranque compatible con <strong>Piaggio Ape Diesel<\/strong>. Garantiza arranques r\u00e1pidos y fiables incluso en fr\u00edo, con entrega de par constante. Repuesto de calidad, dise\u00f1ado para durabilidad y rendimiento a lo largo del tiempo.<\/p>\n<div class=\"text-sm text-gray-800 font-medium mb-2\"><div class=\"text-sm text-gray-800 font-medium mb-2\"><strong>C\u00f3digos de referencia:<\/strong> 292083<\/div><\/div>\n<div class=\"oem-box mb-4\"><div class=\"oem-box mb-4\"><p class=\"text-sm text-gray-800 font-medium mb-2\">Tipo: <strong>Aftermarket<\/strong><\/p><p class=\"text-sm text-gray-700 mb-1\">Componente aftermarket de calidad profesional, compatible con los veh\u00edculos indicados en esta p\u00e1gina.<\/p><p class=\"text-xs text-gray-500 mt-2\">No fabricado ni marcado por Piaggio. Marcas de sus respectivos propietarios.<\/p><\/div><\/div>\n<section class=\"compatibility-block mb-4\"><section class=\"compatibility-block mb-4\"><div class=\"product-extra-details\"><table class=\"woocommerce-product-attributes\"><tbody><tr><th colspan=\"2\"><span class=\"text-sm font-medium mb-2\">Compatible con:<\/span><\/th><\/tr><tr><th>Modelo del veh\u00edculo \u2013 Prefijo del chasis:<\/th><td>\ud83d\ude9a PIAGGIO APE CALESSINO 422 E2 (2007-2012) LDW422 (2007-2012) - ZAPT2D4MC, ZAPT3E9AC<\/td><\/tr><tr><th>Modelo del veh\u00edculo \u2013 Prefijo del chasis:<\/th><td>\ud83d\ude9a PIAGGIO APE CLASSIC MP601 E2 (2006-2013) LDW422 (2006-2013) - MC349B0D26B<\/td><\/tr><tr><th>Modelo del veh\u00edculo \u2013 Prefijo del chasis:<\/th><td>\ud83d\ude9a PIAGGIO APE TM703 DIESEL LCS 422 E1 (2005-2012) ATD2M (2005-2012) - ZAPT10000<\/td><\/tr><\/tbody><\/table><\/div><\/section><\/section>\n","protected":false},"excerpt":{"rendered":"<p>Motor de arranque para Piaggio Ape Diesel, listo para arrancar Motor de arranque compatible con Piaggio Ape Diesel. Garantiza arranques r\u00e1pidos y fiables incluso en fr\u00edo, con entrega de par constante. Repuesto de calidad, dise\u00f1ado para durabilidad y rendimiento a lo largo del tiempo.<\/p>\n","protected":false},"featured_media":11626,"template":"","meta":[],"product_brand":[3900],"product_cat":[430,420],"product_tag":[2283],"class_list":{"0":"post-11647","1":"product","2":"type-product","3":"status-publish","4":"has-post-thumbnail","6":"product_brand-aftermarket","7":"product_cat-motores-de-arranque","8":"product_cat-piezas-del-motor","9":"product_tag-2283","11":"first","12":"instock","13":"sale","14":"taxable","15":"shipping-taxable","16":"purchasable","17":"product-type-simple"},"_links":{"self":[{"href":"https:\/\/damicoline.com\/es\/wp-json\/wp\/v2\/product\/11647","targetHints":{"allow":["GET"]}}],"collection":[{"href":"https:\/\/damicoline.com\/es\/wp-json\/wp\/v2\/product"}],"about":[{"href":"https:\/\/damicoline.com\/es\/wp-json\/wp\/v2\/types\/product"}],"wp:featuredmedia":[{"embeddable":true,"href":"https:\/\/damicoline.com\/es\/wp-json\/wp\/v2\/media\/11626"}],"wp:attachment":[{"href":"https:\/\/damicoline.com\/es\/wp-json\/wp\/v2\/media?parent=11647"}],"wp:term":[{"taxonomy":"product_brand","embeddable":true,"href":"https:\/\/damicoline.com\/es\/wp-json\/wp\/v2\/product_brand?post=11647"},{"taxonomy":"product_cat","embeddable":true,"href":"https:\/\/damicoline.com\/es\/wp-json\/wp\/v2\/product_cat?post=11647"},{"taxonomy":"product_tag","embeddable":true,"href":"https:\/\/damicoline.com\/es\/wp-json\/wp\/v2\/product_tag?post=11647"}],"curies":[{"name":"wp","href":"https:\/\/api.w.org\/{rel}","templated":true}]}}