{"id":11994,"date":"2025-09-01T15:29:38","date_gmt":"2025-09-01T13:29:38","guid":{"rendered":"https:\/\/damicoline.com\/product\/kit-revisione-coppia-conica-porter-standard-no-maxxi\/"},"modified":"2025-09-01T19:02:45","modified_gmt":"2025-09-01T17:02:45","slug":"kit-de-revision-de-pareja-conica-para-piaggio-porter-kit-estandar","status":"publish","type":"product","link":"https:\/\/damicoline.com\/es\/producto\/kit-de-revision-de-pareja-conica-para-piaggio-porter-kit-estandar\/","title":{"rendered":"Kit de revisi\u00f3n de pareja c\u00f3nica para Piaggio Porter kit est\u00e1ndar."},"content":{"rendered":"<p><strong>Kit de revisi\u00f3n de pareja c\u00f3nica para Piaggio Porter kit est\u00e1ndar.<\/strong><\/p>\n<p>Kit de revisi\u00f3n de pareja c\u00f3nica compatible con <strong>Piaggio Porter<\/strong> modelo est\u00e1ndar (no Maxxi). Incluye los componentes principales para restaurar juego, deslizamiento y estanqueidad del diferencial con montaje fiable.<\/p>\n<ul>\n<li><strong>Cojinete grande pareja c\u00f3nica<\/strong> \u2013 <code>&#57;&#48;&#48;&#52;&#51;&#54;&#54;&#48;&#54;&#55;&#48;&#48;&#48;<\/code><\/li>\n<li><strong>Cojinete peque\u00f1o pareja c\u00f3nica<\/strong> \u2013 <code>&#57;&#48;&#48;&#52;&#51;&#54;&#54;&#48;&#54;&#53;&#48;&#48;&#48;<\/code><\/li>\n<li><strong>Ret\u00e9n pi\u00f1\u00f3n diferencial<\/strong> \u2013 <code>&#57;&#48;&#48;&#52;&#51;&#49;&#49;&#51;&#51;&#48;&#48;&#48;&#48;<\/code><\/li>\n<li><strong>Anillo O-ring brida pi\u00f1\u00f3n<\/strong> \u2013 <code>&#57;&#48;&#48;&#52;&#51;&#48;&#49;&#50;&#53;&#50;&#48;&#48;&#48;<\/code><\/li>\n<\/ul>\n<p class=\"mt-2\"><em>Recomendado durante la revisi\u00f3n:<\/em> tambi\u00e9n sustituir los <strong>cojinetes caja diferencial<\/strong> \u2013 <code>&#57;&#48;&#48;&#52;&#51;&#54;&#54;&#48;&#54;&#54;&#48;&#48;&#48;<\/code> para un resultado duradero y silencioso.<\/p>\n<div class=\"text-sm text-gray-800 font-medium mb-2\"><div class=\"text-sm text-gray-800 font-medium mb-2\"><strong>C\u00f3digos de referencia:<\/strong>&#32;&#57;&#48;&#48;&#52;&#51;&#49;&#49;&#51;&#51;&#48;&#48;&#48;0 \u2013&#32;&#57;&#48;&#48;&#52;&#51;&#54;&#54;&#48;&#54;&#53;&#48;&#48;0 \u2013&#32;&#57;&#48;&#48;&#52;&#51;&#54;&#54;&#48;&#54;&#55;&#48;&#48;0<\/div><\/div>\n<div class=\"oem-box mb-4\">\t\t\t\t<div class=\"oem-box mb-4\">\n\t\t\t\t\t<p class=\"text-sm text-gray-800 font-medium mb-2\">Tipo: <strong>Aftermarket<\/strong><\/p>\n\t\t\t\t\t<p class=\"text-sm text-gray-700 mb-1\">Componente aftermarket de calidad profesional, compatible con los veh\u00edculos indicados en esta p\u00e1gina.<\/p>\n\t\t\t\t\t<p class=\"text-xs text-gray-500 mt-2\">*No fabricado ni marcado por Piaggio. Marcas de sus respectivos propietarios.<\/p>\n\t\t\t\t<\/div>\n\t\t\t<\/div>\n<section class=\"compatibility-block mb-4\"><section class=\"compatibility-block mb-4\"><div class=\"product-extra-details hide-below-992\"><table class=\"woocommerce-product-attributes\"><tbody><tr><th colspan=\"2\"><span class=\"text-sm font-medium mb-2\">Compatible con:<\/span><\/th><\/tr><tr><th>Modelo del veh\u00edculo \u2013 Prefijo del chasis:<\/th><td><a href=\"https:\/\/damicoline.com\/es\/tienda\/?vx_brand=PIAGGIO&#038;vx_model=PORTER%20Pianale%20piatto\/Telaio%201.2%20D%20(2010-2015)&#038;vx_engine=P120&#038;vx_years=2010-2015\">\ud83d\ude9a PIAGGIO PORTER Pianale piatto\/Telaio 1.2 D (2010-2015) P120 (2010-2015) - ZAPS90CKW, ZAPS90PKW, ZAPS90TKW, ZAPS90VKW<\/a><\/td><\/tr><tr><th>Modelo del veh\u00edculo \u2013 Prefijo del chasis:<\/th><td><a href=\"https:\/\/damicoline.com\/es\/tienda\/?vx_brand=PIAGGIO&#038;vx_model=PORTER%20Pianale%20piatto\/Telaio%201.3%20(2010-2015)&#038;vx_engine=DA471QLR&#038;vx_years=2010-2015\">\ud83d\ude9a PIAGGIO PORTER Pianale piatto\/Telaio 1.3 (2010-2015) DA471QLR (2010-2015) - ZAPS90CJ, ZAPS90PJ, ZAPS90TJ, ZAPS90VJ<\/a><\/td><\/tr><tr><th>Modelo del veh\u00edculo \u2013 Prefijo del chasis:<\/th><td><a href=\"https:\/\/damicoline.com\/es\/tienda\/?vx_brand=PIAGGIO&#038;vx_model=PORTER%20Pianale%20piatto\/Telaio%201.3%2016V%20Up-Date%20E3%20(2009-2010)&#038;vx_engine=HC-EL&#038;vx_years=2009-2010\">\ud83d\ude9a PIAGGIO PORTER Pianale piatto\/Telaio 1.3 16V Up-Date E3 (2009-2010) HC-EL (2009-2010) - ZAPS90CH, ZAPS90PH, ZAPS90TH, ZAPS90VH<\/a><\/td><\/tr><tr><th>Modelo del veh\u00edculo \u2013 Prefijo del chasis:<\/th><td><a href=\"https:\/\/damicoline.com\/es\/tienda\/?vx_brand=PIAGGIO&#038;vx_model=PORTER%20Pianale%20piatto\/Telaio%201.3%20LPG%20(2015-2020)&#038;vx_engine=DAM13R&#038;vx_years=2015-2020\">\ud83d\ude9a PIAGGIO PORTER Pianale piatto\/Telaio 1.3 LPG (2015-2020) DAM13R (2015-2020) - ZAPS89CGW, ZAPS89PGW, ZAPS90VGW, ZAPS90TGW, ZAPS90PGW, ZAPS90CGW<\/a><\/td><\/tr><\/tbody><\/table><\/div><\/section><\/section>\n","protected":false},"excerpt":{"rendered":"<p>Kit de revisi\u00f3n de pareja c\u00f3nica para Piaggio Porter kit est\u00e1ndar. Kit de revisi\u00f3n de pareja c\u00f3nica compatible con Piaggio Porter modelo est\u00e1ndar (no Maxxi). Incluye los componentes principales para restaurar juego, deslizamiento y estanqueidad del diferencial con montaje fiable. Cojinete grande pareja c\u00f3nica \u2013 &#57;&#48;&#48;&#52;&#51;&#54;&#54;&#48;&#54;&#55;&#48;&#48;&#48; Cojinete peque\u00f1o pareja c\u00f3nica \u2013 &#57;&#48;&#48;&#52;&#51;&#54;&#54;&#48;&#54;&#53;&#48;&#48;&#48; Ret\u00e9n pi\u00f1\u00f3n diferencial<\/p>\n<div class=\"klb-readmore button\"><a class=\"btn link\" href=\"https:\/\/damicoline.com\/es\/producto\/kit-de-revision-de-pareja-conica-para-piaggio-porter-kit-estandar\/\">Read More <i class=\"klbth-icon-right-arrow\"><\/i><\/a><\/div>\n","protected":false},"featured_media":11966,"template":"","meta":{"_sitemap_exclude":false,"_sitemap_priority":"","_sitemap_frequency":""},"product_brand":[2670],"product_cat":[2408,1427],"product_tag":[2409,2410,2411],"class_list":{"0":"post-11994","1":"product","2":"type-product","3":"status-publish","4":"has-post-thumbnail","6":"product_brand-aftermarket","7":"product_cat-diferencial","8":"product_cat-transmision-trasera","9":"product_tag-2409","10":"product_tag-2410","11":"product_tag-2411","13":"first","14":"instock","15":"sale","16":"taxable","17":"shipping-taxable","18":"purchasable","19":"product-type-simple"},"_links":{"self":[{"href":"https:\/\/damicoline.com\/es\/wp-json\/wp\/v2\/product\/11994","targetHints":{"allow":["GET"]}}],"collection":[{"href":"https:\/\/damicoline.com\/es\/wp-json\/wp\/v2\/product"}],"about":[{"href":"https:\/\/damicoline.com\/es\/wp-json\/wp\/v2\/types\/product"}],"wp:featuredmedia":[{"embeddable":true,"href":"https:\/\/damicoline.com\/es\/wp-json\/wp\/v2\/media\/11966"}],"wp:attachment":[{"href":"https:\/\/damicoline.com\/es\/wp-json\/wp\/v2\/media?parent=11994"}],"wp:term":[{"taxonomy":"product_brand","embeddable":true,"href":"https:\/\/damicoline.com\/es\/wp-json\/wp\/v2\/product_brand?post=11994"},{"taxonomy":"product_cat","embeddable":true,"href":"https:\/\/damicoline.com\/es\/wp-json\/wp\/v2\/product_cat?post=11994"},{"taxonomy":"product_tag","embeddable":true,"href":"https:\/\/damicoline.com\/es\/wp-json\/wp\/v2\/product_tag?post=11994"}],"curies":[{"name":"wp","href":"https:\/\/api.w.org\/{rel}","templated":true}]}}