{"id":12125,"date":"2025-09-18T17:15:14","date_gmt":"2025-09-18T15:15:14","guid":{"rendered":"https:\/\/damicoline.com\/product\/semiasse-per-piaggio-ape-calessino-e-ape-lcs-diesel-da-415mm\/"},"modified":"2026-04-22T14:46:38","modified_gmt":"2026-04-22T12:46:38","slug":"semieje-desnudo-415-mm-ape-calessino-ldw-422-y-lcs-422","status":"publish","type":"product","link":"https:\/\/damicoline.com\/es\/producto\/semieje-desnudo-415-mm-ape-calessino-ldw-422-y-lcs-422\/","title":{"rendered":"Semieje desnudo 415 mm Ape Calessino LDW-422 y LCS 422"},"content":{"rendered":"<p><strong>Semieje desnudo 415 mm para Piaggio Ape Calessino LDW-422 y Ape Diesel LCS 422<\/strong><\/p>\n<p>Semieje desnudo compatible con <strong>Piaggio Ape Calessino LDW-422 Diesel<\/strong> y <strong>Piaggio Ape Diesel LCS 422<\/strong>, longitud total <strong>415 mm<\/strong>. Componente de la transmisi\u00f3n utilizado para la conexi\u00f3n entre diferencial y grupo rueda, indicado para intervenciones de reparaci\u00f3n, revisi\u00f3n o reconstrucci\u00f3n de la transmisi\u00f3n.<\/p>\n<p><em>Nota:<\/em> el semieje se suministra <strong>desnudo<\/strong> (sin fuelles, juntas, cubo y accesorios). Para completar correctamente el montaje es posible adquirir por separado:<\/p>\n<ul>\n<li><strong>Kit fuelles semieje<\/strong> (fuelle interno, fuelle externo y abrazaderas de sujeci\u00f3n) \u2013 <a href=\"\/?s=L2920196&amp;post_type=product\"><strong>C\u00f3digo: L2920196<\/strong><\/a><\/li>\n<li><strong>Cojinete y sello semieje<\/strong> \u2013 <a href=\"\/?s=L3010260&amp;post_type=product\"><strong>C\u00f3digo: L3010260<\/strong><\/a><\/li>\n<li><strong>Cubo semieje conexi\u00f3n junta<\/strong> \u2013 <a href=\"\/?s=111498&amp;post_type=product\"><strong>C\u00f3digo: 111498<\/strong><\/a><\/li>\n<\/ul>\n<p><a href=\"https:\/\/damicoline.com\/wp-content\/uploads\/2025\/09\/Semiasse-415mm.jpg\" target=\"_blank\" rel=\"noopener\"><br \/>\n<img decoding=\"async\" style=\"max-width: 100%; height: auto;\" src=\"https:\/\/damicoline.com\/wp-content\/uploads\/2025\/09\/Semiasse-415mm.jpg\" alt=\"Semieje desnudo 415 mm para Piaggio Ape Calessino LDW-422 y Ape Diesel LCS 422\" width=\"300\" \/><br \/>\n<\/a><\/p>\n<div class=\"text-sm text-gray-800 font-medium mb-2\"><div class=\"text-sm text-gray-800 font-medium mb-2\"><strong>C\u00f3digos de referencia:<\/strong> 850235 \u2013 L8050028<\/div><\/div>\n<div class=\"oem-box mb-4\"><div class=\"oem-box mb-4\"><p class=\"text-sm text-gray-800 font-medium mb-2\">Tipo: <strong>Aftermarket<\/strong><\/p><p class=\"text-sm text-gray-700 mb-1\">Componente aftermarket de calidad profesional, compatible con los veh\u00edculos indicados en esta p\u00e1gina.<\/p><p class=\"text-xs text-gray-500 mt-2\">No fabricado ni marcado por Piaggio. Marcas de sus respectivos propietarios.<\/p><\/div><\/div>\n<section class=\"compatibility-block mb-4\"><section class=\"compatibility-block mb-4\"><div class=\"product-extra-details hide-below-992\"><table class=\"woocommerce-product-attributes\"><tbody><tr><th colspan=\"2\"><span class=\"text-sm font-medium mb-2\">Compatible con:<\/span><\/th><\/tr><tr><th>Modelo del veh\u00edculo \u2013 Prefijo del chasis:<\/th><td><a href=\"https:\/\/damicoline.com\/es\/tienda\/?vx_brand=PIAGGIO&#038;vx_model=APE%20CALESSINO%20422%20E2%20(2007-2012)&#038;vx_engine=LDW422&#038;vx_years=2007-2012\">\ud83d\ude9a PIAGGIO APE CALESSINO 422 E2 (2007-2012) LDW422 (2007-2012) - ZAPT2D4MC, ZAPT3E9AC<\/a><\/td><\/tr><tr><th>Modelo del veh\u00edculo \u2013 Prefijo del chasis:<\/th><td><a href=\"https:\/\/damicoline.com\/es\/tienda\/?vx_brand=PIAGGIO&#038;vx_model=APE%20TM703%20DIESEL%20LCS%20422%20E1%20(2005-2012)&#038;vx_engine=ATD2M&#038;vx_years=2005-2012\">\ud83d\ude9a PIAGGIO APE TM703 DIESEL LCS 422 E1 (2005-2012) ATD2M (2005-2012) - ZAPT10000<\/a><\/td><\/tr><\/tbody><\/table><\/div><\/section><\/section>\n","protected":false},"excerpt":{"rendered":"<p>Semieje desnudo 415 mm para Piaggio Ape Calessino LDW-422 y Ape Diesel LCS 422 Semieje desnudo compatible con Piaggio Ape Calessino LDW-422 Diesel y Piaggio Ape Diesel LCS 422, longitud total 415 mm. Componente de la transmisi\u00f3n utilizado para la conexi\u00f3n entre diferencial y grupo rueda, indicado para intervenciones de reparaci\u00f3n, revisi\u00f3n o reconstrucci\u00f3n de<\/p>\n<div class=\"klb-readmore button\"><a class=\"btn link\" href=\"https:\/\/damicoline.com\/es\/producto\/semieje-desnudo-415-mm-ape-calessino-ldw-422-y-lcs-422\/\">Read More <i class=\"klbth-icon-right-arrow\"><\/i><\/a><\/div>\n","protected":false},"featured_media":12090,"template":"","meta":{"_sitemap_exclude":false,"_sitemap_priority":"","_sitemap_frequency":""},"product_brand":[],"product_cat":[1432,1427],"product_tag":[3861,2428],"class_list":{"0":"post-12125","1":"product","2":"type-product","3":"status-publish","4":"has-post-thumbnail","6":"product_cat-semieje","7":"product_cat-transmision-trasera","8":"product_tag-3861","9":"product_tag-l8050028","11":"first","12":"instock","13":"sale","14":"taxable","15":"shipping-taxable","16":"purchasable","17":"product-type-simple"},"_links":{"self":[{"href":"https:\/\/damicoline.com\/es\/wp-json\/wp\/v2\/product\/12125","targetHints":{"allow":["GET"]}}],"collection":[{"href":"https:\/\/damicoline.com\/es\/wp-json\/wp\/v2\/product"}],"about":[{"href":"https:\/\/damicoline.com\/es\/wp-json\/wp\/v2\/types\/product"}],"wp:featuredmedia":[{"embeddable":true,"href":"https:\/\/damicoline.com\/es\/wp-json\/wp\/v2\/media\/12090"}],"wp:attachment":[{"href":"https:\/\/damicoline.com\/es\/wp-json\/wp\/v2\/media?parent=12125"}],"wp:term":[{"taxonomy":"product_brand","embeddable":true,"href":"https:\/\/damicoline.com\/es\/wp-json\/wp\/v2\/product_brand?post=12125"},{"taxonomy":"product_cat","embeddable":true,"href":"https:\/\/damicoline.com\/es\/wp-json\/wp\/v2\/product_cat?post=12125"},{"taxonomy":"product_tag","embeddable":true,"href":"https:\/\/damicoline.com\/es\/wp-json\/wp\/v2\/product_tag?post=12125"}],"curies":[{"name":"wp","href":"https:\/\/api.w.org\/{rel}","templated":true}]}}