{"id":12145,"date":"2025-09-25T17:41:25","date_gmt":"2025-09-25T15:41:25","guid":{"rendered":"https:\/\/damicoline.com\/product\/cuscinetto-tenuta-semiasse-ape-calessino-classic\/"},"modified":"2025-09-26T10:49:24","modified_gmt":"2025-09-26T08:49:24","slug":"rodamiento-de-sello-de-eje-para-piaggio-ape-calessino-y-classic","status":"publish","type":"product","link":"https:\/\/damicoline.com\/es\/producto\/rodamiento-de-sello-de-eje-para-piaggio-ape-calessino-y-classic\/","title":{"rendered":"Rodamiento de sello de eje para Piaggio Ape Calessino y Classic"},"content":{"rendered":"<p><strong>Rodamiento y sello de eje para Piaggio Ape Calessino y Classic<\/strong><\/p>\n<p>Rodamiento con sello de eje compatible con <strong>Piaggio Ape Calessino<\/strong> y <strong>Ape Classic<\/strong>. Garantiza un deslizamiento fluido y una \u00f3ptima retenci\u00f3n del aceite, reduciendo fricciones y desgaste del grupo de transmisi\u00f3n. Repuesto de calidad, resistente y confiable a lo largo del tiempo.<\/p>\n<div class=\"text-sm text-gray-800 font-medium mb-2\"><div class=\"text-sm text-gray-800 font-medium mb-2\"><strong>C\u00f3digos de referencia:<\/strong> L3010260<\/div><\/div>\n<div class=\"oem-box mb-4\">\t\t\t\t<div class=\"oem-box mb-4\">\n\t\t\t\t\t<p class=\"text-sm text-gray-800 font-medium mb-2\">Tipo: <strong>Original Piaggio<\/strong><\/p>\n\t\t\t\t\t<p class=\"text-sm text-gray-700 mb-1\">Componente original Piaggio, dise\u00f1ado para ajuste y rendimiento correctos.<\/p>\n\t\t\t\t\t<p class=\"text-xs text-gray-500 mt-2\">*Las marcas pertenecen a sus respectivos propietarios.<\/p>\n\t\t\t\t<\/div>\n\t\t\t<\/div>\n<section class=\"compatibility-block mb-4\"><section class=\"compatibility-block mb-4\"><div class=\"product-extra-details hide-below-992\"><table class=\"woocommerce-product-attributes\"><tbody><tr><th colspan=\"2\"><span class=\"text-sm font-medium mb-2\">Compatible con:<\/span><\/th><\/tr><tr><th>Modelo del veh\u00edculo \u2013 Prefijo del chasis:<\/th><td><a href=\"https:\/\/damicoline.com\/es\/tienda\/?vx_brand=PIAGGIO&#038;vx_model=APE%20CALESSINO%20422%20E2%20(2007-2012)&#038;vx_engine=LDW422&#038;vx_years=2007-2012\">\ud83d\ude9a PIAGGIO APE CALESSINO 422 E2 (2007-2012) LDW422 (2007-2012) - ZAPT2D4MC, ZAPT3E9AC<\/a><\/td><\/tr><tr><th>Modelo del veh\u00edculo \u2013 Prefijo del chasis:<\/th><td><a href=\"https:\/\/damicoline.com\/es\/tienda\/?vx_brand=PIAGGIO&#038;vx_model=APE%20CLASSIC%20MP601%20E2%20(2006-2013)&#038;vx_engine=LDW422&#038;vx_years=2006-2013\">\ud83d\ude9a PIAGGIO APE CLASSIC MP601 E2 (2006-2013) LDW422 (2006-2013) - MC349B0D26B<\/a><\/td><\/tr><\/tbody><\/table><\/div><\/section><\/section>\n","protected":false},"excerpt":{"rendered":"<p>Rodamiento y sello de eje para Piaggio Ape Calessino y Classic Rodamiento con sello de eje compatible con Piaggio Ape Calessino y Ape Classic. Garantiza un deslizamiento fluido y una \u00f3ptima retenci\u00f3n del aceite, reduciendo fricciones y desgaste del grupo de transmisi\u00f3n. Repuesto de calidad, resistente y confiable a lo largo del tiempo.<\/p>\n","protected":false},"featured_media":12120,"template":"","meta":{"_sitemap_exclude":false,"_sitemap_priority":"","_sitemap_frequency":""},"product_brand":[2672],"product_cat":[1432,1427],"product_tag":[2448],"class_list":{"0":"post-12145","1":"product","2":"type-product","3":"status-publish","4":"has-post-thumbnail","6":"product_brand-piaggio","7":"product_cat-semieje","8":"product_cat-transmision-trasera","9":"product_tag-l3010260","11":"first","12":"instock","13":"sale","14":"taxable","15":"shipping-taxable","16":"purchasable","17":"product-type-simple"},"_links":{"self":[{"href":"https:\/\/damicoline.com\/es\/wp-json\/wp\/v2\/product\/12145","targetHints":{"allow":["GET"]}}],"collection":[{"href":"https:\/\/damicoline.com\/es\/wp-json\/wp\/v2\/product"}],"about":[{"href":"https:\/\/damicoline.com\/es\/wp-json\/wp\/v2\/types\/product"}],"wp:featuredmedia":[{"embeddable":true,"href":"https:\/\/damicoline.com\/es\/wp-json\/wp\/v2\/media\/12120"}],"wp:attachment":[{"href":"https:\/\/damicoline.com\/es\/wp-json\/wp\/v2\/media?parent=12145"}],"wp:term":[{"taxonomy":"product_brand","embeddable":true,"href":"https:\/\/damicoline.com\/es\/wp-json\/wp\/v2\/product_brand?post=12145"},{"taxonomy":"product_cat","embeddable":true,"href":"https:\/\/damicoline.com\/es\/wp-json\/wp\/v2\/product_cat?post=12145"},{"taxonomy":"product_tag","embeddable":true,"href":"https:\/\/damicoline.com\/es\/wp-json\/wp\/v2\/product_tag?post=12145"}],"curies":[{"name":"wp","href":"https:\/\/api.w.org\/{rel}","templated":true}]}}