{"id":12388,"date":"2025-09-29T18:35:31","date_gmt":"2025-09-29T16:35:31","guid":{"rendered":"https:\/\/damicoline.com\/product\/bobina-at-cappuccio-ape-calessino-200-euro2-euro4\/"},"modified":"2026-04-22T14:48:00","modified_gmt":"2026-04-22T12:48:00","slug":"bobina-a-t-capuchon-para-piaggio-ape-calessino-200-euro-2-4","status":"publish","type":"product","link":"https:\/\/damicoline.com\/es\/producto\/bobina-a-t-capuchon-para-piaggio-ape-calessino-200-euro-2-4\/","title":{"rendered":"Bobina A.T. capuch\u00f3n para Piaggio Ape Calessino 200 Euro 2-4"},"content":{"rendered":"<p><strong>Bobina A.T. con capuch\u00f3n para Piaggio Ape Calessino 200 Euro 2-4<\/strong><\/p>\n<p>Bobina A.T. completa de <strong>capuch\u00f3n de buj\u00eda<\/strong> compatible con <strong>Piaggio Ape Calessino 200 Euro 2 y Euro 4<\/strong>. Garantiza chispa potente y arranque regular, mejora la combusti\u00f3n y la estabilidad del motor. Repuesto confiable, dise\u00f1ado para durabilidad y rendimiento constante.<\/p>\n<div class=\"text-sm text-gray-800 font-medium mb-2\"><div class=\"text-sm text-gray-800 font-medium mb-2\"><strong>C\u00f3digos de referencia:<\/strong> 1A001794<\/div><\/div>\n<div class=\"oem-box mb-4\"><div class=\"oem-box mb-4\"><p class=\"text-sm text-gray-800 font-medium mb-2\">Tipo: <strong>Aftermarket<\/strong><\/p><p class=\"text-sm text-gray-700 mb-1\">Componente aftermarket de calidad profesional, compatible con los veh\u00edculos indicados en esta p\u00e1gina.<\/p><p class=\"text-xs text-gray-500 mt-2\">No fabricado ni marcado por Piaggio. Marcas de sus respectivos propietarios.<\/p><\/div><\/div>\n<section class=\"compatibility-block mb-4\"><section class=\"compatibility-block mb-4\"><div class=\"product-extra-details hide-below-992\"><table class=\"woocommerce-product-attributes\"><tbody><tr><th colspan=\"2\"><span class=\"text-sm font-medium mb-2\">Compatible con:<\/span><\/th><\/tr><tr><th>Modelo del veh\u00edculo \u2013 Prefijo del chasis:<\/th><td><a href=\"https:\/\/damicoline.com\/es\/tienda\/?vx_brand=PIAGGIO&#038;vx_model=APE%20CALESSINO%20200%20E2%20(2013-2017)&#038;vx_engine=TBP4M&#038;vx_years=2013-2017\">\ud83d\ude9a PIAGGIO APE CALESSINO 200 E2 (2013-2017) TBP4M (2013-2017) - ZAPT42PMC, ZAPT42P00<\/a><\/td><\/tr><tr><th>Modelo del veh\u00edculo \u2013 Prefijo del chasis:<\/th><td><a href=\"https:\/\/damicoline.com\/es\/tienda\/?vx_brand=PIAGGIO&#038;vx_model=APE%20CALESSINO%20200%20HPE%20E4%20(2017-2023)&#038;vx_engine=TBPDF&#038;vx_years=2017-2023\">\ud83d\ude9a PIAGGIO APE CALESSINO 200 HPE E4 (2017-2023) TBPDF (2017-2023) - ZAPT64P00<\/a><\/td><\/tr><\/tbody><\/table><\/div><\/section><\/section>\n","protected":false},"excerpt":{"rendered":"<p>Bobina A.T. con capuch\u00f3n para Piaggio Ape Calessino 200 Euro 2-4 Bobina A.T. completa de capuch\u00f3n de buj\u00eda compatible con Piaggio Ape Calessino 200 Euro 2 y Euro 4. Garantiza chispa potente y arranque regular, mejora la combusti\u00f3n y la estabilidad del motor. Repuesto confiable, dise\u00f1ado para durabilidad y rendimiento constante.<\/p>\n","protected":false},"featured_media":12362,"template":"","meta":{"_sitemap_exclude":false,"_sitemap_priority":"","_sitemap_frequency":""},"product_brand":[2670],"product_cat":[555,420],"product_tag":[2529],"class_list":{"0":"post-12388","1":"product","2":"type-product","3":"status-publish","4":"has-post-thumbnail","6":"product_brand-aftermarket","7":"product_cat-encendido","8":"product_cat-piezas-del-motor","9":"product_tag-1a001794","11":"first","12":"instock","13":"sale","14":"taxable","15":"shipping-taxable","16":"purchasable","17":"product-type-simple"},"_links":{"self":[{"href":"https:\/\/damicoline.com\/es\/wp-json\/wp\/v2\/product\/12388","targetHints":{"allow":["GET"]}}],"collection":[{"href":"https:\/\/damicoline.com\/es\/wp-json\/wp\/v2\/product"}],"about":[{"href":"https:\/\/damicoline.com\/es\/wp-json\/wp\/v2\/types\/product"}],"wp:featuredmedia":[{"embeddable":true,"href":"https:\/\/damicoline.com\/es\/wp-json\/wp\/v2\/media\/12362"}],"wp:attachment":[{"href":"https:\/\/damicoline.com\/es\/wp-json\/wp\/v2\/media?parent=12388"}],"wp:term":[{"taxonomy":"product_brand","embeddable":true,"href":"https:\/\/damicoline.com\/es\/wp-json\/wp\/v2\/product_brand?post=12388"},{"taxonomy":"product_cat","embeddable":true,"href":"https:\/\/damicoline.com\/es\/wp-json\/wp\/v2\/product_cat?post=12388"},{"taxonomy":"product_tag","embeddable":true,"href":"https:\/\/damicoline.com\/es\/wp-json\/wp\/v2\/product_tag?post=12388"}],"curies":[{"name":"wp","href":"https:\/\/api.w.org\/{rel}","templated":true}]}}