{"id":12767,"date":"2025-10-02T15:31:04","date_gmt":"2025-10-02T13:31:04","guid":{"rendered":"https:\/\/damicoline.com\/product\/cuffia-tenuta-olio-semiasse-ape-calessino-200-euro4\/"},"modified":"2026-04-22T14:48:28","modified_gmt":"2026-04-22T12:48:28","slug":"fuelle-de-reten-de-aceite-semieje-para-piaggio-ape-calessino-200-euro-4","status":"publish","type":"product","link":"https:\/\/damicoline.com\/es\/producto\/fuelle-de-reten-de-aceite-semieje-para-piaggio-ape-calessino-200-euro-4\/","title":{"rendered":"Fuelle de ret\u00e9n de aceite semieje para Piaggio Ape Calessino 200 Euro 4"},"content":{"rendered":"<p><strong>Fuelle de ret\u00e9n de aceite semieje para Piaggio Ape Calessino 200 Euro 4<\/strong><\/p>\n<p>Fuelle de ret\u00e9n de aceite para <strong>semieje<\/strong> compatible con <strong>Piaggio Ape Calessino 200 Euro 4<\/strong>. Dise\u00f1ado para garantizar una retenci\u00f3n eficaz de los lubricantes, protege el semieje de p\u00e9rdidas e infiltraciones, asegurando durabilidad y fiabilidad a la transmisi\u00f3n. Repuesto robusto y preciso.<\/p>\n<div class=\"text-sm text-gray-800 font-medium mb-2\"><div class=\"text-sm text-gray-800 font-medium mb-2\"><strong>C\u00f3digos de referencia:<\/strong> 6C000016<\/div><\/div>\n<div class=\"oem-box mb-4\"><div class=\"oem-box mb-4\"><p class=\"text-sm text-gray-800 font-medium mb-2\">Tipo: <strong>Original Piaggio<\/strong><\/p><p class=\"text-sm text-gray-700 mb-1\">Componente original Piaggio, dise\u00f1ado para ajuste y rendimiento correctos.<\/p><p class=\"text-xs text-gray-500 mt-2\">Las marcas pertenecen a sus respectivos propietarios.<\/p><\/div><\/div>\n<section class=\"compatibility-block mb-4\"><section class=\"compatibility-block mb-4\"><div class=\"product-extra-details hide-below-992\"><table class=\"woocommerce-product-attributes\"><tbody><tr><th colspan=\"2\"><span class=\"text-sm font-medium mb-2\">Compatible con:<\/span><\/th><\/tr><tr><th>Modelo del veh\u00edculo \u2013 Prefijo del chasis:<\/th><td><a href=\"https:\/\/damicoline.com\/es\/tienda\/?vx_brand=PIAGGIO&#038;vx_model=APE%20CALESSINO%20200%20HPE%20E4%20(2017-2023)&#038;vx_engine=TBPDF&#038;vx_years=2017-2023\">\ud83d\ude9a PIAGGIO APE CALESSINO 200 HPE E4 (2017-2023) TBPDF (2017-2023) - ZAPT64P00<\/a><\/td><\/tr><\/tbody><\/table><\/div><\/section><\/section>\n","protected":false},"excerpt":{"rendered":"<p>Fuelle de ret\u00e9n de aceite semieje para Piaggio Ape Calessino 200 Euro 4 Fuelle de ret\u00e9n de aceite para semieje compatible con Piaggio Ape Calessino 200 Euro 4. Dise\u00f1ado para garantizar una retenci\u00f3n eficaz de los lubricantes, protege el semieje de p\u00e9rdidas e infiltraciones, asegurando durabilidad y fiabilidad a la transmisi\u00f3n. Repuesto robusto y preciso.<\/p>\n","protected":false},"featured_media":12768,"template":"","meta":{"_sitemap_exclude":false,"_sitemap_priority":"","_sitemap_frequency":""},"product_brand":[2672],"product_cat":[1432,1427],"product_tag":[2639],"class_list":{"0":"post-12767","1":"product","2":"type-product","3":"status-publish","4":"has-post-thumbnail","6":"product_brand-piaggio","7":"product_cat-semieje","8":"product_cat-transmision-trasera","9":"product_tag-6c000016","11":"first","12":"instock","13":"sale","14":"taxable","15":"shipping-taxable","16":"purchasable","17":"product-type-simple"},"_links":{"self":[{"href":"https:\/\/damicoline.com\/es\/wp-json\/wp\/v2\/product\/12767","targetHints":{"allow":["GET"]}}],"collection":[{"href":"https:\/\/damicoline.com\/es\/wp-json\/wp\/v2\/product"}],"about":[{"href":"https:\/\/damicoline.com\/es\/wp-json\/wp\/v2\/types\/product"}],"wp:featuredmedia":[{"embeddable":true,"href":"https:\/\/damicoline.com\/es\/wp-json\/wp\/v2\/media\/12768"}],"wp:attachment":[{"href":"https:\/\/damicoline.com\/es\/wp-json\/wp\/v2\/media?parent=12767"}],"wp:term":[{"taxonomy":"product_brand","embeddable":true,"href":"https:\/\/damicoline.com\/es\/wp-json\/wp\/v2\/product_brand?post=12767"},{"taxonomy":"product_cat","embeddable":true,"href":"https:\/\/damicoline.com\/es\/wp-json\/wp\/v2\/product_cat?post=12767"},{"taxonomy":"product_tag","embeddable":true,"href":"https:\/\/damicoline.com\/es\/wp-json\/wp\/v2\/product_tag?post=12767"}],"curies":[{"name":"wp","href":"https:\/\/api.w.org\/{rel}","templated":true}]}}