{"id":12793,"date":"2025-10-02T17:17:44","date_gmt":"2025-10-02T15:17:44","guid":{"rendered":"https:\/\/damicoline.com\/product\/filtro-aria-ape-calessino-200-euro2\/"},"modified":"2026-05-13T12:28:18","modified_gmt":"2026-05-13T10:28:18","slug":"filtro-de-aire-para-piaggio-ape-calessino-200-euro-2-repuesto","status":"publish","type":"product","link":"https:\/\/damicoline.com\/es\/producto\/filtro-de-aire-para-piaggio-ape-calessino-200-euro-2-repuesto\/","title":{"rendered":"Filtro de aire para Piaggio Ape Calessino 200 Euro 2 repuesto"},"content":{"rendered":"<p><strong>Filtro de aire para Piaggio Ape Calessino 200 Euro 2<\/strong><\/p>\n<p>Filtro de aire compatible con <strong>Piaggio Ape Calessino 200 Euro 2<\/strong>. Dise\u00f1ado para retener impurezas y garantizar una correcta aspiraci\u00f3n, mejora la combusti\u00f3n y protege el motor del desgaste prematuro. Repuesto confiable, resistente y de f\u00e1cil instalaci\u00f3n.<\/p>\n<div class=\"text-sm text-gray-800 font-medium mb-2\"><div class=\"text-sm text-gray-800 font-medium mb-2\"><strong>C\u00f3digos de referencia:<\/strong> 932279<\/div><\/div>\n<div class=\"oem-box mb-4\"><div class=\"oem-box mb-4\"><p class=\"text-sm text-gray-800 font-medium mb-2\">Tipo: <strong>Aftermarket<\/strong><\/p><p class=\"text-sm text-gray-700 mb-1\">Componente aftermarket de calidad profesional, compatible con los veh\u00edculos indicados en esta p\u00e1gina.<\/p><p class=\"text-xs text-gray-500 mt-2\">No fabricado ni marcado por Piaggio. Marcas de sus respectivos propietarios.<\/p><\/div><\/div>\n<section class=\"compatibility-block mb-4\"><section class=\"compatibility-block mb-4\"><div class=\"product-extra-details\"><table class=\"woocommerce-product-attributes\"><tbody><tr><th colspan=\"2\"><span class=\"text-sm font-medium mb-2\">Compatible con:<\/span><\/th><\/tr><tr><th>Modelo del veh\u00edculo \u2013 Prefijo del chasis:<\/th><td>\ud83d\ude9a PIAGGIO APE CALESSINO 200 E2 (2013-2017) TBP4M (2013-2017) - ZAPT42PMC, ZAPT42P00<\/td><\/tr><\/tbody><\/table><\/div><\/section><\/section>\n","protected":false},"excerpt":{"rendered":"<p>Filtro de aire para Piaggio Ape Calessino 200 Euro 2 Filtro de aire compatible con Piaggio Ape Calessino 200 Euro 2. Dise\u00f1ado para retener impurezas y garantizar una correcta aspiraci\u00f3n, mejora la combusti\u00f3n y protege el motor del desgaste prematuro. Repuesto confiable, resistente y de f\u00e1cil instalaci\u00f3n.<\/p>\n","protected":false},"featured_media":12794,"template":"","meta":[],"product_brand":[3900],"product_cat":[520,521],"product_tag":[2669],"class_list":{"0":"post-12793","1":"product","2":"type-product","3":"status-publish","4":"has-post-thumbnail","6":"product_brand-aftermarket","7":"product_cat-filtros","8":"product_cat-filtros-de-aire","9":"product_tag-2669","11":"first","12":"instock","13":"sale","14":"taxable","15":"shipping-taxable","16":"purchasable","17":"product-type-simple"},"_links":{"self":[{"href":"https:\/\/damicoline.com\/es\/wp-json\/wp\/v2\/product\/12793","targetHints":{"allow":["GET"]}}],"collection":[{"href":"https:\/\/damicoline.com\/es\/wp-json\/wp\/v2\/product"}],"about":[{"href":"https:\/\/damicoline.com\/es\/wp-json\/wp\/v2\/types\/product"}],"wp:featuredmedia":[{"embeddable":true,"href":"https:\/\/damicoline.com\/es\/wp-json\/wp\/v2\/media\/12794"}],"wp:attachment":[{"href":"https:\/\/damicoline.com\/es\/wp-json\/wp\/v2\/media?parent=12793"}],"wp:term":[{"taxonomy":"product_brand","embeddable":true,"href":"https:\/\/damicoline.com\/es\/wp-json\/wp\/v2\/product_brand?post=12793"},{"taxonomy":"product_cat","embeddable":true,"href":"https:\/\/damicoline.com\/es\/wp-json\/wp\/v2\/product_cat?post=12793"},{"taxonomy":"product_tag","embeddable":true,"href":"https:\/\/damicoline.com\/es\/wp-json\/wp\/v2\/product_tag?post=12793"}],"curies":[{"name":"wp","href":"https:\/\/api.w.org\/{rel}","templated":true}]}}