{"id":13057,"date":"2025-10-28T15:53:10","date_gmt":"2025-10-28T14:53:10","guid":{"rendered":"https:\/\/damicoline.com\/product\/set-pistoni-standard-piaggio-porter-multitech-euro6-dam13r\/"},"modified":"2026-04-22T14:48:50","modified_gmt":"2026-04-22T12:48:50","slug":"juego-de-pistones-estandar-para-piaggio-porter-multitech-euro-6-dam13r","status":"publish","type":"product","link":"https:\/\/damicoline.com\/es\/producto\/juego-de-pistones-estandar-para-piaggio-porter-multitech-euro-6-dam13r\/","title":{"rendered":"Juego de pistones est\u00e1ndar para Piaggio Porter Multitech Euro 6 DAM13R"},"content":{"rendered":"<p><strong>Juego de pistones est\u00e1ndar para Piaggio Porter Multitech Euro 6 (DAM13R)<\/strong><\/p>\n<p>Juego completo de <strong>pistones est\u00e1ndar<\/strong> compatible con <strong>Piaggio Porter Multitech Euro 6<\/strong> (motor <strong>DAM13R<\/strong>). Dise\u00f1ado para garantizar una compresi\u00f3n \u00f3ptima y el m\u00e1ximo rendimiento, asegura durabilidad, eficiencia y fiabilidad del motor a lo largo del tiempo.<\/p>\n<p>El juego incluye:<\/p>\n<ul>\n<li>4 <strong>pistones est\u00e1ndar<\/strong><\/li>\n<li>4 <strong>juegos de anillos de pist\u00f3n<\/strong><\/li>\n<li>8 <strong>seguros de pasador<\/strong><\/li>\n<li>4 <strong>pasadores<\/strong><\/li>\n<\/ul>\n<p>Repuesto de calidad, conforme a las especificaciones originales, ideal para trabajos de revisi\u00f3n y restauraci\u00f3n del motor.<\/p>\n<div class=\"text-sm text-gray-800 font-medium mb-2\"><div class=\"text-sm text-gray-800 font-medium mb-2\"><strong>C\u00f3digos de referencia:<\/strong> 1A005490<\/div><\/div>\n<div class=\"oem-box mb-4\"><div class=\"oem-box mb-4\"><p class=\"text-sm text-gray-800 font-medium mb-2\">Tipo: <strong>OEM (Foton)<\/strong><\/p><p class=\"text-sm text-gray-700 mb-1\">Componente de nivel OEM fabricado por Foton, seg\u00fan especificaci\u00f3n original para ajuste y funcionamiento correctos.<\/p><p class=\"text-xs text-gray-500 mt-2\">No est\u00e1 marcado por Piaggio. Marcas de sus respectivos due\u00f1os.<\/p><\/div><\/div>\n<section class=\"compatibility-block mb-4\"><section class=\"compatibility-block mb-4\"><div class=\"product-extra-details hide-below-992\"><table class=\"woocommerce-product-attributes\"><tbody><tr><th colspan=\"2\"><span class=\"text-sm font-medium mb-2\">Compatible con:<\/span><\/th><\/tr><tr><th>Modelo del veh\u00edculo \u2013 Prefijo del chasis:<\/th><td><a href=\"https:\/\/damicoline.com\/es\/tienda\/?vx_brand=PIAGGIO&#038;vx_model=PORTER%20Maxxi%201.3%20LPG%20(2015-2020)&#038;vx_engine=DAM13R&#038;vx_years=2015-2020\">\ud83d\ude9a PIAGGIO PORTER Maxxi 1.3 LPG (2015-2020) DAM13R (2015-2020) - ZAPS90AG, ZAPS90DG, ZAPS90RG<\/a><\/td><\/tr><tr><th>Modelo del veh\u00edculo \u2013 Prefijo del chasis:<\/th><td><a href=\"https:\/\/damicoline.com\/es\/tienda\/?vx_brand=PIAGGIO&#038;vx_model=PORTER%20Pianale%20piatto\/Telaio%201.3%20LPG%20(2015-2020)&#038;vx_engine=DAM13R&#038;vx_years=2015-2020\">\ud83d\ude9a PIAGGIO PORTER Pianale piatto\/Telaio 1.3 LPG (2015-2020) DAM13R (2015-2020) - ZAPS89CGW, ZAPS89PGW, ZAPS90VGW, ZAPS90TGW, ZAPS90PGW, ZAPS90CGW<\/a><\/td><\/tr><\/tbody><\/table><\/div><\/section><\/section>\n","protected":false},"excerpt":{"rendered":"<p>Juego de pistones est\u00e1ndar para Piaggio Porter Multitech Euro 6 (DAM13R) Juego completo de pistones est\u00e1ndar compatible con Piaggio Porter Multitech Euro 6 (motor DAM13R). Dise\u00f1ado para garantizar una compresi\u00f3n \u00f3ptima y el m\u00e1ximo rendimiento, asegura durabilidad, eficiencia y fiabilidad del motor a lo largo del tiempo. El juego incluye: 4 pistones est\u00e1ndar 4 juegos<\/p>\n<div class=\"klb-readmore button\"><a class=\"btn link\" href=\"https:\/\/damicoline.com\/es\/producto\/juego-de-pistones-estandar-para-piaggio-porter-multitech-euro-6-dam13r\/\">Read More <i class=\"klbth-icon-right-arrow\"><\/i><\/a><\/div>\n","protected":false},"featured_media":13058,"template":"","meta":{"_sitemap_exclude":false,"_sitemap_priority":"","_sitemap_frequency":""},"product_brand":[2671],"product_cat":[1324,420],"product_tag":[2682],"class_list":{"0":"post-13057","1":"product","2":"type-product","3":"status-publish","4":"has-post-thumbnail","6":"product_brand-foton","7":"product_cat-conjunto-de-piston","8":"product_cat-piezas-del-motor","9":"product_tag-1a005490","11":"first","12":"instock","13":"sale","14":"taxable","15":"shipping-taxable","16":"purchasable","17":"product-type-simple"},"_links":{"self":[{"href":"https:\/\/damicoline.com\/es\/wp-json\/wp\/v2\/product\/13057","targetHints":{"allow":["GET"]}}],"collection":[{"href":"https:\/\/damicoline.com\/es\/wp-json\/wp\/v2\/product"}],"about":[{"href":"https:\/\/damicoline.com\/es\/wp-json\/wp\/v2\/types\/product"}],"wp:featuredmedia":[{"embeddable":true,"href":"https:\/\/damicoline.com\/es\/wp-json\/wp\/v2\/media\/13058"}],"wp:attachment":[{"href":"https:\/\/damicoline.com\/es\/wp-json\/wp\/v2\/media?parent=13057"}],"wp:term":[{"taxonomy":"product_brand","embeddable":true,"href":"https:\/\/damicoline.com\/es\/wp-json\/wp\/v2\/product_brand?post=13057"},{"taxonomy":"product_cat","embeddable":true,"href":"https:\/\/damicoline.com\/es\/wp-json\/wp\/v2\/product_cat?post=13057"},{"taxonomy":"product_tag","embeddable":true,"href":"https:\/\/damicoline.com\/es\/wp-json\/wp\/v2\/product_tag?post=13057"}],"curies":[{"name":"wp","href":"https:\/\/api.w.org\/{rel}","templated":true}]}}