{"id":13080,"date":"2025-10-28T16:41:41","date_gmt":"2025-10-28T15:41:41","guid":{"rendered":"https:\/\/damicoline.com\/product\/set-cavi-candela-per-piaggio-porter-multitech-euro-6\/"},"modified":"2026-02-03T12:18:19","modified_gmt":"2026-02-03T11:18:19","slug":"juego-de-cables-de-bujia-para-piaggio-porter-multitech-euro-6","status":"publish","type":"product","link":"https:\/\/damicoline.com\/es\/producto\/juego-de-cables-de-bujia-para-piaggio-porter-multitech-euro-6\/","title":{"rendered":"Juego de cables de buj\u00eda para Piaggio Porter Multitech Euro 6"},"content":{"rendered":"<p><strong>Juego de cables de buj\u00eda para Piaggio Porter Multitech Euro 6<\/strong><\/p>\n<p>Juego completo <strong>cables de buj\u00eda<\/strong> compatible con <strong>Piaggio Porter Multitech Euro 6<\/strong>. Dise\u00f1ado para garantizar una transmisi\u00f3n \u00f3ptima de la corriente de encendido, mejora la eficiencia del motor y asegura arranques r\u00e1pidos y regulares. Repuesto de alta calidad, resistente al calor y las vibraciones.<\/p>\n<p>El juego incluye:<\/p>\n<ul>\n<li>1 <strong>cable de buj\u00eda corto<\/strong> \u2013 C\u00f3digo: <a href=\"\/?s=CM279502&amp;post_type=product\"><code>CM279502<\/code><\/a><\/li>\n<li>1 <strong>cable de buj\u00eda largo<\/strong> \u2013 C\u00f3digo: <a href=\"\/?s=CM279501&amp;post_type=product\"><code>CM279501<\/code><\/a><\/li>\n<\/ul>\n<p>Ideal para el mantenimiento completo del sistema de encendido del motor <strong>DAM13R<\/strong>.<\/p>\n<div class=\"text-sm text-gray-800 font-medium mb-2\"><div class=\"text-sm text-gray-800 font-medium mb-2\"><strong>C\u00f3digos de referencia:<\/strong> CM279501 \u2013 CM279502<\/div><\/div>\n<div class=\"oem-box mb-4\">\t\t\t\t<div class=\"oem-box mb-4\">\n\t\t\t\t\t<p class=\"text-sm text-gray-800 font-medium mb-2\">Tipo: <strong>OEM (Foton)<\/strong><\/p>\n\t\t\t\t\t<p class=\"text-sm text-gray-700 mb-1\">Componente de nivel OEM fabricado por <strong>Foton<\/strong>, seg\u00fan especificaci\u00f3n original para ajuste y funcionamiento correctos.<\/p>\n\t\t\t\t\t<p class=\"text-xs text-gray-500 mt-2\">*No est\u00e1 marcado por Piaggio. Marcas de sus respectivos due\u00f1os.<\/p>\n\t\t\t\t<\/div>\n\t\t\t<\/div>\n<section class=\"compatibility-block mb-4\"><section class=\"compatibility-block mb-4\"><div class=\"product-extra-details hide-below-992\"><table class=\"woocommerce-product-attributes\"><tbody><tr><th colspan=\"2\"><span class=\"text-sm font-medium mb-2\">Compatible con:<\/span><\/th><\/tr><tr><th>Modelo del veh\u00edculo \u2013 Prefijo del chasis:<\/th><td><a href=\"https:\/\/damicoline.com\/es\/tienda\/?vx_brand=PIAGGIO&#038;vx_model=PORTER%20Maxxi%201.3%20LPG%20(2015-2020)&#038;vx_engine=DAM13R&#038;vx_years=2015-2020\">\ud83d\ude9a PIAGGIO PORTER Maxxi 1.3 LPG (2015-2020) DAM13R (2015-2020) - ZAPS90AG, ZAPS90DG, ZAPS90RG<\/a><\/td><\/tr><tr><th>Modelo del veh\u00edculo \u2013 Prefijo del chasis:<\/th><td><a href=\"https:\/\/damicoline.com\/es\/tienda\/?vx_brand=PIAGGIO&#038;vx_model=PORTER%20Pianale%20piatto\/Telaio%201.3%20LPG%20(2015-2020)&#038;vx_engine=DAM13R&#038;vx_years=2015-2020\">\ud83d\ude9a PIAGGIO PORTER Pianale piatto\/Telaio 1.3 LPG (2015-2020) DAM13R (2015-2020) - ZAPS89CGW, ZAPS89PGW, ZAPS90VGW, ZAPS90TGW, ZAPS90PGW, ZAPS90CGW<\/a><\/td><\/tr><\/tbody><\/table><\/div><\/section><\/section>\n","protected":false},"excerpt":{"rendered":"<p>Juego de cables de buj\u00eda para Piaggio Porter Multitech Euro 6 Juego completo cables de buj\u00eda compatible con Piaggio Porter Multitech Euro 6. Dise\u00f1ado para garantizar una transmisi\u00f3n \u00f3ptima de la corriente de encendido, mejora la eficiencia del motor y asegura arranques r\u00e1pidos y regulares. Repuesto de alta calidad, resistente al calor y las vibraciones.<\/p>\n<div class=\"klb-readmore button\"><a class=\"btn link\" href=\"https:\/\/damicoline.com\/es\/producto\/juego-de-cables-de-bujia-para-piaggio-porter-multitech-euro-6\/\">Read More <i class=\"klbth-icon-right-arrow\"><\/i><\/a><\/div>\n","protected":false},"featured_media":13081,"template":"","meta":{"_sitemap_exclude":false,"_sitemap_priority":"","_sitemap_frequency":""},"product_brand":[2671],"product_cat":[555,420],"product_tag":[2694,2695],"class_list":{"0":"post-13080","1":"product","2":"type-product","3":"status-publish","4":"has-post-thumbnail","6":"product_brand-foton","7":"product_cat-encendido","8":"product_cat-piezas-del-motor","9":"product_tag-cm279501","10":"product_tag-cm279502","12":"first","13":"instock","14":"sale","15":"taxable","16":"shipping-taxable","17":"purchasable","18":"product-type-simple"},"_links":{"self":[{"href":"https:\/\/damicoline.com\/es\/wp-json\/wp\/v2\/product\/13080","targetHints":{"allow":["GET"]}}],"collection":[{"href":"https:\/\/damicoline.com\/es\/wp-json\/wp\/v2\/product"}],"about":[{"href":"https:\/\/damicoline.com\/es\/wp-json\/wp\/v2\/types\/product"}],"wp:featuredmedia":[{"embeddable":true,"href":"https:\/\/damicoline.com\/es\/wp-json\/wp\/v2\/media\/13081"}],"wp:attachment":[{"href":"https:\/\/damicoline.com\/es\/wp-json\/wp\/v2\/media?parent=13080"}],"wp:term":[{"taxonomy":"product_brand","embeddable":true,"href":"https:\/\/damicoline.com\/es\/wp-json\/wp\/v2\/product_brand?post=13080"},{"taxonomy":"product_cat","embeddable":true,"href":"https:\/\/damicoline.com\/es\/wp-json\/wp\/v2\/product_cat?post=13080"},{"taxonomy":"product_tag","embeddable":true,"href":"https:\/\/damicoline.com\/es\/wp-json\/wp\/v2\/product_tag?post=13080"}],"curies":[{"name":"wp","href":"https:\/\/api.w.org\/{rel}","templated":true}]}}