{"id":13526,"date":"2025-11-25T11:03:00","date_gmt":"2025-11-25T10:03:00","guid":{"rendered":"https:\/\/damicoline.com\/product\/kit-o-ring-coperchio-punterie-piaggio-porter-multitech-euro-4-5\/"},"modified":"2025-11-25T11:15:01","modified_gmt":"2025-11-25T10:15:01","slug":"kit-o-ring-tapa-de-valvulas-piaggio-porter-multitech-euro-4-5","status":"publish","type":"product","link":"https:\/\/damicoline.com\/es\/producto\/kit-o-ring-tapa-de-valvulas-piaggio-porter-multitech-euro-4-5\/","title":{"rendered":"Kit O-Ring tapa de v\u00e1lvulas Piaggio Porter Multitech Euro 4-5"},"content":{"rendered":"<p><strong>Kit O-Ring tapa de v\u00e1lvulas para Piaggio Porter Multitech Euro 4-5<\/strong><\/p>\n<p>Kit compuesto por <strong>4 O-Ring<\/strong> espec\u00edficos para la <strong>tapa de v\u00e1lvulas<\/strong> del motor <strong>Piaggio Porter Multitech Euro 4 y Euro 5<\/strong>. Estos O-Ring aseguran la correcta <strong>sellado de los v\u00e1stagos<\/strong> de los pozos de buj\u00edas (pasajes donde se alojan las buj\u00edas dentro de la tapa de v\u00e1lvulas), evitando fugas de aceite y manteniendo la zona seca y limpia.<\/p>\n<ul>\n<li><strong>Cantidad:<\/strong> 4 piezas<\/li>\n<li><strong>Funci\u00f3n:<\/strong> sellado de pozos \/ tubos de buj\u00eda<\/li>\n<li><strong>Posici\u00f3n:<\/strong> insertados en la tapa de v\u00e1lvulas, en los pasajes de las buj\u00edas<\/li>\n<\/ul>\n<div class=\"text-sm text-gray-800 font-medium mb-2\"><div class=\"text-sm text-gray-800 font-medium mb-2\"><strong>C\u00f3digos de referencia:<\/strong> B010076<\/div><\/div>\n<div class=\"oem-box mb-4\">\t\t\t\t<div class=\"oem-box mb-4\">\n\t\t\t\t\t<p class=\"text-sm text-gray-800 font-medium mb-2\">Tipo: <strong>Aftermarket<\/strong><\/p>\n\t\t\t\t\t<p class=\"text-sm text-gray-700 mb-1\">Componente aftermarket de calidad profesional, compatible con los veh\u00edculos indicados en esta p\u00e1gina.<\/p>\n\t\t\t\t\t<p class=\"text-xs text-gray-500 mt-2\">*No fabricado ni marcado por Piaggio. Marcas de sus respectivos propietarios.<\/p>\n\t\t\t\t<\/div>\n\t\t\t<\/div>\n<section class=\"compatibility-block mb-4\"><section class=\"compatibility-block mb-4\"><div class=\"product-extra-details hide-below-992\"><table class=\"woocommerce-product-attributes\"><tbody><tr><th colspan=\"2\"><span class=\"text-sm font-medium mb-2\">Compatible con:<\/span><\/th><\/tr><tr><th>Modelo del veh\u00edculo \u2013 Prefijo del chasis:<\/th><td><a href=\"https:\/\/damicoline.com\/es\/tienda\/?vx_brand=PIAGGIO&#038;vx_model=PORTER%20Maxxi%201.3%20(2010-2015)&#038;vx_engine=DA471QLR&#038;vx_years=2010-2015\">\ud83d\ude9a PIAGGIO PORTER Maxxi 1.3 (2010-2015) DA471QLR (2010-2015) - ZAPS90DJ, ZAPS90AJ, ZAPS90RJ<\/a><\/td><\/tr><tr><th>Modelo del veh\u00edculo \u2013 Prefijo del chasis:<\/th><td><a href=\"https:\/\/damicoline.com\/es\/tienda\/?vx_brand=PIAGGIO&#038;vx_model=PORTER%20Pianale%20piatto\/Telaio%201.3%20(2010-2015)&#038;vx_engine=DA471QLR&#038;vx_years=2010-2015\">\ud83d\ude9a PIAGGIO PORTER Pianale piatto\/Telaio 1.3 (2010-2015) DA471QLR (2010-2015) - ZAPS90CJ, ZAPS90PJ, ZAPS90TJ, ZAPS90VJ<\/a><\/td><\/tr><\/tbody><\/table><\/div><\/section><\/section>\n","protected":false},"excerpt":{"rendered":"<p>Kit O-Ring tapa de v\u00e1lvulas para Piaggio Porter Multitech Euro 4-5 Kit compuesto por 4 O-Ring espec\u00edficos para la tapa de v\u00e1lvulas del motor Piaggio Porter Multitech Euro 4 y Euro 5. Estos O-Ring aseguran la correcta sellado de los v\u00e1stagos de los pozos de buj\u00edas (pasajes donde se alojan las buj\u00edas dentro de la<\/p>\n<div class=\"klb-readmore button\"><a class=\"btn link\" href=\"https:\/\/damicoline.com\/es\/producto\/kit-o-ring-tapa-de-valvulas-piaggio-porter-multitech-euro-4-5\/\">Read More <i class=\"klbth-icon-right-arrow\"><\/i><\/a><\/div>\n","protected":false},"featured_media":13527,"template":"","meta":{"_sitemap_exclude":false,"_sitemap_priority":"","_sitemap_frequency":""},"product_brand":[2670],"product_cat":[1131,420],"product_tag":[2817],"class_list":{"0":"post-13526","1":"product","2":"type-product","3":"status-publish","4":"has-post-thumbnail","6":"product_brand-aftermarket","7":"product_cat-juntas-de-motor","8":"product_cat-piezas-del-motor","9":"product_tag-b010076","11":"first","12":"instock","13":"sale","14":"taxable","15":"shipping-taxable","16":"purchasable","17":"product-type-simple"},"_links":{"self":[{"href":"https:\/\/damicoline.com\/es\/wp-json\/wp\/v2\/product\/13526","targetHints":{"allow":["GET"]}}],"collection":[{"href":"https:\/\/damicoline.com\/es\/wp-json\/wp\/v2\/product"}],"about":[{"href":"https:\/\/damicoline.com\/es\/wp-json\/wp\/v2\/types\/product"}],"wp:featuredmedia":[{"embeddable":true,"href":"https:\/\/damicoline.com\/es\/wp-json\/wp\/v2\/media\/13527"}],"wp:attachment":[{"href":"https:\/\/damicoline.com\/es\/wp-json\/wp\/v2\/media?parent=13526"}],"wp:term":[{"taxonomy":"product_brand","embeddable":true,"href":"https:\/\/damicoline.com\/es\/wp-json\/wp\/v2\/product_brand?post=13526"},{"taxonomy":"product_cat","embeddable":true,"href":"https:\/\/damicoline.com\/es\/wp-json\/wp\/v2\/product_cat?post=13526"},{"taxonomy":"product_tag","embeddable":true,"href":"https:\/\/damicoline.com\/es\/wp-json\/wp\/v2\/product_tag?post=13526"}],"curies":[{"name":"wp","href":"https:\/\/api.w.org\/{rel}","templated":true}]}}