{"id":13540,"date":"2025-11-25T12:36:45","date_gmt":"2025-11-25T11:36:45","guid":{"rendered":"https:\/\/damicoline.com\/product\/cilindretto-freno-anteriore-piaggio-ape-tm-703\/"},"modified":"2025-11-25T12:41:52","modified_gmt":"2025-11-25T11:41:52","slug":"cilindro-de-freno-delantero-para-piaggio-ape-tm-703-repuesto","status":"publish","type":"product","link":"https:\/\/damicoline.com\/es\/producto\/cilindro-de-freno-delantero-para-piaggio-ape-tm-703-repuesto\/","title":{"rendered":"Cilindro de freno delantero para Piaggio Ape TM 703 repuesto"},"content":{"rendered":"<p><strong>Cilindro de freno delantero para Piaggio Ape TM 703<\/strong><\/p>\n<p>Cilindro de freno delantero compatible con <strong>Piaggio Ape TM 703<\/strong>. Dise\u00f1ado para garantizar presi\u00f3n estable en el circuito hidr\u00e1ulico, mejora la frenada y reduce p\u00e9rdidas o fallos del sistema. Repuesto de calidad, fiable y duradero en el tiempo.<\/p>\n<div class=\"text-sm text-gray-800 font-medium mb-2\"><div class=\"text-sm text-gray-800 font-medium mb-2\"><strong>C\u00f3digos de referencia:<\/strong> 2451942<\/div><\/div>\n<div class=\"oem-box mb-4\">\t\t\t\t<div class=\"oem-box mb-4\">\n\t\t\t\t\t<p class=\"text-sm text-gray-800 font-medium mb-2\">Tipo: <strong>Aftermarket<\/strong><\/p>\n\t\t\t\t\t<p class=\"text-sm text-gray-700 mb-1\">Componente aftermarket de calidad profesional, compatible con los veh\u00edculos indicados en esta p\u00e1gina.<\/p>\n\t\t\t\t\t<p class=\"text-xs text-gray-500 mt-2\">*No fabricado ni marcado por Piaggio. Marcas de sus respectivos propietarios.<\/p>\n\t\t\t\t<\/div>\n\t\t\t<\/div>\n<section class=\"compatibility-block mb-4\"><section class=\"compatibility-block mb-4\"><div class=\"product-extra-details hide-below-992\"><table class=\"woocommerce-product-attributes\"><tbody><tr><th colspan=\"2\"><span class=\"text-sm font-medium mb-2\">Compatible con:<\/span><\/th><\/tr><tr><th>Modelo del veh\u00edculo \u2013 Prefijo del chasis:<\/th><td><a href=\"https:\/\/damicoline.com\/es\/tienda\/?vx_brand=PIAGGIO&#038;vx_model=APE%20TM703%20DIESEL%20LCS%20422%20E1%20(2005-2012)&#038;vx_engine=ATD2M&#038;vx_years=2005-2012\">\ud83d\ude9a PIAGGIO APE TM703 DIESEL LCS 422 E1 (2005-2012) ATD2M (2005-2012) - ZAPT10000<\/a><\/td><\/tr><tr><th>Modelo del veh\u00edculo \u2013 Prefijo del chasis:<\/th><td><a href=\"https:\/\/damicoline.com\/es\/tienda\/?vx_brand=PIAGGIO&#038;vx_model=APE%20TM703%20FL2%20220%202T%20E1%20(2000-2016)&#038;vx_engine=ATM2M&#038;vx_years=2000-2016\">\ud83d\ude9a PIAGGIO APE TM703 FL2 220 2T E1 (2000-2016) ATM2M (2000-2016) - ATM2T, ATM3T, ZAPT10000<\/a><\/td><\/tr><\/tbody><\/table><\/div><\/section><\/section>\n","protected":false},"excerpt":{"rendered":"<p>Cilindro de freno delantero para Piaggio Ape TM 703 Cilindro de freno delantero compatible con Piaggio Ape TM 703. Dise\u00f1ado para garantizar presi\u00f3n estable en el circuito hidr\u00e1ulico, mejora la frenada y reduce p\u00e9rdidas o fallos del sistema. Repuesto de calidad, fiable y duradero en el tiempo.<\/p>\n","protected":false},"featured_media":13541,"template":"","meta":{"_sitemap_exclude":false,"_sitemap_priority":"","_sitemap_frequency":""},"product_brand":[2670],"product_cat":[415,410],"product_tag":[2823],"class_list":{"0":"post-13540","1":"product","2":"type-product","3":"status-publish","4":"has-post-thumbnail","6":"product_brand-aftermarket","7":"product_cat-freno-de-tambor","8":"product_cat-sistema-de-frenado","9":"product_tag-2823","11":"first","12":"instock","13":"sale","14":"taxable","15":"shipping-taxable","16":"purchasable","17":"product-type-simple"},"_links":{"self":[{"href":"https:\/\/damicoline.com\/es\/wp-json\/wp\/v2\/product\/13540","targetHints":{"allow":["GET"]}}],"collection":[{"href":"https:\/\/damicoline.com\/es\/wp-json\/wp\/v2\/product"}],"about":[{"href":"https:\/\/damicoline.com\/es\/wp-json\/wp\/v2\/types\/product"}],"wp:featuredmedia":[{"embeddable":true,"href":"https:\/\/damicoline.com\/es\/wp-json\/wp\/v2\/media\/13541"}],"wp:attachment":[{"href":"https:\/\/damicoline.com\/es\/wp-json\/wp\/v2\/media?parent=13540"}],"wp:term":[{"taxonomy":"product_brand","embeddable":true,"href":"https:\/\/damicoline.com\/es\/wp-json\/wp\/v2\/product_brand?post=13540"},{"taxonomy":"product_cat","embeddable":true,"href":"https:\/\/damicoline.com\/es\/wp-json\/wp\/v2\/product_cat?post=13540"},{"taxonomy":"product_tag","embeddable":true,"href":"https:\/\/damicoline.com\/es\/wp-json\/wp\/v2\/product_tag?post=13540"}],"curies":[{"name":"wp","href":"https:\/\/api.w.org\/{rel}","templated":true}]}}