{"id":13739,"date":"2025-11-26T17:37:36","date_gmt":"2025-11-26T16:37:36","guid":{"rendered":"https:\/\/damicoline.com\/product\/asse-ruota-posteriore-completo-piaggio-ape-calessino-200-e4\/"},"modified":"2025-11-26T17:46:08","modified_gmt":"2025-11-26T16:46:08","slug":"eje-de-rueda-trasera-completo-para-piaggio-ape-calessino-200-e4","status":"publish","type":"product","link":"https:\/\/damicoline.com\/es\/producto\/eje-de-rueda-trasera-completo-para-piaggio-ape-calessino-200-e4\/","title":{"rendered":"Eje de rueda trasera completo para Piaggio Ape Calessino 200 E4"},"content":{"rendered":"<p><strong>Eje de rueda trasera completo para Piaggio Ape Calessino 200 E4<\/strong><\/p>\n<p>Eje de rueda trasera completo compatible con <strong>Piaggio Ape Calessino 200 Euro 4 (E4)<\/strong>. Repuesto completo y listo para el montaje, ideal para restaurar un deslizamiento fluido, alineaci\u00f3n correcta y estabilidad de la rueda trasera. Dise\u00f1ado para garantizar fiabilidad, resistencia y larga duraci\u00f3n.<\/p>\n<div class=\"text-sm text-gray-800 font-medium mb-2\"><div class=\"text-sm text-gray-800 font-medium mb-2\"><strong>C\u00f3digos de referencia:<\/strong> B077458<\/div><\/div>\n<div class=\"oem-box mb-4\">\t\t\t\t<div class=\"oem-box mb-4\">\n\t\t\t\t\t<p class=\"text-sm text-gray-800 font-medium mb-2\">Tipo: <strong>Original Piaggio<\/strong><\/p>\n\t\t\t\t\t<p class=\"text-sm text-gray-700 mb-1\">Componente original Piaggio, dise\u00f1ado para ajuste y rendimiento correctos.<\/p>\n\t\t\t\t\t<p class=\"text-xs text-gray-500 mt-2\">*Las marcas pertenecen a sus respectivos propietarios.<\/p>\n\t\t\t\t<\/div>\n\t\t\t<\/div>\n<section class=\"compatibility-block mb-4\"><section class=\"compatibility-block mb-4\"><div class=\"product-extra-details hide-below-992\"><table class=\"woocommerce-product-attributes\"><tbody><tr><th colspan=\"2\"><span class=\"text-sm font-medium mb-2\">Compatible con:<\/span><\/th><\/tr><tr><th>Modelo del veh\u00edculo \u2013 Prefijo del chasis:<\/th><td><a href=\"https:\/\/damicoline.com\/es\/tienda\/?vx_brand=PIAGGIO&#038;vx_model=APE%20CALESSINO%20200%20HPE%20E4%20(2017-2023)&#038;vx_engine=TBPDF&#038;vx_years=2017-2023\">\ud83d\ude9a PIAGGIO APE CALESSINO 200 HPE E4 (2017-2023) TBPDF (2017-2023) - ZAPT64P00<\/a><\/td><\/tr><\/tbody><\/table><\/div><\/section><\/section>\n","protected":false},"excerpt":{"rendered":"<p>Eje de rueda trasera completo para Piaggio Ape Calessino 200 E4 Eje de rueda trasera completo compatible con Piaggio Ape Calessino 200 Euro 4 (E4). Repuesto completo y listo para el montaje, ideal para restaurar un deslizamiento fluido, alineaci\u00f3n correcta y estabilidad de la rueda trasera. Dise\u00f1ado para garantizar fiabilidad, resistencia y larga duraci\u00f3n.<\/p>\n","protected":false},"featured_media":13740,"template":"","meta":{"_sitemap_exclude":false,"_sitemap_priority":"","_sitemap_frequency":""},"product_brand":[2672],"product_cat":[2914,1427],"product_tag":[2907],"class_list":{"0":"post-13739","1":"product","2":"type-product","3":"status-publish","4":"has-post-thumbnail","6":"product_brand-piaggio","7":"product_cat-eje-de-rueda","8":"product_cat-transmision-trasera","9":"product_tag-b077458","11":"first","12":"instock","13":"sale","14":"taxable","15":"shipping-taxable","16":"purchasable","17":"product-type-simple"},"_links":{"self":[{"href":"https:\/\/damicoline.com\/es\/wp-json\/wp\/v2\/product\/13739","targetHints":{"allow":["GET"]}}],"collection":[{"href":"https:\/\/damicoline.com\/es\/wp-json\/wp\/v2\/product"}],"about":[{"href":"https:\/\/damicoline.com\/es\/wp-json\/wp\/v2\/types\/product"}],"wp:featuredmedia":[{"embeddable":true,"href":"https:\/\/damicoline.com\/es\/wp-json\/wp\/v2\/media\/13740"}],"wp:attachment":[{"href":"https:\/\/damicoline.com\/es\/wp-json\/wp\/v2\/media?parent=13739"}],"wp:term":[{"taxonomy":"product_brand","embeddable":true,"href":"https:\/\/damicoline.com\/es\/wp-json\/wp\/v2\/product_brand?post=13739"},{"taxonomy":"product_cat","embeddable":true,"href":"https:\/\/damicoline.com\/es\/wp-json\/wp\/v2\/product_cat?post=13739"},{"taxonomy":"product_tag","embeddable":true,"href":"https:\/\/damicoline.com\/es\/wp-json\/wp\/v2\/product_tag?post=13739"}],"curies":[{"name":"wp","href":"https:\/\/api.w.org\/{rel}","templated":true}]}}