{"id":13831,"date":"2025-11-27T10:10:47","date_gmt":"2025-11-27T09:10:47","guid":{"rendered":"https:\/\/damicoline.com\/product\/frizione-completa-piaggio-ape-calessino-200-euro-2\/"},"modified":"2026-04-22T14:51:57","modified_gmt":"2026-04-22T12:51:57","slug":"embrague-completo-para-piaggio-ape-calessino-200-euro-2-repuesto","status":"publish","type":"product","link":"https:\/\/damicoline.com\/es\/producto\/embrague-completo-para-piaggio-ape-calessino-200-euro-2-repuesto\/","title":{"rendered":"Embrague completo para Piaggio Ape Calessino 200 Euro 2 repuesto"},"content":{"rendered":"<p><strong>Embrague completo para Piaggio Ape Calessino 200 Euro 2<\/strong><\/p>\n<p>Embrague completo compatible con <strong>Piaggio Ape Calessino 200 Euro 2<\/strong>. Dise\u00f1ado para garantizar enganches suaves, transmisi\u00f3n fluida del par y una conducci\u00f3n m\u00e1s estable incluso bajo carga. Repuesto robusto, fiable e ideal para restaurar el rendimiento original.<\/p>\n<div class=\"text-sm text-gray-800 font-medium mb-2\"><div class=\"text-sm text-gray-800 font-medium mb-2\"><strong>C\u00f3digos de referencia:<\/strong> SP1A006004<\/div><\/div>\n<div class=\"oem-box mb-4\"><div class=\"oem-box mb-4\"><p class=\"text-sm text-gray-800 font-medium mb-2\">Tipo: <strong>Original Piaggio<\/strong><\/p><p class=\"text-sm text-gray-700 mb-1\">Componente original Piaggio, dise\u00f1ado para ajuste y rendimiento correctos.<\/p><p class=\"text-xs text-gray-500 mt-2\">Las marcas pertenecen a sus respectivos propietarios.<\/p><\/div><\/div>\n<section class=\"compatibility-block mb-4\"><section class=\"compatibility-block mb-4\"><div class=\"product-extra-details\"><table class=\"woocommerce-product-attributes\"><tbody><tr><th colspan=\"2\"><span class=\"text-sm font-medium mb-2\">Compatible con:<\/span><\/th><\/tr><tr><th>Modelo del veh\u00edculo \u2013 Prefijo del chasis:<\/th><td>\ud83d\ude9a PIAGGIO APE CALESSINO 200 E2 (2013-2017) TBP4M (2013-2017) - ZAPT42PMC, ZAPT42P00<\/td><\/tr><\/tbody><\/table><\/div><\/section><\/section>\n","protected":false},"excerpt":{"rendered":"<p>Embrague completo para Piaggio Ape Calessino 200 Euro 2 Embrague completo compatible con Piaggio Ape Calessino 200 Euro 2. Dise\u00f1ado para garantizar enganches suaves, transmisi\u00f3n fluida del par y una conducci\u00f3n m\u00e1s estable incluso bajo carga. Repuesto robusto, fiable e ideal para restaurar el rendimiento original.<\/p>\n","protected":false},"featured_media":13832,"template":"","meta":[],"product_brand":[2672],"product_cat":[565,420],"product_tag":[2950],"class_list":{"0":"post-13831","1":"product","2":"type-product","3":"status-publish","4":"has-post-thumbnail","6":"product_brand-piaggio","7":"product_cat-embrague","8":"product_cat-piezas-del-motor","9":"product_tag-sp1a006004","11":"first","12":"outofstock","13":"sale","14":"taxable","15":"shipping-taxable","16":"purchasable","17":"product-type-simple"},"_links":{"self":[{"href":"https:\/\/damicoline.com\/es\/wp-json\/wp\/v2\/product\/13831","targetHints":{"allow":["GET"]}}],"collection":[{"href":"https:\/\/damicoline.com\/es\/wp-json\/wp\/v2\/product"}],"about":[{"href":"https:\/\/damicoline.com\/es\/wp-json\/wp\/v2\/types\/product"}],"wp:featuredmedia":[{"embeddable":true,"href":"https:\/\/damicoline.com\/es\/wp-json\/wp\/v2\/media\/13832"}],"wp:attachment":[{"href":"https:\/\/damicoline.com\/es\/wp-json\/wp\/v2\/media?parent=13831"}],"wp:term":[{"taxonomy":"product_brand","embeddable":true,"href":"https:\/\/damicoline.com\/es\/wp-json\/wp\/v2\/product_brand?post=13831"},{"taxonomy":"product_cat","embeddable":true,"href":"https:\/\/damicoline.com\/es\/wp-json\/wp\/v2\/product_cat?post=13831"},{"taxonomy":"product_tag","embeddable":true,"href":"https:\/\/damicoline.com\/es\/wp-json\/wp\/v2\/product_tag?post=13831"}],"curies":[{"name":"wp","href":"https:\/\/api.w.org\/{rel}","templated":true}]}}