{"id":14030,"date":"2025-12-04T15:33:25","date_gmt":"2025-12-04T14:33:25","guid":{"rendered":"https:\/\/damicoline.com\/product\/coppia-leve-movimento-aste-bilancieri-piaggio-ape-classic-400\/"},"modified":"2025-12-04T16:12:24","modified_gmt":"2025-12-04T15:12:24","slug":"par-de-palancas-de-movimiento-de-varillas-de-balancines-piaggio-ape-classic-400","status":"publish","type":"product","link":"https:\/\/damicoline.com\/es\/producto\/par-de-palancas-de-movimiento-de-varillas-de-balancines-piaggio-ape-classic-400\/","title":{"rendered":"Par de palancas de movimiento de varillas de balancines Piaggio Ape Classic 400"},"content":{"rendered":"<p><strong>Par de palancas de movimiento de varillas de balancines para Piaggio Ape Classic 400<\/strong><\/p>\n<p>Par de <strong>palancas de movimiento de varillas de balancines<\/strong> compatibles con <strong>Piaggio Ape Classic 400<\/strong>. Repuestos fundamentales para garantizar la correcta transmisi\u00f3n del movimiento a las v\u00e1lvulas, mejorar la sincronizaci\u00f3n y mantener el motor estable y regular. Componentes robustos, precisos y resistentes al desgaste.<\/p>\n<div class=\"text-sm text-gray-800 font-medium mb-2\"><div class=\"text-sm text-gray-800 font-medium mb-2\"><strong>C\u00f3digos de referencia:<\/strong> E&#53;&#50;&#48;&#48;&#53;&#49;&#55;&#49;<\/div><\/div>\n<div class=\"oem-box mb-4\">\t\t\t\t<div class=\"oem-box mb-4\">\n\t\t\t\t\t<p class=\"text-sm text-gray-800 font-medium mb-2\">Tipo: <strong>Original Piaggio<\/strong><\/p>\n\t\t\t\t\t<p class=\"text-sm text-gray-700 mb-1\">Componente original Piaggio, dise\u00f1ado para ajuste y rendimiento correctos.<\/p>\n\t\t\t\t\t<p class=\"text-xs text-gray-500 mt-2\">*Las marcas pertenecen a sus respectivos propietarios.<\/p>\n\t\t\t\t<\/div>\n\t\t\t<\/div>\n<section class=\"compatibility-block mb-4\"><section class=\"compatibility-block mb-4\"><div class=\"product-extra-details hide-below-992\"><table class=\"woocommerce-product-attributes\"><tbody><tr><th colspan=\"2\"><span class=\"text-sm font-medium mb-2\">Compatible con:<\/span><\/th><\/tr><tr><th>Modelo del veh\u00edculo \u2013 Prefijo del chasis:<\/th><td><a href=\"https:\/\/damicoline.com\/es\/tienda\/?vx_brand=PIAGGIO&#038;vx_model=APE%20CLASSIC%20400%20IE%20E2%20(2014-2017)&#038;vx_engine=S4C8&#038;vx_years=2014-2017\">\ud83d\ude9a PIAGGIO APE CLASSIC 400 IE E2 (2014-2017) S4C8 (2014-2017) - MBX000T58RC<\/a><\/td><\/tr><tr><th>Modelo del veh\u00edculo \u2013 Prefijo del chasis:<\/th><td><a href=\"https:\/\/damicoline.com\/es\/tienda\/?vx_brand=PIAGGIO&#038;vx_model=APE%20CLASSIC%20400%20IE%20E4%20(2017-2023)&#038;vx_engine=S6E8&#038;vx_years=2017-2023\">\ud83d\ude9a PIAGGIO APE CLASSIC 400 IE E4 (2017-2023) S6E8 (2017-2023) - MBX000T7BSE<\/a><\/td><\/tr><\/tbody><\/table><\/div><\/section><\/section>\n","protected":false},"excerpt":{"rendered":"<p>Par de palancas de movimiento de varillas de balancines para Piaggio Ape Classic 400 Par de palancas de movimiento de varillas de balancines compatibles con Piaggio Ape Classic 400. Repuestos fundamentales para garantizar la correcta transmisi\u00f3n del movimiento a las v\u00e1lvulas, mejorar la sincronizaci\u00f3n y mantener el motor estable y regular. Componentes robustos, precisos y<\/p>\n<div class=\"klb-readmore button\"><a class=\"btn link\" href=\"https:\/\/damicoline.com\/es\/producto\/par-de-palancas-de-movimiento-de-varillas-de-balancines-piaggio-ape-classic-400\/\">Read More <i class=\"klbth-icon-right-arrow\"><\/i><\/a><\/div>\n","protected":false},"featured_media":14031,"template":"","meta":{"_sitemap_exclude":false,"_sitemap_priority":"","_sitemap_frequency":""},"product_brand":[2672],"product_cat":[1116,420],"product_tag":[3012],"class_list":{"0":"post-14030","1":"product","2":"type-product","3":"status-publish","4":"has-post-thumbnail","6":"product_brand-piaggio","7":"product_cat-culata","8":"product_cat-piezas-del-motor","9":"product_tag-e52005171","11":"first","12":"instock","13":"sale","14":"taxable","15":"shipping-taxable","16":"purchasable","17":"product-type-simple"},"_links":{"self":[{"href":"https:\/\/damicoline.com\/es\/wp-json\/wp\/v2\/product\/14030","targetHints":{"allow":["GET"]}}],"collection":[{"href":"https:\/\/damicoline.com\/es\/wp-json\/wp\/v2\/product"}],"about":[{"href":"https:\/\/damicoline.com\/es\/wp-json\/wp\/v2\/types\/product"}],"wp:featuredmedia":[{"embeddable":true,"href":"https:\/\/damicoline.com\/es\/wp-json\/wp\/v2\/media\/14031"}],"wp:attachment":[{"href":"https:\/\/damicoline.com\/es\/wp-json\/wp\/v2\/media?parent=14030"}],"wp:term":[{"taxonomy":"product_brand","embeddable":true,"href":"https:\/\/damicoline.com\/es\/wp-json\/wp\/v2\/product_brand?post=14030"},{"taxonomy":"product_cat","embeddable":true,"href":"https:\/\/damicoline.com\/es\/wp-json\/wp\/v2\/product_cat?post=14030"},{"taxonomy":"product_tag","embeddable":true,"href":"https:\/\/damicoline.com\/es\/wp-json\/wp\/v2\/product_tag?post=14030"}],"curies":[{"name":"wp","href":"https:\/\/api.w.org\/{rel}","templated":true}]}}