{"id":14184,"date":"2025-12-09T17:05:10","date_gmt":"2025-12-09T16:05:10","guid":{"rendered":"https:\/\/damicoline.com\/product\/cornice-faro-destra-piaggio-ape-classic-400\/"},"modified":"2026-04-22T14:53:35","modified_gmt":"2026-04-22T12:53:35","slug":"marco-del-faro-derecho-para-piaggio-ape-classic-400-repuesto","status":"publish","type":"product","link":"https:\/\/damicoline.com\/es\/producto\/marco-del-faro-derecho-para-piaggio-ape-classic-400-repuesto\/","title":{"rendered":"Marco del faro derecho para Piaggio Ape Classic 400 repuesto"},"content":{"rendered":"<p><strong>Marco del faro lado derecho para Piaggio Ape Classic 400<\/strong><\/p>\n<p>Marco del faro <strong>lado derecho<\/strong> compatible con <strong>Piaggio Ape Classic 400<\/strong>. Dise\u00f1ado para adaptarse perfectamente a la carrocer\u00eda, permite restaurar la alineaci\u00f3n del faro y el aspecto est\u00e9tico del veh\u00edculo. Repuesto resistente y preciso.<\/p>\n<div class=\"text-sm text-gray-800 font-medium mb-2\"><div class=\"text-sm text-gray-800 font-medium mb-2\"><strong>C\u00f3digos de referencia:<\/strong> 616900<\/div><\/div>\n<div class=\"oem-box mb-4\"><div class=\"oem-box mb-4\"><p class=\"text-sm text-gray-800 font-medium mb-2\">Tipo: <strong>Original Piaggio<\/strong><\/p><p class=\"text-sm text-gray-700 mb-1\">Componente original Piaggio, dise\u00f1ado para ajuste y rendimiento correctos.<\/p><p class=\"text-xs text-gray-500 mt-2\">Las marcas pertenecen a sus respectivos propietarios.<\/p><\/div><\/div>\n<section class=\"compatibility-block mb-4\"><section class=\"compatibility-block mb-4\"><div class=\"product-extra-details hide-below-992\"><table class=\"woocommerce-product-attributes\"><tbody><tr><th colspan=\"2\"><span class=\"text-sm font-medium mb-2\">Compatible con:<\/span><\/th><\/tr><tr><th>Modelo del veh\u00edculo \u2013 Prefijo del chasis:<\/th><td><a href=\"https:\/\/damicoline.com\/es\/tienda\/?vx_brand=PIAGGIO&#038;vx_model=APE%20CLASSIC%20400%20IE%20E2%20(2014-2017)&#038;vx_engine=S4C8&#038;vx_years=2014-2017\">\ud83d\ude9a PIAGGIO APE CLASSIC 400 IE E2 (2014-2017) S4C8 (2014-2017) - MBX000T58RC<\/a><\/td><\/tr><\/tbody><\/table><\/div><\/section><\/section>\n","protected":false},"excerpt":{"rendered":"<p>Marco del faro lado derecho para Piaggio Ape Classic 400 Marco del faro lado derecho compatible con Piaggio Ape Classic 400. Dise\u00f1ado para adaptarse perfectamente a la carrocer\u00eda, permite restaurar la alineaci\u00f3n del faro y el aspecto est\u00e9tico del veh\u00edculo. Repuesto resistente y preciso.<\/p>\n","protected":false},"featured_media":14185,"template":"","meta":{"_sitemap_exclude":false,"_sitemap_priority":"","_sitemap_frequency":""},"product_brand":[2672],"product_cat":[400,3547],"product_tag":[3067],"class_list":{"0":"post-14184","1":"product","2":"type-product","3":"status-publish","4":"has-post-thumbnail","6":"product_brand-piaggio","7":"product_cat-faros-e-iluminacion","8":"product_cat-marcos-y-molduras-de-faros","9":"product_tag-3067","11":"first","12":"instock","13":"sale","14":"taxable","15":"shipping-taxable","16":"purchasable","17":"product-type-simple"},"_links":{"self":[{"href":"https:\/\/damicoline.com\/es\/wp-json\/wp\/v2\/product\/14184","targetHints":{"allow":["GET"]}}],"collection":[{"href":"https:\/\/damicoline.com\/es\/wp-json\/wp\/v2\/product"}],"about":[{"href":"https:\/\/damicoline.com\/es\/wp-json\/wp\/v2\/types\/product"}],"wp:featuredmedia":[{"embeddable":true,"href":"https:\/\/damicoline.com\/es\/wp-json\/wp\/v2\/media\/14185"}],"wp:attachment":[{"href":"https:\/\/damicoline.com\/es\/wp-json\/wp\/v2\/media?parent=14184"}],"wp:term":[{"taxonomy":"product_brand","embeddable":true,"href":"https:\/\/damicoline.com\/es\/wp-json\/wp\/v2\/product_brand?post=14184"},{"taxonomy":"product_cat","embeddable":true,"href":"https:\/\/damicoline.com\/es\/wp-json\/wp\/v2\/product_cat?post=14184"},{"taxonomy":"product_tag","embeddable":true,"href":"https:\/\/damicoline.com\/es\/wp-json\/wp\/v2\/product_tag?post=14184"}],"curies":[{"name":"wp","href":"https:\/\/api.w.org\/{rel}","templated":true}]}}