{"id":14299,"date":"2025-12-10T15:11:25","date_gmt":"2025-12-10T14:11:25","guid":{"rendered":"https:\/\/damicoline.com\/product\/guarnizione-testa-1-80-3-tacche-ape-calessino-ldw422-lcs422\/"},"modified":"2025-12-10T15:29:01","modified_gmt":"2025-12-10T14:29:01","slug":"junta-de-culata-1-80mm-3-marcas-para-ape-calessino-y-703","status":"publish","type":"product","link":"https:\/\/damicoline.com\/es\/producto\/junta-de-culata-1-80mm-3-marcas-para-ape-calessino-y-703\/","title":{"rendered":"Junta de culata 1.80mm 3 marcas para Ape Calessino y 703"},"content":{"rendered":"<p><strong>Junta de culata 1.80 mm (3 marcas) para Piaggio Ape Calessino LDW 422 y Ape 703 TM Diesel LCS 422<\/strong><\/p>\n<p>Junta de culata con grosor <strong>1.80 mm<\/strong> identificada por <strong>3 marcas<\/strong>. Compatible con motores <strong>LDW 422<\/strong> y <strong>LCS 422<\/strong>. Es la versi\u00f3n m\u00e1s gruesa, utilizada cuando las tolerancias del motor requieren mayor compensaci\u00f3n, por ejemplo, despu\u00e9s de un cepillado significativo de la culata.<\/p>\n<p>Ofrece un sellado fiable, mantiene la correcta relaci\u00f3n de compresi\u00f3n y asegura una larga duraci\u00f3n del motor. Repuesto resistente y de alta calidad.<\/p>\n<div class=\"text-sm text-gray-800 font-medium mb-2\"><div class=\"text-sm text-gray-800 font-medium mb-2\"><strong>C\u00f3digos de referencia:<\/strong> L&#52;&#55;&#55;&#53;&#54;&#51;&#48;&#48;<\/div><\/div>\n<div class=\"oem-box mb-4\">\t\t\t\t<div class=\"oem-box mb-4\">\n\t\t\t\t\t<p class=\"text-sm text-gray-800 font-medium mb-2\">Tipo: <strong>Original Piaggio<\/strong><\/p>\n\t\t\t\t\t<p class=\"text-sm text-gray-700 mb-1\">Componente original Piaggio, dise\u00f1ado para ajuste y rendimiento correctos.<\/p>\n\t\t\t\t\t<p class=\"text-xs text-gray-500 mt-2\">*Las marcas pertenecen a sus respectivos propietarios.<\/p>\n\t\t\t\t<\/div>\n\t\t\t<\/div>\n<section class=\"compatibility-block mb-4\"><section class=\"compatibility-block mb-4\"><div class=\"product-extra-details hide-below-992\"><table class=\"woocommerce-product-attributes\"><tbody><tr><th colspan=\"2\"><span class=\"text-sm font-medium mb-2\">Compatible con:<\/span><\/th><\/tr><tr><th>Modelo del veh\u00edculo \u2013 Prefijo del chasis:<\/th><td><a href=\"https:\/\/damicoline.com\/es\/tienda\/?vx_brand=PIAGGIO&#038;vx_model=APE%20CALESSINO%20422%20E2%20(2007-2012)&#038;vx_engine=LDW422&#038;vx_years=2007-2012\">\ud83d\ude9a PIAGGIO APE CALESSINO 422 E2 (2007-2012) LDW422 (2007-2012) - ZAPT2D4MC, ZAPT3E9AC<\/a><\/td><\/tr><tr><th>Modelo del veh\u00edculo \u2013 Prefijo del chasis:<\/th><td><a href=\"https:\/\/damicoline.com\/es\/tienda\/?vx_brand=PIAGGIO&#038;vx_model=APE%20CLASSIC%20MP601%20E2%20(2006-2013)&#038;vx_engine=LDW422&#038;vx_years=2006-2013\">\ud83d\ude9a PIAGGIO APE CLASSIC MP601 E2 (2006-2013) LDW422 (2006-2013) - MC349B0D26B<\/a><\/td><\/tr><tr><th>Modelo del veh\u00edculo \u2013 Prefijo del chasis:<\/th><td><a href=\"https:\/\/damicoline.com\/es\/tienda\/?vx_brand=PIAGGIO&#038;vx_model=APE%20TM703%20DIESEL%20LCS%20422%20E1%20(2005-2012)&#038;vx_engine=ATD2M&#038;vx_years=2005-2012\">\ud83d\ude9a PIAGGIO APE TM703 DIESEL LCS 422 E1 (2005-2012) ATD2M (2005-2012) - ZAPT10000<\/a><\/td><\/tr><\/tbody><\/table><\/div><\/section><\/section>\n","protected":false},"excerpt":{"rendered":"<p>Junta de culata 1.80 mm (3 marcas) para Piaggio Ape Calessino LDW 422 y Ape 703 TM Diesel LCS 422 Junta de culata con grosor 1.80 mm identificada por 3 marcas. Compatible con motores LDW 422 y LCS 422. Es la versi\u00f3n m\u00e1s gruesa, utilizada cuando las tolerancias del motor requieren mayor compensaci\u00f3n, por ejemplo,<\/p>\n<div class=\"klb-readmore button\"><a class=\"btn link\" href=\"https:\/\/damicoline.com\/es\/producto\/junta-de-culata-1-80mm-3-marcas-para-ape-calessino-y-703\/\">Read More <i class=\"klbth-icon-right-arrow\"><\/i><\/a><\/div>\n","protected":false},"featured_media":14300,"template":"","meta":{"_sitemap_exclude":false,"_sitemap_priority":"","_sitemap_frequency":""},"product_brand":[2672],"product_cat":[1116,420],"product_tag":[3115],"class_list":{"0":"post-14299","1":"product","2":"type-product","3":"status-publish","4":"has-post-thumbnail","6":"product_brand-piaggio","7":"product_cat-culata","8":"product_cat-piezas-del-motor","9":"product_tag-l47756300","11":"first","12":"outofstock","13":"sale","14":"taxable","15":"shipping-taxable","16":"purchasable","17":"product-type-simple"},"_links":{"self":[{"href":"https:\/\/damicoline.com\/es\/wp-json\/wp\/v2\/product\/14299","targetHints":{"allow":["GET"]}}],"collection":[{"href":"https:\/\/damicoline.com\/es\/wp-json\/wp\/v2\/product"}],"about":[{"href":"https:\/\/damicoline.com\/es\/wp-json\/wp\/v2\/types\/product"}],"wp:featuredmedia":[{"embeddable":true,"href":"https:\/\/damicoline.com\/es\/wp-json\/wp\/v2\/media\/14300"}],"wp:attachment":[{"href":"https:\/\/damicoline.com\/es\/wp-json\/wp\/v2\/media?parent=14299"}],"wp:term":[{"taxonomy":"product_brand","embeddable":true,"href":"https:\/\/damicoline.com\/es\/wp-json\/wp\/v2\/product_brand?post=14299"},{"taxonomy":"product_cat","embeddable":true,"href":"https:\/\/damicoline.com\/es\/wp-json\/wp\/v2\/product_cat?post=14299"},{"taxonomy":"product_tag","embeddable":true,"href":"https:\/\/damicoline.com\/es\/wp-json\/wp\/v2\/product_tag?post=14299"}],"curies":[{"name":"wp","href":"https:\/\/api.w.org\/{rel}","templated":true}]}}