{"id":14325,"date":"2025-12-10T18:37:57","date_gmt":"2025-12-10T17:37:57","guid":{"rendered":"https:\/\/damicoline.com\/product\/pompa-olio-tenuta-oring-ape-calessino-ldw422-lcs422\/"},"modified":"2025-12-10T18:45:40","modified_gmt":"2025-12-10T17:45:40","slug":"bomba-de-aceite-con-junta-torica-para-ape-calessino-y-703-diesel","status":"publish","type":"product","link":"https:\/\/damicoline.com\/es\/producto\/bomba-de-aceite-con-junta-torica-para-ape-calessino-y-703-diesel\/","title":{"rendered":"Bomba de aceite con junta t\u00f3rica para Ape Calessino y 703 Diesel"},"content":{"rendered":"<p><strong>Bomba de aceite con junta t\u00f3rica para Piaggio Ape Calessino LDW 422 y Ape 703 TM Diesel LCS 422<\/strong><\/p>\n<p>Bomba de aceite versi\u00f3n con <strong>junta mediante anillo t\u00f3rico<\/strong>, compatible con motores <strong>LDW 422<\/strong> y <strong>LCS 422<\/strong>. En esta variante, la junta entre la bomba y el c\u00e1rter no se realiza mediante una junta plana, sino con un <strong>anillo t\u00f3rico<\/strong> de alta capacidad de sellado.<\/p>\n<p>Esta versi\u00f3n garantiza un montaje m\u00e1s r\u00e1pido, excelente impermeabilidad al aceite y mejor compensaci\u00f3n de las dilataciones t\u00e9rmicas. Recomendada cuando el motor utiliza la configuraci\u00f3n m\u00e1s moderna o cuando se realiza una revisi\u00f3n completa del grupo de lubricaci\u00f3n.<\/p>\n<div class=\"text-sm text-gray-800 font-medium mb-2\"><div class=\"text-sm text-gray-800 font-medium mb-2\"><strong>C\u00f3digos de referencia:<\/strong> L6605121<\/div><\/div>\n<div class=\"oem-box mb-4\">\t\t\t\t<div class=\"oem-box mb-4\">\n\t\t\t\t\t<p class=\"text-sm text-gray-800 font-medium mb-2\">Tipo: <strong>Original Piaggio<\/strong><\/p>\n\t\t\t\t\t<p class=\"text-sm text-gray-700 mb-1\">Componente original Piaggio, dise\u00f1ado para ajuste y rendimiento correctos.<\/p>\n\t\t\t\t\t<p class=\"text-xs text-gray-500 mt-2\">*Las marcas pertenecen a sus respectivos propietarios.<\/p>\n\t\t\t\t<\/div>\n\t\t\t<\/div>\n<section class=\"compatibility-block mb-4\"><section class=\"compatibility-block mb-4\"><div class=\"product-extra-details hide-below-992\"><table class=\"woocommerce-product-attributes\"><tbody><tr><th colspan=\"2\"><span class=\"text-sm font-medium mb-2\">Compatible con:<\/span><\/th><\/tr><tr><th>Modelo del veh\u00edculo \u2013 Prefijo del chasis:<\/th><td><a href=\"https:\/\/damicoline.com\/es\/tienda\/?vx_brand=PIAGGIO&#038;vx_model=APE%20CALESSINO%20422%20E2%20(2007-2012)&#038;vx_engine=LDW422&#038;vx_years=2007-2012\">\ud83d\ude9a PIAGGIO APE CALESSINO 422 E2 (2007-2012) LDW422 (2007-2012) - ZAPT2D4MC, ZAPT3E9AC<\/a><\/td><\/tr><tr><th>Modelo del veh\u00edculo \u2013 Prefijo del chasis:<\/th><td><a href=\"https:\/\/damicoline.com\/es\/tienda\/?vx_brand=PIAGGIO&#038;vx_model=APE%20CLASSIC%20MP601%20E2%20(2006-2013)&#038;vx_engine=LDW422&#038;vx_years=2006-2013\">\ud83d\ude9a PIAGGIO APE CLASSIC MP601 E2 (2006-2013) LDW422 (2006-2013) - MC349B0D26B<\/a><\/td><\/tr><tr><th>Modelo del veh\u00edculo \u2013 Prefijo del chasis:<\/th><td><a href=\"https:\/\/damicoline.com\/es\/tienda\/?vx_brand=PIAGGIO&#038;vx_model=APE%20TM703%20DIESEL%20LCS%20422%20E1%20(2005-2012)&#038;vx_engine=ATD2M&#038;vx_years=2005-2012\">\ud83d\ude9a PIAGGIO APE TM703 DIESEL LCS 422 E1 (2005-2012) ATD2M (2005-2012) - ZAPT10000<\/a><\/td><\/tr><\/tbody><\/table><\/div><\/section><\/section>\n","protected":false},"excerpt":{"rendered":"<p>Bomba de aceite con junta t\u00f3rica para Piaggio Ape Calessino LDW 422 y Ape 703 TM Diesel LCS 422 Bomba de aceite versi\u00f3n con junta mediante anillo t\u00f3rico, compatible con motores LDW 422 y LCS 422. En esta variante, la junta entre la bomba y el c\u00e1rter no se realiza mediante una junta plana, sino<\/p>\n<div class=\"klb-readmore button\"><a class=\"btn link\" href=\"https:\/\/damicoline.com\/es\/producto\/bomba-de-aceite-con-junta-torica-para-ape-calessino-y-703-diesel\/\">Read More <i class=\"klbth-icon-right-arrow\"><\/i><\/a><\/div>\n","protected":false},"featured_media":14326,"template":"","meta":{"_sitemap_exclude":false,"_sitemap_priority":"","_sitemap_frequency":""},"product_brand":[2672],"product_cat":[2632,420],"product_tag":[3122],"class_list":{"0":"post-14325","1":"product","2":"type-product","3":"status-publish","4":"has-post-thumbnail","6":"product_brand-piaggio","7":"product_cat-bomba-de-aceite","8":"product_cat-piezas-del-motor","9":"product_tag-l6605121","11":"first","12":"outofstock","13":"sale","14":"taxable","15":"shipping-taxable","16":"purchasable","17":"product-type-simple"},"_links":{"self":[{"href":"https:\/\/damicoline.com\/es\/wp-json\/wp\/v2\/product\/14325","targetHints":{"allow":["GET"]}}],"collection":[{"href":"https:\/\/damicoline.com\/es\/wp-json\/wp\/v2\/product"}],"about":[{"href":"https:\/\/damicoline.com\/es\/wp-json\/wp\/v2\/types\/product"}],"wp:featuredmedia":[{"embeddable":true,"href":"https:\/\/damicoline.com\/es\/wp-json\/wp\/v2\/media\/14326"}],"wp:attachment":[{"href":"https:\/\/damicoline.com\/es\/wp-json\/wp\/v2\/media?parent=14325"}],"wp:term":[{"taxonomy":"product_brand","embeddable":true,"href":"https:\/\/damicoline.com\/es\/wp-json\/wp\/v2\/product_brand?post=14325"},{"taxonomy":"product_cat","embeddable":true,"href":"https:\/\/damicoline.com\/es\/wp-json\/wp\/v2\/product_cat?post=14325"},{"taxonomy":"product_tag","embeddable":true,"href":"https:\/\/damicoline.com\/es\/wp-json\/wp\/v2\/product_tag?post=14325"}],"curies":[{"name":"wp","href":"https:\/\/api.w.org\/{rel}","templated":true}]}}